{"id":5303,"date":"2026-01-27T09:38:22","date_gmt":"2026-01-27T08:38:22","guid":{"rendered":"https:\/\/entetedemo02.fr\/tid\/?page_id=5303"},"modified":"2026-01-27T09:47:32","modified_gmt":"2026-01-27T08:47:32","slug":"club-participants","status":"publish","type":"page","link":"https:\/\/entetedemo02.fr\/tid\/club-participants\/","title":{"rendered":"Club participants"},"content":{"rendered":"\t\t<div data-elementor-type=\"wp-page\" data-elementor-id=\"5303\" class=\"elementor elementor-5303\">\n\t\t\t\t<div class=\"elementor-element elementor-element-22e53a1 e-flex e-con-boxed e-con e-parent\" data-id=\"22e53a1\" data-element_type=\"container\" data-settings=\"{&quot;background_background&quot;:&quot;classic&quot;}\">\n\t\t\t\t\t<div class=\"e-con-inner\">\n\t\t\t\t<div class=\"elementor-element elementor-element-c30a860 elementor-widget elementor-widget-wcf--title\" data-id=\"c30a860\" data-element_type=\"widget\" data-widget_type=\"wcf--title.default\">\n\t\t\t\t<div class=\"elementor-widget-container\">\n\t\t\t\t\t<h1 class=\"wcf--title\">les clubs <span class=\"highlight\">participants<\/span>\n<\/h1>\t\t\t\t<\/div>\n\t\t\t\t<\/div>\n\t\t\t\t\t<\/div>\n\t\t\t\t<\/div>\n\t\t<div class=\"elementor-element elementor-element-bd5ad91 e-flex e-con-boxed e-con e-parent\" data-id=\"bd5ad91\" data-element_type=\"container\" data-settings=\"{&quot;background_background&quot;:&quot;classic&quot;}\">\n\t\t\t\t\t<div class=\"e-con-inner\">\n\t\t<div class=\"elementor-element elementor-element-6c28b94 e-con-full e-flex e-con e-child\" data-id=\"6c28b94\" data-element_type=\"container\">\n\t\t\t\t<div class=\"elementor-element elementor-element-be62613 elementor-widget elementor-widget-wcf--button\" data-id=\"be62613\" data-element_type=\"widget\" data-widget_type=\"wcf--button.default\">\n\t\t\t\t<div class=\"elementor-widget-container\">\n\t\t\t\t\t\t\t<div class=\"wcf__btn\">\r\n\t\t\t\t\t\t\t<a href=\"https:\/\/entetedemo02.fr\/tid\/clubs-participants\/\" class=\"wcf-btn-default btn-rollover-top\">\r\n\t\t\t\t\t\t\t\t\t\t\u00c9quipes fran\u00e7aises\t\t\t\t<\/a>\r\n\t\t\t\t\t\t<\/div>\r\n\t\t\t\t\t\t<\/div>\n\t\t\t\t<\/div>\n\t\t\t\t<div class=\"elementor-element elementor-element-a28a955 elementor-widget elementor-widget-wcf--button\" data-id=\"a28a955\" data-element_type=\"widget\" data-widget_type=\"wcf--button.default\">\n\t\t\t\t<div class=\"elementor-widget-container\">\n\t\t\t\t\t\t\t<div class=\"wcf__btn\">\r\n\t\t\t\t\t\t\t<a href=\"https:\/\/entetedemo02.fr\/tid\/continent-europeen\/\" class=\"wcf-btn-default btn-rollover-top\">\r\n\t\t\t\t\t\t\t\t\t\tContinent Europ\u00e9en\t\t\t\t<\/a>\r\n\t\t\t\t\t\t<\/div>\r\n\t\t\t\t\t\t<\/div>\n\t\t\t\t<\/div>\n\t\t\t\t<div class=\"elementor-element elementor-element-6a955f7 elementor-widget elementor-widget-wcf--button\" data-id=\"6a955f7\" data-element_type=\"widget\" data-widget_type=\"wcf--button.default\">\n\t\t\t\t<div class=\"elementor-widget-container\">\n\t\t\t\t\t\t\t<div class=\"wcf__btn\">\r\n\t\t\t\t\t\t\t<a href=\"https:\/\/entetedemo02.fr\/tid\/continent-americain\/\" class=\"wcf-btn-default btn-rollover-top\">\r\n\t\t\t\t\t\t\t\t\t\tContinent Am\u00e9ricain\t\t\t\t<\/a>\r\n\t\t\t\t\t\t<\/div>\r\n\t\t\t\t\t\t<\/div>\n\t\t\t\t<\/div>\n\t\t\t\t<\/div>\n\t\t<div class=\"elementor-element elementor-element-5500321 e-con-full e-flex e-con e-child\" data-id=\"5500321\" data-element_type=\"container\">\n\t\t\t\t<div class=\"elementor-element elementor-element-e27ba30 elementor-widget elementor-widget-wcf--button\" data-id=\"e27ba30\" data-element_type=\"widget\" data-widget_type=\"wcf--button.default\">\n\t\t\t\t<div class=\"elementor-widget-container\">\n\t\t\t\t\t\t\t<div class=\"wcf__btn\">\r\n\t\t\t\t\t\t\t<a href=\"https:\/\/entetedemo02.fr\/tid\/continent-africain\/\" class=\"wcf-btn-default btn-rollover-top\">\r\n\t\t\t\t\t\t\t\t\t\tContinent Africain\t\t\t\t<\/a>\r\n\t\t\t\t\t\t<\/div>\r\n\t\t\t\t\t\t<\/div>\n\t\t\t\t<\/div>\n\t\t\t\t<div class=\"elementor-element elementor-element-8f99387 elementor-widget elementor-widget-wcf--button\" data-id=\"8f99387\" data-element_type=\"widget\" data-widget_type=\"wcf--button.default\">\n\t\t\t\t<div class=\"elementor-widget-container\">\n\t\t\t\t\t\t\t<div class=\"wcf__btn\">\r\n\t\t\t\t\t\t\t<a href=\"https:\/\/entetedemo02.fr\/tid\/continent-asiatique\/\" class=\"wcf-btn-default btn-rollover-top\">\r\n\t\t\t\t\t\t\t\t\t\tContinent Asiatique\t\t\t\t<\/a>\r\n\t\t\t\t\t\t<\/div>\r\n\t\t\t\t\t\t<\/div>\n\t\t\t\t<\/div>\n\t\t\t\t<div class=\"elementor-element elementor-element-177c58f elementor-widget elementor-widget-wcf--button\" data-id=\"177c58f\" data-element_type=\"widget\" data-widget_type=\"wcf--button.default\">\n\t\t\t\t<div class=\"elementor-widget-container\">\n\t\t\t\t\t\t\t<div class=\"wcf__btn\">\r\n\t\t\t\t\t\t\t<a href=\"https:\/\/entetedemo02.fr\/tid\/continent-oceanique\/\" class=\"wcf-btn-default btn-rollover-top\">\r\n\t\t\t\t\t\t\t\t\t\tContinent Oc\u00e9anique\t\t\t\t<\/a>\r\n\t\t\t\t\t\t<\/div>\r\n\t\t\t\t\t\t<\/div>\n\t\t\t\t<\/div>\n\t\t\t\t<\/div>\n\t\t\t\t<div class=\"elementor-element elementor-element-d58c792 elementor-widget elementor-widget-image\" data-id=\"d58c792\" data-element_type=\"widget\" data-widget_type=\"image.default\">\n\t\t\t\t<div class=\"elementor-widget-container\">\n\t\t\t\t\t\t\t\t\t\t\t\t\t\t\t<img fetchpriority=\"high\" decoding=\"async\" width=\"512\" height=\"288\" src=\"https:\/\/entetedemo02.fr\/tid\/wp-content\/uploads\/2026\/01\/world-icon-blanc-1.png\" class=\"attachment-large size-large wp-image-5306\" alt=\"\" srcset=\"https:\/\/entetedemo02.fr\/tid\/wp-content\/uploads\/2026\/01\/world-icon-blanc-1.png 512w, https:\/\/entetedemo02.fr\/tid\/wp-content\/uploads\/2026\/01\/world-icon-blanc-1-300x169.png 300w\" sizes=\"(max-width: 512px) 100vw, 512px\" \/>\t\t\t\t\t\t\t\t\t\t\t\t\t\t\t<\/div>\n\t\t\t\t<\/div>\n\t\t\t\t\t<\/div>\n\t\t\t\t<\/div>\n\t\t\t\t<\/div>\n\t\t","protected":false},"excerpt":{"rendered":"<p>les clubs [participants] \u00c9quipes fran\u00e7aises Continent Europ\u00e9en Continent Am\u00e9ricain Continent Africain Continent Asiatique Continent Oc\u00e9anique<\/p>\n","protected":false},"author":1,"featured_media":0,"parent":0,"menu_order":0,"comment_status":"closed","ping_status":"closed","template":"elementor_header_footer","meta":{"footnotes":""},"class_list":["post-5303","page","type-page","status-publish","hentry"],"_links":{"self":[{"href":"https:\/\/entetedemo02.fr\/tid\/wp-json\/wp\/v2\/pages\/5303","targetHints":{"allow":["GET"]}}],"collection":[{"href":"https:\/\/entetedemo02.fr\/tid\/wp-json\/wp\/v2\/pages"}],"about":[{"href":"https:\/\/entetedemo02.fr\/tid\/wp-json\/wp\/v2\/types\/page"}],"author":[{"embeddable":true,"href":"https:\/\/entetedemo02.fr\/tid\/wp-json\/wp\/v2\/users\/1"}],"replies":[{"embeddable":true,"href":"https:\/\/entetedemo02.fr\/tid\/wp-json\/wp\/v2\/comments?post=5303"}],"version-history":[{"count":0,"href":"https:\/\/entetedemo02.fr\/tid\/wp-json\/wp\/v2\/pages\/5303\/revisions"}],"wp:attachment":[{"href":"https:\/\/entetedemo02.fr\/tid\/wp-json\/wp\/v2\/media?parent=5303"}],"curies":[{"name":"wp","href":"https:\/\/api.w.org\/{rel}","templated":true}]}}