{"id":4875,"date":"2026-01-21T09:34:35","date_gmt":"2026-01-21T08:34:35","guid":{"rendered":"https:\/\/entetedemo02.fr\/tid\/?page_id=4875"},"modified":"2026-01-22T15:51:34","modified_gmt":"2026-01-22T14:51:34","slug":"la-rso","status":"publish","type":"page","link":"https:\/\/entetedemo02.fr\/tid\/la-rso\/","title":{"rendered":"La RSO"},"content":{"rendered":"\t\t<div data-elementor-type=\"wp-page\" data-elementor-id=\"4875\" class=\"elementor elementor-4875\">\n\t\t\t\t<div class=\"elementor-element elementor-element-1c4281a e-flex e-con-boxed e-con e-parent\" data-id=\"1c4281a\" data-element_type=\"container\" data-settings=\"{&quot;background_background&quot;:&quot;classic&quot;}\">\n\t\t\t\t\t<div class=\"e-con-inner\">\n\t\t\t\t<div class=\"elementor-element elementor-element-38f31c7 elementor-widget elementor-widget-heading\" data-id=\"38f31c7\" data-element_type=\"widget\" data-widget_type=\"heading.default\">\n\t\t\t\t<div class=\"elementor-widget-container\">\n\t\t\t\t\t<h1 class=\"elementor-heading-title elementor-size-default\">LA RSO<\/h1>\t\t\t\t<\/div>\n\t\t\t\t<\/div>\n\t\t\t\t\t<\/div>\n\t\t\t\t<\/div>\n\t\t<div class=\"elementor-element elementor-element-fd9c6bb e-flex e-con-boxed e-con e-parent\" data-id=\"fd9c6bb\" data-element_type=\"container\" data-settings=\"{&quot;background_background&quot;:&quot;classic&quot;}\">\n\t\t\t\t\t<div class=\"e-con-inner\">\n\t\t\t\t<div class=\"elementor-element elementor-element-8db0def elementor-widget elementor-widget-wcf--title\" data-id=\"8db0def\" data-element_type=\"widget\" data-widget_type=\"wcf--title.default\">\n\t\t\t\t<div class=\"elementor-widget-container\">\n\t\t\t\t\t<h2 class=\"prefix_on_normal wcf--title\">La Responsabilit\u00e9 Soci\u00e9tale des Organisations\n<\/h2>\t\t\t\t<\/div>\n\t\t\t\t<\/div>\n\t\t\t\t<div class=\"elementor-element elementor-element-4a6d187 elementor-widget__width-inherit elementor-widget-mobile_extra__width-inherit elementor-widget-tablet__width-inherit elementor-widget elementor-widget-wcf--text\" data-id=\"4a6d187\" data-element_type=\"widget\" data-widget_type=\"wcf--text.default\">\n\t\t\t\t<div class=\"elementor-widget-container\">\n\t\t\t\t\t<div class=\"wcf--text\"><p>Les principes de la RSO sont d\u00e9j\u00e0 ancr\u00e9s dans la cultures du club. Il est cependant important de revenir sur le r\u00f4le de c\u00e9ateur de liens que sont l\u2019ASD et le TID, mais aussi le travail effectu\u00e9 quant \u00e0 la protection de l\u2019environnement et le traitement des d\u00e9chets\u2026<\/p><\/div>\t\t\t\t<\/div>\n\t\t\t\t<\/div>\n\t\t<div class=\"elementor-element elementor-element-ce578b4 e-flex e-con-boxed e-con e-child\" data-id=\"ce578b4\" data-element_type=\"container\" data-settings=\"{&quot;background_background&quot;:&quot;classic&quot;}\">\n\t\t\t\t\t<div class=\"e-con-inner\">\n\t\t\t\t<div class=\"elementor-element elementor-element-58b62b8 elementor-widget-widescreen__width-initial elementor-widget__width-initial elementor-widget elementor-widget-image\" data-id=\"58b62b8\" data-element_type=\"widget\" data-widget_type=\"image.default\">\n\t\t\t\t<div class=\"elementor-widget-container\">\n\t\t\t\t\t\t\t\t\t\t\t\t\t\t\t<img fetchpriority=\"high\" decoding=\"async\" width=\"800\" height=\"566\" src=\"https:\/\/entetedemo02.fr\/tid\/wp-content\/uploads\/2026\/01\/3-1024x724-1.jpg\" class=\"attachment-large size-large wp-image-4882\" alt=\"\" srcset=\"https:\/\/entetedemo02.fr\/tid\/wp-content\/uploads\/2026\/01\/3-1024x724-1.jpg 1024w, https:\/\/entetedemo02.fr\/tid\/wp-content\/uploads\/2026\/01\/3-1024x724-1-300x212.jpg 300w, https:\/\/entetedemo02.fr\/tid\/wp-content\/uploads\/2026\/01\/3-1024x724-1-768x543.jpg 768w\" sizes=\"(max-width: 800px) 100vw, 800px\" \/>\t\t\t\t\t\t\t\t\t\t\t\t\t\t\t<\/div>\n\t\t\t\t<\/div>\n\t\t\t\t<div class=\"elementor-element elementor-element-1d0be2c elementor-widget-widescreen__width-initial elementor-widget__width-initial elementor-widget elementor-widget-image\" data-id=\"1d0be2c\" data-element_type=\"widget\" data-widget_type=\"image.default\">\n\t\t\t\t<div class=\"elementor-widget-container\">\n\t\t\t\t\t\t\t\t\t\t\t\t\t\t\t<img fetchpriority=\"high\" decoding=\"async\" width=\"800\" height=\"566\" src=\"https:\/\/entetedemo02.fr\/tid\/wp-content\/uploads\/2026\/01\/3-1024x724-1.jpg\" class=\"attachment-large size-large wp-image-4882\" alt=\"\" srcset=\"https:\/\/entetedemo02.fr\/tid\/wp-content\/uploads\/2026\/01\/3-1024x724-1.jpg 1024w, https:\/\/entetedemo02.fr\/tid\/wp-content\/uploads\/2026\/01\/3-1024x724-1-300x212.jpg 300w, https:\/\/entetedemo02.fr\/tid\/wp-content\/uploads\/2026\/01\/3-1024x724-1-768x543.jpg 768w\" sizes=\"(max-width: 800px) 100vw, 800px\" \/>\t\t\t\t\t\t\t\t\t\t\t\t\t\t\t<\/div>\n\t\t\t\t<\/div>\n\t\t\t\t<div class=\"elementor-element elementor-element-3ae364c elementor-widget-widescreen__width-initial elementor-widget__width-initial elementor-widget elementor-widget-image\" data-id=\"3ae364c\" data-element_type=\"widget\" data-widget_type=\"image.default\">\n\t\t\t\t<div class=\"elementor-widget-container\">\n\t\t\t\t\t\t\t\t\t\t\t\t\t\t\t<img fetchpriority=\"high\" decoding=\"async\" width=\"800\" height=\"566\" src=\"https:\/\/entetedemo02.fr\/tid\/wp-content\/uploads\/2026\/01\/3-1024x724-1.jpg\" class=\"attachment-large size-large wp-image-4882\" alt=\"\" srcset=\"https:\/\/entetedemo02.fr\/tid\/wp-content\/uploads\/2026\/01\/3-1024x724-1.jpg 1024w, https:\/\/entetedemo02.fr\/tid\/wp-content\/uploads\/2026\/01\/3-1024x724-1-300x212.jpg 300w, https:\/\/entetedemo02.fr\/tid\/wp-content\/uploads\/2026\/01\/3-1024x724-1-768x543.jpg 768w\" sizes=\"(max-width: 800px) 100vw, 800px\" \/>\t\t\t\t\t\t\t\t\t\t\t\t\t\t\t<\/div>\n\t\t\t\t<\/div>\n\t\t\t\t\t<\/div>\n\t\t\t\t<\/div>\n\t\t\t\t\t<\/div>\n\t\t\t\t<\/div>\n\t\t<div class=\"elementor-element elementor-element-5ae4680 e-flex e-con-boxed e-con e-parent\" data-id=\"5ae4680\" data-element_type=\"container\" data-settings=\"{&quot;background_background&quot;:&quot;classic&quot;}\">\n\t\t\t\t\t<div class=\"e-con-inner\">\n\t\t\t\t<div class=\"elementor-element elementor-element-2fcdf05 elementor-widget elementor-widget-wcf--title\" data-id=\"2fcdf05\" data-element_type=\"widget\" data-widget_type=\"wcf--title.default\">\n\t\t\t\t<div class=\"elementor-widget-container\">\n\t\t\t\t\t<h2 class=\"prefix_on_normal wcf--title\">Le FEF et le CROS Bretagne\n<\/h2>\t\t\t\t<\/div>\n\t\t\t\t<\/div>\n\t\t\t\t<div class=\"elementor-element elementor-element-98617dd elementor-widget__width-inherit elementor-widget-mobile_extra__width-inherit elementor-widget-tablet__width-inherit elementor-widget elementor-widget-wcf--text\" data-id=\"98617dd\" data-element_type=\"widget\" data-widget_type=\"wcf--text.default\">\n\t\t\t\t<div class=\"elementor-widget-container\">\n\t\t\t\t\t<div class=\"wcf--text\"><p>ARNAUD TOUDIC de <strong><a href=\"https:\/\/www.football-ecology.org\/fr\/\" target=\"_blank\" rel=\"noopener\">FOOTBAL ECOLOGIE FRANCE<\/a><\/strong> (FEF) a officialis\u00e9 le partenariat sign\u00e9 cette ann\u00e9e. Cr\u00e9\u00e9 il y a 4 ans, FEF accompagne les clubs, dans la sensibilisation et le d\u00e9veloppement de solutions alternatives pour diminuer leurs impacts carbones. Ces actions se concr\u00e9tisent par la cr\u00e9ation de fresques sur l\u2019environnement pour les plus jeunes, par la recherche de partenaires verts ou par encore une r\u00e9flexion sur les mobilit\u00e9s co-voiturage, bus v\u00e9hicules \u00e9lectriques\u2026. La pr\u00e9sence de FEF lors du tournoi 2024 nous permettra de rechercher des axes de progr\u00e8s et de proposer des solutions alternatives et \u00e9coresponsables pour l\u2019ensemble des stands et commissions.<br \/>Le Comit\u00e9 R\u00e9gional Olympique et Sportif BRETAGNE nous accompagne \u00e9galement dans toutes ces d\u00e9marches<\/p><\/div>\t\t\t\t<\/div>\n\t\t\t\t<\/div>\n\t\t<div class=\"elementor-element elementor-element-fbab649 e-con-full e-flex e-con e-child\" data-id=\"fbab649\" data-element_type=\"container\">\n\t\t\t\t<div class=\"elementor-element elementor-element-231b34d elementor-widget-widescreen__width-initial elementor-widget elementor-widget-image\" data-id=\"231b34d\" data-element_type=\"widget\" data-widget_type=\"image.default\">\n\t\t\t\t<div class=\"elementor-widget-container\">\n\t\t\t\t\t\t\t\t\t\t\t\t\t\t\t<img decoding=\"async\" width=\"150\" height=\"150\" src=\"https:\/\/entetedemo02.fr\/tid\/wp-content\/uploads\/2026\/01\/Foot_Fresque_Ecologique_Logo-150x150.png\" class=\"attachment-thumbnail size-thumbnail wp-image-4884\" alt=\"\" srcset=\"https:\/\/entetedemo02.fr\/tid\/wp-content\/uploads\/2026\/01\/Foot_Fresque_Ecologique_Logo-150x150.png 150w, https:\/\/entetedemo02.fr\/tid\/wp-content\/uploads\/2026\/01\/Foot_Fresque_Ecologique_Logo-100x100.png 100w\" sizes=\"(max-width: 150px) 100vw, 150px\" \/>\t\t\t\t\t\t\t\t\t\t\t\t\t\t\t<\/div>\n\t\t\t\t<\/div>\n\t\t\t\t<div class=\"elementor-element elementor-element-aa4e7a7 elementor-widget-widescreen__width-initial elementor-widget elementor-widget-image\" data-id=\"aa4e7a7\" data-element_type=\"widget\" data-widget_type=\"image.default\">\n\t\t\t\t<div class=\"elementor-widget-container\">\n\t\t\t\t\t\t\t\t\t\t\t\t\t\t\t<img decoding=\"async\" width=\"150\" height=\"150\" src=\"https:\/\/entetedemo02.fr\/tid\/wp-content\/uploads\/2026\/01\/CROS_BRETAGNE_LOGO-150x150.jpg\" class=\"attachment-thumbnail size-thumbnail wp-image-4883\" alt=\"\" srcset=\"https:\/\/entetedemo02.fr\/tid\/wp-content\/uploads\/2026\/01\/CROS_BRETAGNE_LOGO-150x150.jpg 150w, https:\/\/entetedemo02.fr\/tid\/wp-content\/uploads\/2026\/01\/CROS_BRETAGNE_LOGO-300x300.jpg 300w, https:\/\/entetedemo02.fr\/tid\/wp-content\/uploads\/2026\/01\/CROS_BRETAGNE_LOGO-768x768.jpg 768w, https:\/\/entetedemo02.fr\/tid\/wp-content\/uploads\/2026\/01\/CROS_BRETAGNE_LOGO-100x100.jpg 100w, https:\/\/entetedemo02.fr\/tid\/wp-content\/uploads\/2026\/01\/CROS_BRETAGNE_LOGO.jpg 1000w\" sizes=\"(max-width: 150px) 100vw, 150px\" \/>\t\t\t\t\t\t\t\t\t\t\t\t\t\t\t<\/div>\n\t\t\t\t<\/div>\n\t\t\t\t<\/div>\n\t\t<div class=\"elementor-element elementor-element-ad9cf2b e-con-full e-flex e-con e-child\" data-id=\"ad9cf2b\" data-element_type=\"container\">\n\t\t\t\t<div class=\"elementor-element elementor-element-8e22ca8 elementor-widget-widescreen__width-initial elementor-widget elementor-widget-image\" data-id=\"8e22ca8\" data-element_type=\"widget\" data-widget_type=\"image.default\">\n\t\t\t\t<div class=\"elementor-widget-container\">\n\t\t\t\t\t\t\t\t\t\t\t\t\t\t\t<img loading=\"lazy\" decoding=\"async\" width=\"1024\" height=\"576\" src=\"https:\/\/entetedemo02.fr\/tid\/wp-content\/uploads\/2026\/01\/PRESENTATION-CROS-2024-1_Page_2-1024x576-1.jpg\" class=\"attachment-full size-full wp-image-4885\" alt=\"\" srcset=\"https:\/\/entetedemo02.fr\/tid\/wp-content\/uploads\/2026\/01\/PRESENTATION-CROS-2024-1_Page_2-1024x576-1.jpg 1024w, https:\/\/entetedemo02.fr\/tid\/wp-content\/uploads\/2026\/01\/PRESENTATION-CROS-2024-1_Page_2-1024x576-1-300x169.jpg 300w, https:\/\/entetedemo02.fr\/tid\/wp-content\/uploads\/2026\/01\/PRESENTATION-CROS-2024-1_Page_2-1024x576-1-768x432.jpg 768w\" sizes=\"(max-width: 1024px) 100vw, 1024px\" \/>\t\t\t\t\t\t\t\t\t\t\t\t\t\t\t<\/div>\n\t\t\t\t<\/div>\n\t\t\t\t<div class=\"elementor-element elementor-element-f3df15a elementor-widget-widescreen__width-initial elementor-widget elementor-widget-image\" data-id=\"f3df15a\" data-element_type=\"widget\" data-widget_type=\"image.default\">\n\t\t\t\t<div class=\"elementor-widget-container\">\n\t\t\t\t\t\t\t\t\t\t\t\t\t\t\t<img loading=\"lazy\" decoding=\"async\" width=\"1024\" height=\"576\" src=\"https:\/\/entetedemo02.fr\/tid\/wp-content\/uploads\/2026\/01\/PRESENTATION-CROS-2024-1_Page_3-1024x576-1.jpg\" class=\"attachment-full size-full wp-image-4886\" alt=\"\" srcset=\"https:\/\/entetedemo02.fr\/tid\/wp-content\/uploads\/2026\/01\/PRESENTATION-CROS-2024-1_Page_3-1024x576-1.jpg 1024w, https:\/\/entetedemo02.fr\/tid\/wp-content\/uploads\/2026\/01\/PRESENTATION-CROS-2024-1_Page_3-1024x576-1-300x169.jpg 300w, https:\/\/entetedemo02.fr\/tid\/wp-content\/uploads\/2026\/01\/PRESENTATION-CROS-2024-1_Page_3-1024x576-1-768x432.jpg 768w\" sizes=\"(max-width: 1024px) 100vw, 1024px\" \/>\t\t\t\t\t\t\t\t\t\t\t\t\t\t\t<\/div>\n\t\t\t\t<\/div>\n\t\t\t\t<\/div>\n\t\t\t\t\t<\/div>\n\t\t\t\t<\/div>\n\t\t\t\t<\/div>\n\t\t","protected":false},"excerpt":{"rendered":"<p>LA RSO La Responsabilit\u00e9 Soci\u00e9tale des Organisations Les principes de la RSO sont d\u00e9j\u00e0 ancr\u00e9s dans la cultures du club. Il est cependant important de revenir sur le r\u00f4le de c\u00e9ateur de liens que sont l\u2019ASD et le TID, mais aussi le travail effectu\u00e9 quant \u00e0 la protection de l\u2019environnement et le traitement des d\u00e9chets\u2026 [&hellip;]<\/p>\n","protected":false},"author":1,"featured_media":0,"parent":0,"menu_order":0,"comment_status":"closed","ping_status":"closed","template":"elementor_header_footer","meta":{"footnotes":""},"class_list":["post-4875","page","type-page","status-publish","hentry"],"_links":{"self":[{"href":"https:\/\/entetedemo02.fr\/tid\/wp-json\/wp\/v2\/pages\/4875","targetHints":{"allow":["GET"]}}],"collection":[{"href":"https:\/\/entetedemo02.fr\/tid\/wp-json\/wp\/v2\/pages"}],"about":[{"href":"https:\/\/entetedemo02.fr\/tid\/wp-json\/wp\/v2\/types\/page"}],"author":[{"embeddable":true,"href":"https:\/\/entetedemo02.fr\/tid\/wp-json\/wp\/v2\/users\/1"}],"replies":[{"embeddable":true,"href":"https:\/\/entetedemo02.fr\/tid\/wp-json\/wp\/v2\/comments?post=4875"}],"version-history":[{"count":0,"href":"https:\/\/entetedemo02.fr\/tid\/wp-json\/wp\/v2\/pages\/4875\/revisions"}],"wp:attachment":[{"href":"https:\/\/entetedemo02.fr\/tid\/wp-json\/wp\/v2\/media?parent=4875"}],"curies":[{"name":"wp","href":"https:\/\/api.w.org\/{rel}","templated":true}]}}