{"id":4134,"date":"2025-11-24T14:53:57","date_gmt":"2025-11-24T13:53:57","guid":{"rendered":"https:\/\/entetedemo02.fr\/tid\/?page_id=4134"},"modified":"2026-01-22T15:46:26","modified_gmt":"2026-01-22T14:46:26","slug":"les-benevoles","status":"publish","type":"page","link":"https:\/\/entetedemo02.fr\/tid\/les-benevoles\/","title":{"rendered":"Les b\u00e9n\u00e9voles"},"content":{"rendered":"\t\t<div data-elementor-type=\"wp-page\" data-elementor-id=\"4134\" class=\"elementor elementor-4134\">\n\t\t\t\t<div class=\"elementor-element elementor-element-0ece6ea e-flex e-con-boxed e-con e-parent\" data-id=\"0ece6ea\" data-element_type=\"container\" data-settings=\"{&quot;background_background&quot;:&quot;classic&quot;}\">\n\t\t\t\t\t<div class=\"e-con-inner\">\n\t\t\t\t<div class=\"elementor-element elementor-element-2bf9a25 elementor-widget elementor-widget-wcf--title\" data-id=\"2bf9a25\" data-element_type=\"widget\" data-widget_type=\"wcf--title.default\">\n\t\t\t\t<div class=\"elementor-widget-container\">\n\t\t\t\t\t<h1 class=\"wcf--title\">Les B\u00e9n\u00e9voles<\/h1>\t\t\t\t<\/div>\n\t\t\t\t<\/div>\n\t\t\t\t<div class=\"elementor-element elementor-element-d9af028 elementor-widget elementor-widget-wcf--title\" data-id=\"d9af028\" data-element_type=\"widget\" data-widget_type=\"wcf--title.default\">\n\t\t\t\t<div class=\"elementor-widget-container\">\n\t\t\t\t\t<h2 class=\"prefix_on_normal wcf--title\"><span class=\"highlight\">\u00catre b\u00e9n\u00e9vole<\/span> dans une association sportive\n<\/h2>\t\t\t\t<\/div>\n\t\t\t\t<\/div>\n\t\t<div class=\"elementor-element elementor-element-51fd9e3 e-con-full e-flex e-con e-child\" data-id=\"51fd9e3\" data-element_type=\"container\">\n\t\t\t\t<div class=\"elementor-element elementor-element-1b3c925 elementor-widget__width-initial elementor-widget-mobile_extra__width-inherit elementor-widget elementor-widget-text-editor\" data-id=\"1b3c925\" data-element_type=\"widget\" data-widget_type=\"text-editor.default\">\n\t\t\t\t<div class=\"elementor-widget-container\">\n\t\t\t\t\t\t\t\t\t<p style=\"margin-bottom: 20px;\">Sans b\u00e9n\u00e9voles, une association, de type loi 1901, ne peut perdurer. Ils sont l\u2019essence m\u00eame de son fonctionnement.<\/p><p style=\"margin-bottom: 20px;\">Il convient de remercier ici tous ceux qui donnent de leur temps, leurs deniers via le pr\u00eat d\u2019outils par exemple, pour que vive ce \u00e0 quoi ils croient, au service de notre tournoi international ou du club auquel ils appartiennent.<\/p><p style=\"margin-bottom: 20px;\">Dans le m\u00e9c\u00e9nat de chacun, il est possible toutefois de distinguer celui ou celle qui s\u2019implique dans la dur\u00e9e, sollicit\u00e9s parfois quotidiennement. Certaines fonctions sont particuli\u00e8rement prenantes, telles que celle de pr\u00e9sident, de tr\u00e9sorier, de secr\u00e9taire, de membre du conseil d\u2019administration. Ces personnes, hommes et femmes, s\u2019attachant \u00e0 promouvoir et \u00e0 partager leur passion, participent totalement \u00e0 la r\u00e9ussite des \u00e9v\u00e8nements sportifs, tout en drainant ceux qui occasionnellement contribuent \u00e0 la bonne marche.<\/p><p>Souvent dans l\u2019ombre, le b\u00e9n\u00e9vole m\u00e9rite d\u2019\u00eatre applaudi, \u00e0 d\u00e9faut d\u2019\u00eatre reconnu. Alors, si vous reconnaissez, ici \u00e0 DIRINON, des gens fiers de leurs actions, adressez leurs tous vos encouragements et congratulez les.<\/p>\t\t\t\t\t\t\t\t<\/div>\n\t\t\t\t<\/div>\n\t\t\t\t<div class=\"elementor-element elementor-element-017a144 elementor-widget elementor-widget-video\" data-id=\"017a144\" data-element_type=\"widget\" data-settings=\"{&quot;youtube_url&quot;:&quot;https:\\\/\\\/youtu.be\\\/KEQZpSJK9Os?si=8UflYEU4yYbuDRf_&quot;,&quot;autoplay&quot;:&quot;yes&quot;,&quot;video_type&quot;:&quot;youtube&quot;,&quot;controls&quot;:&quot;yes&quot;}\" data-widget_type=\"video.default\">\n\t\t\t\t<div class=\"elementor-widget-container\">\n\t\t\t\t\t\t\t<div class=\"elementor-wrapper elementor-open-inline\">\n\t\t\t<div class=\"elementor-video\"><\/div>\t\t<\/div>\n\t\t\t\t\t\t<\/div>\n\t\t\t\t<\/div>\n\t\t\t\t<\/div>\n\t\t\t\t\t<\/div>\n\t\t\t\t<\/div>\n\t\t<div class=\"elementor-element elementor-element-fd9c6bb e-flex e-con-boxed e-con e-parent\" data-id=\"fd9c6bb\" data-element_type=\"container\" data-settings=\"{&quot;background_background&quot;:&quot;classic&quot;}\">\n\t\t\t\t\t<div class=\"e-con-inner\">\n\t\t<div class=\"elementor-element elementor-element-26b325e e-con-full e-flex e-con e-child\" data-id=\"26b325e\" data-element_type=\"container\">\n\t\t\t\t<div class=\"elementor-element elementor-element-8efcc39 elementor-widget elementor-widget-image\" data-id=\"8efcc39\" data-element_type=\"widget\" data-widget_type=\"image.default\">\n\t\t\t\t<div class=\"elementor-widget-container\">\n\t\t\t\t\t\t\t\t\t\t\t\t\t\t\t<img fetchpriority=\"high\" decoding=\"async\" width=\"800\" height=\"446\" src=\"https:\/\/entetedemo02.fr\/tid\/wp-content\/uploads\/2025\/11\/les-arbitres-2022.webp\" class=\"attachment-large size-large wp-image-4136\" alt=\"\" srcset=\"https:\/\/entetedemo02.fr\/tid\/wp-content\/uploads\/2025\/11\/les-arbitres-2022.webp 1024w, https:\/\/entetedemo02.fr\/tid\/wp-content\/uploads\/2025\/11\/les-arbitres-2022-300x167.webp 300w, https:\/\/entetedemo02.fr\/tid\/wp-content\/uploads\/2025\/11\/les-arbitres-2022-768x428.webp 768w\" sizes=\"(max-width: 800px) 100vw, 800px\" \/>\t\t\t\t\t\t\t\t\t\t\t\t\t\t\t<\/div>\n\t\t\t\t<\/div>\n\t\t\t\t<\/div>\n\t\t<div class=\"elementor-element elementor-element-2ea2a9e e-con-full e-flex e-con e-child\" data-id=\"2ea2a9e\" data-element_type=\"container\" data-settings=\"{&quot;background_background&quot;:&quot;classic&quot;}\">\n\t\t\t\t<div class=\"elementor-element elementor-element-8db0def elementor-widget elementor-widget-wcf--title\" data-id=\"8db0def\" data-element_type=\"widget\" data-widget_type=\"wcf--title.default\">\n\t\t\t\t<div class=\"elementor-widget-container\">\n\t\t\t\t\t<h2 class=\"prefix_on_normal wcf--title\">Les arbitres<\/h2>\t\t\t\t<\/div>\n\t\t\t\t<\/div>\n\t\t<div class=\"elementor-element elementor-element-aedeac8 e-con-full e-flex e-con e-child\" data-id=\"aedeac8\" data-element_type=\"container\" data-settings=\"{&quot;background_background&quot;:&quot;classic&quot;}\">\n\t\t\t\t<div class=\"elementor-element elementor-element-4a6d187 elementor-widget__width-inherit elementor-widget-mobile_extra__width-inherit elementor-widget-tablet__width-inherit elementor-widget elementor-widget-wcf--text\" data-id=\"4a6d187\" data-element_type=\"widget\" data-widget_type=\"wcf--text.default\">\n\t\t\t\t<div class=\"elementor-widget-container\">\n\t\t\t\t\t<div class=\"wcf--text\"><p style=\"margin-bottom:20px\">Qui sont nos arbitres au tournoi international de Dirinon ?<\/p>\n\nLes arbitres du Tournoi International sont des officiels volontaires, b\u00e9n\u00e9voles dont la mission est de permettre, aux jeunes gar\u00e7ons et filles venant du Monde entier , d\u2019en \u00ab d\u00e9coudre \u00bb dans le meilleur esprit sportif. Certains reviennent depuis des ann\u00e9es, d\u2019autres s\u2019initient aujourd\u2019hui \u00e0 notre bel \u00e9v\u00e8nement sportif. Venant parfois d\u2019horizon divers (Belgique, Ile de la R\u00e9union, Bourg en Bresse, District du Var), ils contribuent totalement \u00e0 la r\u00e9ussite de notre weekend end de la Pentec\u00f4te.<\/div>\t\t\t\t<\/div>\n\t\t\t\t<\/div>\n\t\t\t\t<\/div>\n\t\t\t\t<\/div>\n\t\t\t\t\t<\/div>\n\t\t\t\t<\/div>\n\t\t<div class=\"elementor-element elementor-element-6bf5ba4 e-flex e-con-boxed e-con e-parent\" data-id=\"6bf5ba4\" data-element_type=\"container\" data-settings=\"{&quot;background_background&quot;:&quot;classic&quot;}\">\n\t\t\t\t\t<div class=\"e-con-inner\">\n\t\t\t\t<div class=\"elementor-element elementor-element-976b56c img-box-wrap-left wcf--image-effect-zoom-in elementor-widget elementor-widget-wcf--image-box-slider\" data-id=\"976b56c\" data-element_type=\"widget\" data-widget_type=\"wcf--image-box-slider.default\">\n\t\t\t\t<div class=\"elementor-widget-container\">\n\t\t\t\t\t\t\t<div class=\"wcf__slider-wrapper wcf__image-box-slider\" data-settings=\"{&quot;loop&quot;:true,&quot;speed&quot;:500,&quot;allowTouchMove&quot;:false,&quot;slidesPerView&quot;:&quot;3&quot;,&quot;spaceBetween&quot;:100,&quot;autoplay&quot;:{&quot;delay&quot;:3000,&quot;disableOnInteraction&quot;:&quot;true&quot;},&quot;navigation&quot;:{&quot;nextEl&quot;:&quot;.elementor-element-976b56c .wcf-arrow-next&quot;,&quot;prevEl&quot;:&quot;.elementor-element-976b56c .wcf-arrow-prev&quot;},&quot;breakpoints&quot;:{&quot;767&quot;:{&quot;slidesPerView&quot;:&quot;1&quot;,&quot;spaceBetween&quot;:100},&quot;880&quot;:{&quot;slidesPerView&quot;:&quot;2&quot;,&quot;spaceBetween&quot;:100},&quot;1024&quot;:{&quot;slidesPerView&quot;:&quot;3&quot;,&quot;spaceBetween&quot;:100},&quot;1200&quot;:{&quot;slidesPerView&quot;:&quot;3&quot;,&quot;spaceBetween&quot;:100},&quot;1366&quot;:{&quot;slidesPerView&quot;:&quot;3&quot;,&quot;spaceBetween&quot;:100},&quot;2400&quot;:{&quot;slidesPerView&quot;:&quot;3&quot;,&quot;spaceBetween&quot;:100}},&quot;centeredSlides&quot;:&quot;&quot;,&quot;effect&quot;:&quot;slide&quot;,&quot;direction&quot;:&quot;horizontal&quot;}\">\r\n\r\n            <div class=\"wcf__slider swiper\" dir=\"ltr\" style=\"position: static\">\r\n                <div class=\"swiper-wrapper\">\r\n\t                        <div class=\"swiper-slide\">\r\n\t\t\t\r\n            <div class=\"wcf--image-box style-1\" >\r\n            <div class=\"thumb\">\r\n\t            <img decoding=\"async\" class=\"swiper-slide-image\" src=\"https:\/\/entetedemo02.fr\/tid\/wp-content\/uploads\/2025\/11\/EMA_0669.webp\" alt=\"EMA_0669\" \/>\t\t\t\t            <\/div>\r\n\r\n            <div class=\"content\">\r\n                <div class=\"wrap\">\r\n\t\t\t\t\t\r\n\t\t\t\t\t\r\n                                        <div class=\"title-wrap\">\r\n                        \r\n                        <h4 class=\"title\">\r\n\t                                            <\/h4>\r\n                    <\/div>\r\n                     \r\n                    \r\n                                    <\/div>\r\n            <\/div>\r\n        <\/div>\r\n\r\n        <\/div>\r\n\t\t        <div class=\"swiper-slide\">\r\n\t\t\t\r\n            <div class=\"wcf--image-box style-1 wcf--image-box style-1\" >\r\n            <div class=\"thumb\">\r\n\t            <img decoding=\"async\" class=\"swiper-slide-image\" src=\"https:\/\/entetedemo02.fr\/tid\/wp-content\/uploads\/2025\/11\/EMA_0651.webp\" alt=\"EMA_0651\" \/>\t\t\t\t            <\/div>\r\n\r\n            <div class=\"content\">\r\n                <div class=\"wrap\">\r\n\t\t\t\t\t\r\n\t\t\t\t\t\r\n                                        <div class=\"title-wrap\">\r\n                        \r\n                        <h4 class=\"title\">\r\n\t                                            <\/h4>\r\n                    <\/div>\r\n                     \r\n                    \r\n                                    <\/div>\r\n            <\/div>\r\n        <\/div>\r\n\r\n        <\/div>\r\n\t\t        <div class=\"swiper-slide\">\r\n\t\t\t\r\n            <div class=\"wcf--image-box style-1 wcf--image-box style-1 wcf--image-box style-1\" >\r\n            <div class=\"thumb\">\r\n\t            <img decoding=\"async\" class=\"swiper-slide-image\" src=\"https:\/\/entetedemo02.fr\/tid\/wp-content\/uploads\/2025\/11\/EMA_0368.webp\" alt=\"EMA_0368\" \/>\t\t\t\t            <\/div>\r\n\r\n            <div class=\"content\">\r\n                <div class=\"wrap\">\r\n\t\t\t\t\t\r\n\t\t\t\t\t\r\n                                        <div class=\"title-wrap\">\r\n                        \r\n                        <h4 class=\"title\">\r\n\t                                            <\/h4>\r\n                    <\/div>\r\n                     \r\n                    \r\n                                    <\/div>\r\n            <\/div>\r\n        <\/div>\r\n\r\n        <\/div>\r\n\t\t        <div class=\"swiper-slide\">\r\n\t\t\t\r\n            <div class=\"wcf--image-box style-1 wcf--image-box style-1 wcf--image-box style-1 wcf--image-box style-1\" >\r\n            <div class=\"thumb\">\r\n\t            <img decoding=\"async\" class=\"swiper-slide-image\" src=\"https:\/\/entetedemo02.fr\/tid\/wp-content\/uploads\/2025\/11\/EMA_0340.webp\" alt=\"EMA_0340\" \/>\t\t\t\t            <\/div>\r\n\r\n            <div class=\"content\">\r\n                <div class=\"wrap\">\r\n\t\t\t\t\t\r\n\t\t\t\t\t\r\n                                        <div class=\"title-wrap\">\r\n                        \r\n                        <h4 class=\"title\">\r\n\t                                            <\/h4>\r\n                    <\/div>\r\n                     \r\n                    \r\n                                    <\/div>\r\n            <\/div>\r\n        <\/div>\r\n\r\n        <\/div>\r\n\t\t        <div class=\"swiper-slide\">\r\n\t\t\t\r\n            <div class=\"wcf--image-box style-1 wcf--image-box style-1 wcf--image-box style-1 wcf--image-box style-1 wcf--image-box style-1\" >\r\n            <div class=\"thumb\">\r\n\t            <img decoding=\"async\" class=\"swiper-slide-image\" src=\"https:\/\/entetedemo02.fr\/tid\/wp-content\/uploads\/2025\/11\/EMA_0228.webp\" alt=\"EMA_0228\" \/>\t\t\t\t            <\/div>\r\n\r\n            <div class=\"content\">\r\n                <div class=\"wrap\">\r\n\t\t\t\t\t\r\n\t\t\t\t\t\r\n                                        <div class=\"title-wrap\">\r\n                        \r\n                        <h4 class=\"title\">\r\n\t                                            <\/h4>\r\n                    <\/div>\r\n                     \r\n                    \r\n                                    <\/div>\r\n            <\/div>\r\n        <\/div>\r\n\r\n        <\/div>\r\n\t\t                <\/div>\r\n            <\/div>\r\n\r\n            <!-- navigation and pagination -->\r\n\t\t\t\t\t\t\t        <div class=\"ts-navigation\">\r\n            <div class=\"wcf-arrow wcf-arrow-prev\" role=\"button\" tabindex=\"0\">\r\n\t\t\t\t<svg aria-hidden=\"true\" class=\"e-font-icon-svg e-eicon-chevron-left\" viewBox=\"0 0 1000 1000\" xmlns=\"http:\/\/www.w3.org\/2000\/svg\"><path d=\"M646 125C629 125 613 133 604 142L308 442C296 454 292 471 292 487 292 504 296 521 308 533L604 854C617 867 629 875 646 875 663 875 679 871 692 858 704 846 713 829 713 812 713 796 708 779 692 767L438 487 692 225C700 217 708 204 708 187 708 171 704 154 692 142 675 129 663 125 646 125Z\"><\/path><\/svg>            <\/div>\r\n            <div class=\"wcf-arrow wcf-arrow-next\" role=\"button\" tabindex=\"0\">\r\n\t\t\t\t<svg aria-hidden=\"true\" class=\"e-font-icon-svg e-eicon-chevron-right\" viewBox=\"0 0 1000 1000\" xmlns=\"http:\/\/www.w3.org\/2000\/svg\"><path d=\"M696 533C708 521 713 504 713 487 713 471 708 454 696 446L400 146C388 133 375 125 354 125 338 125 325 129 313 142 300 154 292 171 292 187 292 204 296 221 308 233L563 492 304 771C292 783 288 800 288 817 288 833 296 850 308 863 321 871 338 875 354 875 371 875 388 867 400 854L696 533Z\"><\/path><\/svg>            <\/div>\r\n        <\/div>\r\n\t\t\t\t\t\t\t\t\t        <\/div>\r\n        \t\t\t\t<\/div>\n\t\t\t\t<\/div>\n\t\t\t\t\t<\/div>\n\t\t\t\t<\/div>\n\t\t\t\t<\/div>\n\t\t","protected":false},"excerpt":{"rendered":"<p>Les B\u00e9n\u00e9voles[\u00catre b\u00e9n\u00e9vole] dans une association sportive Sans b\u00e9n\u00e9voles, une association, de type loi 1901, ne peut perdurer. Ils sont l\u2019essence m\u00eame de son fonctionnement. Il convient de remercier ici tous ceux qui donnent de leur temps, leurs deniers via le pr\u00eat d\u2019outils par exemple, pour que vive ce \u00e0 quoi ils croient, au service [&hellip;]<\/p>\n","protected":false},"author":1,"featured_media":0,"parent":0,"menu_order":0,"comment_status":"closed","ping_status":"closed","template":"elementor_header_footer","meta":{"footnotes":""},"class_list":["post-4134","page","type-page","status-publish","hentry"],"_links":{"self":[{"href":"https:\/\/entetedemo02.fr\/tid\/wp-json\/wp\/v2\/pages\/4134","targetHints":{"allow":["GET"]}}],"collection":[{"href":"https:\/\/entetedemo02.fr\/tid\/wp-json\/wp\/v2\/pages"}],"about":[{"href":"https:\/\/entetedemo02.fr\/tid\/wp-json\/wp\/v2\/types\/page"}],"author":[{"embeddable":true,"href":"https:\/\/entetedemo02.fr\/tid\/wp-json\/wp\/v2\/users\/1"}],"replies":[{"embeddable":true,"href":"https:\/\/entetedemo02.fr\/tid\/wp-json\/wp\/v2\/comments?post=4134"}],"version-history":[{"count":0,"href":"https:\/\/entetedemo02.fr\/tid\/wp-json\/wp\/v2\/pages\/4134\/revisions"}],"wp:attachment":[{"href":"https:\/\/entetedemo02.fr\/tid\/wp-json\/wp\/v2\/media?parent=4134"}],"curies":[{"name":"wp","href":"https:\/\/api.w.org\/{rel}","templated":true}]}}