{"id":35207,"date":"2025-12-02T10:10:12","date_gmt":"2025-12-02T09:10:12","guid":{"rendered":"https:\/\/entetedemo02.fr\/mobabois\/?page_id=35207"},"modified":"2025-12-02T10:26:42","modified_gmt":"2025-12-02T09:26:42","slug":"mentions-legales","status":"publish","type":"page","link":"https:\/\/entetedemo02.fr\/mobabois\/mentions-legales\/","title":{"rendered":"Mentions l\u00e9gales"},"content":{"rendered":"\t\t<div data-elementor-type=\"wp-page\" data-elementor-id=\"35207\" class=\"elementor elementor-35207\">\n\t\t\t\t\t\t<section class=\"elementor-section elementor-top-section elementor-element elementor-element-2cdfbdd7 elementor-section-boxed elementor-section-height-default elementor-section-height-default sc_fly_static\" data-id=\"2cdfbdd7\" data-element_type=\"section\" data-settings=\"{&quot;background_background&quot;:&quot;classic&quot;}\">\n\t\t\t\t\t\t<div class=\"elementor-container elementor-column-gap-extended\">\n\t\t\t\t\t<div class=\"elementor-column elementor-col-100 elementor-top-column elementor-element elementor-element-275265dd sc_content_align_inherit sc_layouts_column_icons_position_left sc_fly_static\" data-id=\"275265dd\" data-element_type=\"column\">\n\t\t\t<div class=\"elementor-widget-wrap elementor-element-populated\">\n\t\t\t\t\t\t<div class=\"elementor-element elementor-element-2e74fa00 sc_fly_static elementor-widget elementor-widget-text-editor\" data-id=\"2e74fa00\" data-element_type=\"widget\" data-widget_type=\"text-editor.default\">\n\t\t\t\t<div class=\"elementor-widget-container\">\n\t\t\t\t\t\t\t\t\t<p><strong>1. Propri\u00e9taire du site<\/strong><\/p><p>Nom du site : Mobabois<\/p><p>URL du site :\u00a0<a href=\"https:\/\/mobabois.com\/\">https:\/\/mobabois.com\/<\/a><\/p><p>Raison sociale : SARL MOBABOIS<\/p><p>Adresse : 283 RUE STEPHANE DUC 73310 SERRIERES-EN-CHAUTAGNE<\/p><p>Directeur de la publication : Mobabois<\/p><p><span style=\"font-weight: bold; font-family: var( --e-global-typography-text-font-family ), Sans-serif; text-align: var(--text-align);\">2. Cr\u00e9ation du site<\/span><\/p><p>Le site Mobabois a \u00e9t\u00e9 con\u00e7u et d\u00e9velopp\u00e9 par : Studio en T\u00eate<\/p><p>Adresse : 35 bis, rue Tourot \u2013 29200 BREST, France<\/p><p><strong style=\"font-family: var( --e-global-typography-text-font-family ), Sans-serif; text-align: var(--text-align);\">3. H\u00e9bergement<\/strong><\/p><p>Le site Mobabois est h\u00e9berg\u00e9 par :<\/p><p>Nom de l&rsquo;h\u00e9bergeur : OVH<\/p><p>Adresse : 2 rue Kellermann \u2013 BP 80157 59053 ROUBAIX CEDEX 1, France<\/p><p><strong>4. Contact<\/strong><\/p><p>Pour toute question ou demande d&rsquo;information concernant le site, vous pouvez nous contacter par :<\/p><p>T\u00e9l\u00e9phone : <a class=\"custom_links_list_item_link\" href=\"https:\/\/entetedemo02.fr\/mobabois\/lentreprise\/#\"><span class=\"custom_links_list_item_title\">+33 (0)3 84 42 86 54<\/span><\/a><\/p><p><strong>5. Identification de l&rsquo;entreprise<\/strong><\/p><p>Num\u00e9ro SIRET : 34810854900059<\/p><p><strong>6. Protection des donn\u00e9es personnelles<\/strong><\/p><p>Mobabois s&rsquo;engage \u00e0 ce que la collecte et le traitement de vos donn\u00e9es, effectu\u00e9s \u00e0 partir du site <a href=\"https:\/\/mobabois.com\/\">https:\/\/mobabois.com\/<\/a>, soient conformes au r\u00e8glement g\u00e9n\u00e9ral sur la protection des donn\u00e9es (RGPD). Pour plus d&rsquo;informations, veuillez consulter notre Politique de Confidentialit\u00e9.<\/p><p><strong>7. Propri\u00e9t\u00e9 intellectuelle<\/strong><\/p><p>Le contenu pr\u00e9sent sur le site Mobabois, incluant, de mani\u00e8re non limitative, les textes, graphismes, images, logos, et ic\u00f4nes, est la propri\u00e9t\u00e9 exclusive de Mobabois, \u00e0 l&rsquo;exception des marques, logos ou contenus appartenant \u00e0 d&rsquo;autres soci\u00e9t\u00e9s partenaires ou auteurs.<\/p><p>Toute reproduction, distribution, modification, adaptation, retransmission ou publication, m\u00eame partielle, de ces diff\u00e9rents \u00e9l\u00e9ments est strictement interdite sans l&rsquo;accord expr\u00e8s par \u00e9crit de Mobabois. Cette repr\u00e9sentation ou reproduction, par quelque proc\u00e9d\u00e9 que ce soit, constitue une contrefa\u00e7on sanctionn\u00e9e par les articles L.335-2 et suivants du Code de la propri\u00e9t\u00e9 intellectuelle.<\/p><p><strong>8. Limitation de responsabilit\u00e9<\/strong><\/p><p>Mobabois ne pourra \u00eatre tenu responsable des dommages directs et indirects caus\u00e9s au mat\u00e9riel de l&rsquo;utilisateur, lors de l&rsquo;acc\u00e8s au site <a href=\"https:\/\/mobabois.com\/\">https:\/\/mobabois.com\/<\/a>, et r\u00e9sultant soit de l&rsquo;utilisation d&rsquo;un mat\u00e9riel ne r\u00e9pondant pas aux sp\u00e9cifications indiqu\u00e9es, soit de l&rsquo;apparition d&rsquo;un bug ou d&rsquo;une incompatibilit\u00e9.<\/p><p>Mobabois ne pourra \u00e9galement \u00eatre tenu responsable des dommages indirects (tels par exemple qu\u2019une perte de march\u00e9 ou perte d\u2019une chance) cons\u00e9cutifs \u00e0 l\u2019utilisation du <a href=\"https:\/\/mobabois.com\/\">https:\/\/mobabois.com\/<\/a><\/p><p><!-- \/wp:paragraph --><\/p><p><!-- \/wp:paragraph --><\/p><p><!-- \/wp:paragraph --><\/p>\t\t\t\t\t\t\t\t<\/div>\n\t\t\t\t<\/div>\n\t\t\t\t\t<\/div>\n\t\t<\/div>\n\t\t\t\t\t<\/div>\n\t\t<\/section>\n\t\t\t\t<\/div>\n\t\t","protected":false},"excerpt":{"rendered":"<p>1. Propri\u00e9taire du site Nom du site : Mobabois URL du site :\u00a0https:\/\/mobabois.com\/ Raison sociale : SARL MOBABOIS Adresse : 283 RUE STEPHANE DUC 73310 SERRIERES-EN-CHAUTAGNE Directeur de la publication&hellip;<\/p>\n","protected":false},"author":1,"featured_media":0,"parent":0,"menu_order":0,"comment_status":"closed","ping_status":"closed","template":"","meta":{"_acf_changed":false,"footnotes":""},"class_list":["post-35207","page","type-page","status-publish","hentry"],"acf":[],"_links":{"self":[{"href":"https:\/\/entetedemo02.fr\/mobabois\/wp-json\/wp\/v2\/pages\/35207","targetHints":{"allow":["GET"]}}],"collection":[{"href":"https:\/\/entetedemo02.fr\/mobabois\/wp-json\/wp\/v2\/pages"}],"about":[{"href":"https:\/\/entetedemo02.fr\/mobabois\/wp-json\/wp\/v2\/types\/page"}],"author":[{"embeddable":true,"href":"https:\/\/entetedemo02.fr\/mobabois\/wp-json\/wp\/v2\/users\/1"}],"replies":[{"embeddable":true,"href":"https:\/\/entetedemo02.fr\/mobabois\/wp-json\/wp\/v2\/comments?post=35207"}],"version-history":[{"count":5,"href":"https:\/\/entetedemo02.fr\/mobabois\/wp-json\/wp\/v2\/pages\/35207\/revisions"}],"predecessor-version":[{"id":35217,"href":"https:\/\/entetedemo02.fr\/mobabois\/wp-json\/wp\/v2\/pages\/35207\/revisions\/35217"}],"wp:attachment":[{"href":"https:\/\/entetedemo02.fr\/mobabois\/wp-json\/wp\/v2\/media?parent=35207"}],"curies":[{"name":"wp","href":"https:\/\/api.w.org\/{rel}","templated":true}]}}