{"id":34932,"date":"2025-10-30T08:38:45","date_gmt":"2025-10-30T07:38:45","guid":{"rendered":"https:\/\/entetedemo02.fr\/mobabois\/?page_id=34932"},"modified":"2025-12-01T15:29:23","modified_gmt":"2025-12-01T14:29:23","slug":"nos-engagements","status":"publish","type":"page","link":"https:\/\/entetedemo02.fr\/mobabois\/nos-engagements\/","title":{"rendered":"Nos engagements"},"content":{"rendered":"\t\t<div data-elementor-type=\"wp-page\" data-elementor-id=\"34932\" class=\"elementor elementor-34932\">\n\t\t\t\t\t\t<section class=\"elementor-section elementor-top-section elementor-element elementor-element-2823f17 elementor-section-boxed elementor-section-height-default elementor-section-height-default sc_fly_static\" data-id=\"2823f17\" data-element_type=\"section\">\n\t\t\t\t\t\t<div class=\"elementor-container elementor-column-gap-extended\">\n\t\t\t\t\t<div class=\"elementor-column elementor-col-100 elementor-top-column elementor-element elementor-element-5bde487 sc_content_align_inherit sc_layouts_column_icons_position_left sc_fly_static\" data-id=\"5bde487\" data-element_type=\"column\">\n\t\t\t<div class=\"elementor-widget-wrap elementor-element-populated\">\n\t\t\t\t\t\t<div class=\"elementor-element elementor-element-610ca99 sc_fly_static elementor-widget elementor-widget-slider_revolution\" data-id=\"610ca99\" data-element_type=\"widget\" data-widget_type=\"slider_revolution.default\">\n\t\t\t\t<div class=\"elementor-widget-container\">\n\t\t\t\t\t\n\t\t<div class=\"wp-block-themepunch-revslider\">\n\t\t\t<!-- START Engagements REVOLUTION SLIDER 6.7.36 --><p class=\"rs-p-wp-fix\"><\/p>\n\t\t\t<rs-module-wrap id=\"rev_slider_8_1_wrapper\" data-source=\"gallery\" style=\"visibility:hidden;background:transparent;padding:0;margin:0px auto;margin-top:0;margin-bottom:0;\">\n\t\t\t\t<rs-module id=\"rev_slider_8_1\" style=\"\" data-version=\"6.7.36\">\n\t\t\t\t\t<rs-slides style=\"overflow: hidden; position: absolute;\">\n\t\t\t\t\t\t<rs-slide style=\"position: absolute;\" data-key=\"rs-17\" data-title=\"Slide\" data-anim=\"ms:1000ms;\" data-in=\"o:0;\" data-out=\"a:false;\">\n\t\t\t\t\t\t\t<img fetchpriority=\"high\" decoding=\"async\" src=\"\/\/entetedemo02.fr\/mobabois\/wp-content\/plugins\/revslider\/sr6\/assets\/assets\/dummy.png\" alt=\"\" title=\"foret\" width=\"2000\" height=\"1026\" class=\"rev-slidebg tp-rs-img rs-lazyload\" data-lazyload=\"\/\/entetedemo02.fr\/mobabois\/wp-content\/uploads\/2025\/10\/foret.webp\" data-parallax=\"off\" data-panzoom=\"d:10000;ss:100;se:110%;\" data-no-retina>\n<!--\n\t\t\t\t\t\t\t--><rs-layer\n\t\t\t\t\t\t\t\tid=\"slider-8-slide-17-layer-1\" \n\t\t\t\t\t\t\t\tdata-type=\"image\"\n\t\t\t\t\t\t\t\tdata-rsp_ch=\"on\"\n\t\t\t\t\t\t\t\tdata-xy=\"x:c;y:m;yo:40px,30px,16px,9px;\"\n\t\t\t\t\t\t\t\tdata-text=\"w:normal;s:20,15,8,4;l:0,18,9,6;\"\n\t\t\t\t\t\t\t\tdata-dim=\"w:507px,380px,205px,126px;h:504px,378px,204px,125px;\"\n\t\t\t\t\t\t\t\tdata-frame_1=\"e:power4.inOut;sp:1500;\"\n\t\t\t\t\t\t\t\tdata-frame_999=\"o:0;st:w;\"\n\t\t\t\t\t\t\t\tstyle=\"z-index:8;\"\n\t\t\t\t\t\t\t><img decoding=\"async\" src=\"\/\/entetedemo02.fr\/mobabois\/wp-content\/plugins\/revslider\/sr6\/assets\/assets\/dummy.png\" alt=\"\" class=\"tp-rs-img rs-lazyload\" width=\"825\" height=\"820\" data-lazyload=\"\/\/entetedemo02.fr\/mobabois\/wp-content\/uploads\/2025\/10\/mb.webp\" data-no-retina> \n\t\t\t\t\t\t\t<\/rs-layer><!--\n-->\t\t\t\t\t<\/rs-slide>\n\t\t\t\t\t<\/rs-slides>\n\t\t\t\t\t<rs-static-layers><!--\n\t\t\t\t\t--><\/rs-static-layers>\n\t\t\t\t<\/rs-module>\n\t\t\t\t<script>\n\t\t\t\t\tsetREVStartSize({c: 'rev_slider_8_1',rl:[1240,1460,785,500],el:[700,660,680,580],gw:[1920,1440,778,480],gh:[700,660,680,580],type:'standard',justify:'',layout:'fullwidth',mh:\"0\"});if (window.RS_MODULES!==undefined && window.RS_MODULES.modules!==undefined && window.RS_MODULES.modules[\"revslider81\"]!==undefined) {window.RS_MODULES.modules[\"revslider81\"].once = false;window.revapi8 = undefined;if (window.RS_MODULES.checkMinimal!==undefined) window.RS_MODULES.checkMinimal()}\n\t\t\t\t<\/script>\n\t\t\t<\/rs-module-wrap>\n\t\t\t<!-- END REVOLUTION SLIDER -->\n<\/div>\n\n\t\t\t\t\t\t<\/div>\n\t\t\t\t<\/div>\n\t\t\t\t\t<\/div>\n\t\t<\/div>\n\t\t\t\t\t<\/div>\n\t\t<\/section>\n\t\t<div class=\"elementor-element elementor-element-c80c9e6 scheme_dark homesectionun e-flex e-con-boxed sc_layouts_column_icons_position_left e-con e-parent\" data-id=\"c80c9e6\" data-element_type=\"container\" data-settings=\"{&quot;background_background&quot;:&quot;classic&quot;}\">\n\t\t\t\t\t<div class=\"e-con-inner\">\n\t\t\t\t<div class=\"elementor-element elementor-element-4f07087 sc_fly_static elementor-widget elementor-widget-heading\" data-id=\"4f07087\" data-element_type=\"widget\" data-widget_type=\"heading.default\">\n\t\t\t\t<div class=\"elementor-widget-container\">\n\t\t\t\t\t<h1 class=\"elementor-heading-title elementor-size-default\">Nos engagements<\/h1>\t\t\t\t<\/div>\n\t\t\t\t<\/div>\n\t\t\t\t<div class=\"elementor-element elementor-element-622814c sc_fly_static elementor-widget elementor-widget-text-editor\" data-id=\"622814c\" data-element_type=\"widget\" data-widget_type=\"text-editor.default\">\n\t\t\t\t<div class=\"elementor-widget-container\">\n\t\t\t\t\t\t\t\t\t<p>Chez Mobabois, nous avons la conviction que le respect de la mati\u00e8re et de l\u2019environnement est indissociable de l\u2019excellence. Nos engagements s\u2019incarnent dans chaque \u00e9tape de notre production, du choix du bois \u00e0 la valorisation de nos d\u00e9chets.<\/p><p><strong style=\"font-size: 22px;\">Un bois noble, fran\u00e7ais et certi\ufb01\u00e9<\/strong><\/p><p>Nous travaillons exclusivement des essences issues de scieries fran\u00e7aises labellis\u00e9es PEFC : h\u00eatre, ch\u00eane et fr\u00eane. Toutes b\u00e9n\u00e9\ufb01cient du label PEFC, garantissant une gestion durable et responsable des for\u00eats fran\u00e7aises. Ce choix assure \u00e0 nos cr\u00e9ations une tra\u00e7abilit\u00e9 compl\u00e8te et une qualit\u00e9 irr\u00e9prochable.<\/p><p><strong style=\"font-size: 22px;\">Une d\u00e9marche d\u2019\u00e9conomie circulaire<\/strong><\/p><p>Dans notre atelier Savoyard, rien ne se perd : les sciures issues de la production sont compact\u00e9es en briquettes, utilis\u00e9es pour chau\ufb00er nos locaux en hiver. Ce syst\u00e8me vertueux nous permet de r\u00e9duire notre empreinte carbonne tout en valorisant la mati\u00e8re jusqu\u2019au bout.<\/p>\t\t\t\t\t\t\t\t<\/div>\n\t\t\t\t<\/div>\n\t\t\t\t\t<\/div>\n\t\t\t\t<\/div>\n\t\t<div class=\"elementor-element elementor-element-09db6c3 homesectiondeux e-flex e-con-boxed sc_layouts_column_icons_position_left e-con e-parent\" data-id=\"09db6c3\" data-element_type=\"container\" data-settings=\"{&quot;background_background&quot;:&quot;classic&quot;}\">\n\t\t\t\t\t<div class=\"e-con-inner\">\n\t\t\t\t<div class=\"elementor-element elementor-element-713ef8c sc_fly_static elementor-widget elementor-widget-heading\" data-id=\"713ef8c\" data-element_type=\"widget\" data-widget_type=\"heading.default\">\n\t\t\t\t<div class=\"elementor-widget-container\">\n\t\t\t\t\t<h1 class=\"elementor-heading-title elementor-size-default\">Une production fran\u00e7aise, raisonn\u00e9e et durable<\/h1>\t\t\t\t<\/div>\n\t\t\t\t<\/div>\n\t\t\t\t<div class=\"elementor-element elementor-element-0ab5a4c sc_fly_static elementor-widget elementor-widget-image\" data-id=\"0ab5a4c\" data-element_type=\"widget\" data-widget_type=\"image.default\">\n\t\t\t\t<div class=\"elementor-widget-container\">\n\t\t\t\t\t\t\t\t\t\t\t\t\t\t\t<img decoding=\"async\" src=\"https:\/\/entetedemo02.fr\/mobabois\/wp-content\/uploads\/elementor\/thumbs\/fr-rdyk2xsgrlmlqpz6pkzjqjrhyibb2k1bembpd7kwmw.png\" title=\"fr\" alt=\"fr\" loading=\"lazy\" \/>\t\t\t\t\t\t\t\t\t\t\t\t\t\t\t<\/div>\n\t\t\t\t<\/div>\n\t\t\t\t<div class=\"elementor-element elementor-element-a21851b sc_fly_static elementor-widget elementor-widget-text-editor\" data-id=\"a21851b\" data-element_type=\"widget\" data-widget_type=\"text-editor.default\">\n\t\t\t\t<div class=\"elementor-widget-container\">\n\t\t\t\t\t\t\t\t\t<ul><li><strong>Production fran\u00e7aise<\/strong> : tous nos produits sont con\u00e7us et fabriqu\u00e9s en Savoie.<\/li><li><strong>Ma\u00eetrise des volumes<\/strong> : petites ou grandes s\u00e9ries adapt\u00e9es aux besoins, sans surproduction.<\/li><li><strong>Qualit\u00e9<\/strong> : des objets pens\u00e9s pour durer, loin des alternatives jetables ou standardis\u00e9es.<\/li><\/ul><p style=\"text-align: center;\">\u00ab\u00a0Chaque cr\u00e9ation Mobabois est con\u00e7ue pour traverser le temps,<br \/>re\ufb02\u00e9tant notre volont\u00e9 de proposer des alternatives responsables et \u00e9l\u00e9gantes.\u00a0\u00bb<\/p>\t\t\t\t\t\t\t\t<\/div>\n\t\t\t\t<\/div>\n\t\t\t\t\t<\/div>\n\t\t\t\t<\/div>\n\t\t<div class=\"elementor-element elementor-element-614f359 e-flex e-con-boxed sc_layouts_column_icons_position_left e-con e-parent\" data-id=\"614f359\" data-element_type=\"container\" data-settings=\"{&quot;background_background&quot;:&quot;classic&quot;}\">\n\t\t\t\t\t<div class=\"e-con-inner\">\n\t\t\t\t<div class=\"elementor-element elementor-element-da0d3fd sc_fly_static elementor-widget elementor-widget-heading\" data-id=\"da0d3fd\" data-element_type=\"widget\" data-widget_type=\"heading.default\">\n\t\t\t\t<div class=\"elementor-widget-container\">\n\t\t\t\t\t<h2 class=\"elementor-heading-title elementor-size-default\">Notre vision<\/h2>\t\t\t\t<\/div>\n\t\t\t\t<\/div>\n\t\t<div class=\"elementor-element elementor-element-e1e317c e-con-full e-flex sc_layouts_column_icons_position_left e-con e-child\" data-id=\"e1e317c\" data-element_type=\"container\">\n\t\t\t\t<div class=\"elementor-element elementor-element-1a91965 elementor-widget__width-initial sc_fly_static elementor-widget elementor-widget-text-editor\" data-id=\"1a91965\" data-element_type=\"widget\" data-widget_type=\"text-editor.default\">\n\t\t\t\t<div class=\"elementor-widget-container\">\n\t\t\t\t\t\t\t\t\tUtiliser une ressource naturelle, le bois pour produire des pi\u00e8ces durables compatibles avec l\u2019\u00e9cologie et les enjeux environnementaux.\t\t\t\t\t\t\t\t<\/div>\n\t\t\t\t<\/div>\n\t\t\t\t<div class=\"elementor-element elementor-element-d49867d elementor-widget__width-initial sc_fly_static elementor-widget elementor-widget-image\" data-id=\"d49867d\" data-element_type=\"widget\" data-widget_type=\"image.default\">\n\t\t\t\t<div class=\"elementor-widget-container\">\n\t\t\t\t\t\t\t\t\t\t\t\t\t\t\t<img decoding=\"async\" width=\"1125\" height=\"618\" src=\"https:\/\/entetedemo02.fr\/mobabois\/wp-content\/uploads\/2025\/10\/aFichier-5.webp\" class=\"attachment-full size-full wp-image-34941\" alt=\"\" srcset=\"https:\/\/entetedemo02.fr\/mobabois\/wp-content\/uploads\/2025\/10\/aFichier-5.webp 1125w, https:\/\/entetedemo02.fr\/mobabois\/wp-content\/uploads\/2025\/10\/aFichier-5-300x165.webp 300w, https:\/\/entetedemo02.fr\/mobabois\/wp-content\/uploads\/2025\/10\/aFichier-5-1024x563.webp 1024w, https:\/\/entetedemo02.fr\/mobabois\/wp-content\/uploads\/2025\/10\/aFichier-5-768x422.webp 768w, https:\/\/entetedemo02.fr\/mobabois\/wp-content\/uploads\/2025\/10\/aFichier-5-370x203.webp 370w, https:\/\/entetedemo02.fr\/mobabois\/wp-content\/uploads\/2025\/10\/aFichier-5-840x461.webp 840w, https:\/\/entetedemo02.fr\/mobabois\/wp-content\/uploads\/2025\/10\/aFichier-5-410x225.webp 410w, https:\/\/entetedemo02.fr\/mobabois\/wp-content\/uploads\/2025\/10\/aFichier-5-600x330.webp 600w\" sizes=\"(max-width: 1125px) 100vw, 1125px\" \/>\t\t\t\t\t\t\t\t\t\t\t\t\t\t\t<\/div>\n\t\t\t\t<\/div>\n\t\t\t\t<\/div>\n\t\t\t\t\t<\/div>\n\t\t\t\t<\/div>\n\t\t<div class=\"elementor-element elementor-element-9b8a057 e-flex e-con-boxed sc_layouts_column_icons_position_left e-con e-parent\" data-id=\"9b8a057\" data-element_type=\"container\" data-settings=\"{&quot;background_background&quot;:&quot;classic&quot;}\">\n\t\t\t\t\t<div class=\"e-con-inner\">\n\t\t\t\t<div class=\"elementor-element elementor-element-b63b06f sc_fly_static elementor-widget elementor-widget-heading\" data-id=\"b63b06f\" data-element_type=\"widget\" data-widget_type=\"heading.default\">\n\t\t\t\t<div class=\"elementor-widget-container\">\n\t\t\t\t\t<h2 class=\"elementor-heading-title elementor-size-default\">Vous \u00eates une marque, un restaurateur, un h\u00f4tel en qu\u00eate d\u2019objets uniques ? <br>\nContactez-nous pour imaginer ensemble des cr\u00e9ations qui vous ressemblent.<\/h2>\t\t\t\t<\/div>\n\t\t\t\t<\/div>\n\t\t\t\t<div class=\"elementor-element elementor-element-98abe56 sc_fly_static elementor-widget elementor-widget-html\" data-id=\"98abe56\" data-element_type=\"widget\" data-widget_type=\"html.default\">\n\t\t\t\t<div class=\"elementor-widget-container\">\n\t\t\t\t\t<a href=\"https:\/\/entetedemo02.fr\/mobabois\/contact\/\" class=\"cta-engraved\"><span>Demandez un devis \/ Contact<\/span><\/a>\n\t\t\t\t<\/div>\n\t\t\t\t<\/div>\n\t\t\t\t\t<\/div>\n\t\t\t\t<\/div>\n\t\t\t\t<\/div>\n\t\t","protected":false},"excerpt":{"rendered":"<p>Nos engagements Chez Mobabois, nous avons la conviction que le respect de la mati\u00e8re et de l\u2019environnement est indissociable de l\u2019excellence. Nos engagements s\u2019incarnent dans chaque \u00e9tape de notre production,&hellip;<\/p>\n","protected":false},"author":1,"featured_media":0,"parent":0,"menu_order":0,"comment_status":"closed","ping_status":"closed","template":"","meta":{"_acf_changed":false,"footnotes":""},"class_list":["post-34932","page","type-page","status-publish","hentry"],"acf":[],"_links":{"self":[{"href":"https:\/\/entetedemo02.fr\/mobabois\/wp-json\/wp\/v2\/pages\/34932","targetHints":{"allow":["GET"]}}],"collection":[{"href":"https:\/\/entetedemo02.fr\/mobabois\/wp-json\/wp\/v2\/pages"}],"about":[{"href":"https:\/\/entetedemo02.fr\/mobabois\/wp-json\/wp\/v2\/types\/page"}],"author":[{"embeddable":true,"href":"https:\/\/entetedemo02.fr\/mobabois\/wp-json\/wp\/v2\/users\/1"}],"replies":[{"embeddable":true,"href":"https:\/\/entetedemo02.fr\/mobabois\/wp-json\/wp\/v2\/comments?post=34932"}],"version-history":[{"count":31,"href":"https:\/\/entetedemo02.fr\/mobabois\/wp-json\/wp\/v2\/pages\/34932\/revisions"}],"predecessor-version":[{"id":35162,"href":"https:\/\/entetedemo02.fr\/mobabois\/wp-json\/wp\/v2\/pages\/34932\/revisions\/35162"}],"wp:attachment":[{"href":"https:\/\/entetedemo02.fr\/mobabois\/wp-json\/wp\/v2\/media?parent=34932"}],"curies":[{"name":"wp","href":"https:\/\/api.w.org\/{rel}","templated":true}]}}