{"id":34911,"date":"2025-10-29T16:31:25","date_gmt":"2025-10-29T15:31:25","guid":{"rendered":"https:\/\/entetedemo02.fr\/mobabois\/?page_id=34911"},"modified":"2025-12-01T15:28:54","modified_gmt":"2025-12-01T14:28:54","slug":"objets","status":"publish","type":"page","link":"https:\/\/entetedemo02.fr\/mobabois\/objets\/","title":{"rendered":"Objets"},"content":{"rendered":"\t\t<div data-elementor-type=\"wp-page\" data-elementor-id=\"34911\" class=\"elementor elementor-34911\">\n\t\t\t\t<div class=\"elementor-element elementor-element-a1fa3de e-flex e-con-boxed sc_layouts_column_icons_position_left e-con e-parent\" data-id=\"a1fa3de\" data-element_type=\"container\" data-settings=\"{&quot;background_background&quot;:&quot;classic&quot;}\">\n\t\t\t\t\t<div class=\"e-con-inner\">\n\t\t\t\t<div class=\"elementor-element elementor-element-12aea34 sc_fly_static elementor-widget elementor-widget-heading\" data-id=\"12aea34\" data-element_type=\"widget\" data-widget_type=\"heading.default\">\n\t\t\t\t<div class=\"elementor-widget-container\">\n\t\t\t\t\t<h1 class=\"elementor-heading-title elementor-size-default\">Sublimez les objets du quotidien<\/h1>\t\t\t\t<\/div>\n\t\t\t\t<\/div>\n\t\t<div class=\"elementor-element elementor-element-e9df2fd e-con-full e-flex sc_layouts_column_icons_position_left e-con e-child\" data-id=\"e9df2fd\" data-element_type=\"container\">\n\t\t\t\t<div class=\"elementor-element elementor-element-7c6b317 elementor-widget__width-initial sc_fly_static elementor-widget elementor-widget-text-editor\" data-id=\"7c6b317\" data-element_type=\"widget\" data-widget_type=\"text-editor.default\">\n\t\t\t\t<div class=\"elementor-widget-container\">\n\t\t\t\t\t\t\t\t\tChez Mobabois, nous croyons que le bois sublime tous les objets. Alliant authenticit\u00e9 et modernit\u00e9, nos cr\u00e9ations transforment les objets du quotidien de mani\u00e8re \u00e9l\u00e9gante. Chaque r\u00e9alisation re\ufb02\u00e8te la noblesse des essences (h\u00eatre, ch\u00eane, fr\u00eane), travaill\u00e9es avec le m\u00eame soin que nos t\u00eates bois.\t\t\t\t\t\t\t\t<\/div>\n\t\t\t\t<\/div>\n\t\t\t\t<div class=\"elementor-element elementor-element-ef5ff9e elementor-widget__width-initial sc_fly_static elementor-widget elementor-widget-image\" data-id=\"ef5ff9e\" data-element_type=\"widget\" data-widget_type=\"image.default\">\n\t\t\t\t<div class=\"elementor-widget-container\">\n\t\t\t\t\t\t\t\t\t\t\t\t\t\t\t<img fetchpriority=\"high\" decoding=\"async\" width=\"750\" height=\"429\" src=\"https:\/\/entetedemo02.fr\/mobabois\/wp-content\/uploads\/2025\/10\/copeaux.png\" class=\"attachment-large size-large wp-image-34920\" alt=\"\" srcset=\"https:\/\/entetedemo02.fr\/mobabois\/wp-content\/uploads\/2025\/10\/copeaux.png 750w, https:\/\/entetedemo02.fr\/mobabois\/wp-content\/uploads\/2025\/10\/copeaux-300x172.png 300w, https:\/\/entetedemo02.fr\/mobabois\/wp-content\/uploads\/2025\/10\/copeaux-370x212.png 370w, https:\/\/entetedemo02.fr\/mobabois\/wp-content\/uploads\/2025\/10\/copeaux-410x235.png 410w, https:\/\/entetedemo02.fr\/mobabois\/wp-content\/uploads\/2025\/10\/copeaux-600x343.png 600w\" sizes=\"(max-width: 750px) 100vw, 750px\" \/>\t\t\t\t\t\t\t\t\t\t\t\t\t\t\t<\/div>\n\t\t\t\t<\/div>\n\t\t\t\t<\/div>\n\t\t\t\t\t<\/div>\n\t\t\t\t<\/div>\n\t\t<div class=\"elementor-element elementor-element-dd07f87 e-flex e-con-boxed sc_layouts_column_icons_position_left e-con e-parent\" data-id=\"dd07f87\" data-element_type=\"container\" data-settings=\"{&quot;background_background&quot;:&quot;classic&quot;}\">\n\t\t\t\t\t<div class=\"e-con-inner\">\n\t\t\t\t<div class=\"elementor-element elementor-element-b4fc4c7 sc_fly_static elementor-widget elementor-widget-heading\" data-id=\"b4fc4c7\" data-element_type=\"widget\" data-widget_type=\"heading.default\">\n\t\t\t\t<div class=\"elementor-widget-container\">\n\t\t\t\t\t<h2 class=\"elementor-heading-title elementor-size-default\">Les ronds de serviettes revisit\u00e9s<\/h2>\t\t\t\t<\/div>\n\t\t\t\t<\/div>\n\t\t<div class=\"elementor-element elementor-element-aef32cb e-con-full e-flex sc_layouts_column_icons_position_left e-con e-child\" data-id=\"aef32cb\" data-element_type=\"container\">\n\t\t\t\t<div class=\"elementor-element elementor-element-9b3f0d9 elementor-widget__width-initial sc_fly_static elementor-widget elementor-widget-image\" data-id=\"9b3f0d9\" data-element_type=\"widget\" data-widget_type=\"image.default\">\n\t\t\t\t<div class=\"elementor-widget-container\">\n\t\t\t\t\t\t\t\t\t\t\t\t\t\t\t<img decoding=\"async\" width=\"1024\" height=\"756\" src=\"https:\/\/entetedemo02.fr\/mobabois\/wp-content\/uploads\/2025\/11\/rond_de_serviette-1024x756.webp\" class=\"attachment-large size-large wp-image-35091\" alt=\"\" srcset=\"https:\/\/entetedemo02.fr\/mobabois\/wp-content\/uploads\/2025\/11\/rond_de_serviette-1024x756.webp 1024w, https:\/\/entetedemo02.fr\/mobabois\/wp-content\/uploads\/2025\/11\/rond_de_serviette-300x221.webp 300w, https:\/\/entetedemo02.fr\/mobabois\/wp-content\/uploads\/2025\/11\/rond_de_serviette-768x567.webp 768w, https:\/\/entetedemo02.fr\/mobabois\/wp-content\/uploads\/2025\/11\/rond_de_serviette-370x273.webp 370w, https:\/\/entetedemo02.fr\/mobabois\/wp-content\/uploads\/2025\/11\/rond_de_serviette-840x620.webp 840w, https:\/\/entetedemo02.fr\/mobabois\/wp-content\/uploads\/2025\/11\/rond_de_serviette-410x303.webp 410w, https:\/\/entetedemo02.fr\/mobabois\/wp-content\/uploads\/2025\/11\/rond_de_serviette-600x443.webp 600w, https:\/\/entetedemo02.fr\/mobabois\/wp-content\/uploads\/2025\/11\/rond_de_serviette.webp 1500w\" sizes=\"(max-width: 1024px) 100vw, 1024px\" \/>\t\t\t\t\t\t\t\t\t\t\t\t\t\t\t<\/div>\n\t\t\t\t<\/div>\n\t\t\t\t<div class=\"elementor-element elementor-element-896ac8b elementor-widget__width-initial sc_fly_static elementor-widget elementor-widget-text-editor\" data-id=\"896ac8b\" data-element_type=\"widget\" data-widget_type=\"text-editor.default\">\n\t\t\t\t<div class=\"elementor-widget-container\">\n\t\t\t\t\t\t\t\t\t<p>Parmi ces cr\u00e9ations, le rond de serviette se distingue par des lignes \u00e9pur\u00e9es qui rompent avec les codes traditionnels. Gr\u00e2ce \u00e0 une vari\u00e9t\u00e9 de finitions, il devient un objet singulier, \u00e0 la fois esth\u00e9tique et fonctionnel, qui apporte une touche d\u2019\u00e9l\u00e9gance unique \u00e0 votre table.<\/p><ul><li>Collections standards : lignes sobres et \u00e9l\u00e9gantes, pens\u00e9es pour un usage quotidien.<\/li><li>Personnalisation : gravure ou marquage laser, impression couleur num\u00e9rique.<\/li><\/ul>\t\t\t\t\t\t\t\t<\/div>\n\t\t\t\t<\/div>\n\t\t\t\t<\/div>\n\t\t\t\t\t<\/div>\n\t\t\t\t<\/div>\n\t\t<div class=\"elementor-element elementor-element-ce7f94b e-flex e-con-boxed sc_layouts_column_icons_position_left e-con e-parent\" data-id=\"ce7f94b\" data-element_type=\"container\" data-settings=\"{&quot;background_background&quot;:&quot;classic&quot;}\">\n\t\t\t\t\t<div class=\"e-con-inner\">\n\t\t\t\t<div class=\"elementor-element elementor-element-d21b547 sc_fly_static elementor-widget elementor-widget-heading\" data-id=\"d21b547\" data-element_type=\"widget\" data-widget_type=\"heading.default\">\n\t\t\t\t<div class=\"elementor-widget-container\">\n\t\t\t\t\t<h2 class=\"elementor-heading-title elementor-size-default\">Des collaborations inspirantes<\/h2>\t\t\t\t<\/div>\n\t\t\t\t<\/div>\n\t\t<div class=\"elementor-element elementor-element-8b787b2 e-con-full e-flex sc_layouts_column_icons_position_left e-con e-child\" data-id=\"8b787b2\" data-element_type=\"container\">\n\t\t\t\t<div class=\"elementor-element elementor-element-c908a7d elementor-widget__width-initial sc_fly_static elementor-widget elementor-widget-text-editor\" data-id=\"c908a7d\" data-element_type=\"widget\" data-widget_type=\"text-editor.default\">\n\t\t\t\t<div class=\"elementor-widget-container\">\n\t\t\t\t\t\t\t\t\t<p>Au-del\u00e0 des collections classiques, Mobabois accompagne les marques dans la cr\u00e9ation d\u2019objets uniques refl\u00e9tant leur univers. Nous travaillons main dans la main avec les \u00e9quipes cr\u00e9atives pour imaginer des pi\u00e8ces singuli\u00e8res et porteuses de sens.<\/p><p>Ces collaborations donnent naissance \u00e0 des objets exclusifs, qui prolongent l\u2019histoire et l\u2019identit\u00e9 des marques.<\/p>\t\t\t\t\t\t\t\t<\/div>\n\t\t\t\t<\/div>\n\t\t\t\t<div class=\"elementor-element elementor-element-aa2b45e elementor-widget__width-initial sc_fly_static elementor-widget elementor-widget-image\" data-id=\"aa2b45e\" data-element_type=\"widget\" data-widget_type=\"image.default\">\n\t\t\t\t<div class=\"elementor-widget-container\">\n\t\t\t\t\t\t\t\t\t\t\t\t\t\t\t<img decoding=\"async\" width=\"2500\" height=\"963\" src=\"https:\/\/entetedemo02.fr\/mobabois\/wp-content\/uploads\/2025\/11\/photo_collab.webp\" class=\"attachment-full size-full wp-image-35090\" alt=\"\" srcset=\"https:\/\/entetedemo02.fr\/mobabois\/wp-content\/uploads\/2025\/11\/photo_collab.webp 2500w, https:\/\/entetedemo02.fr\/mobabois\/wp-content\/uploads\/2025\/11\/photo_collab-300x116.webp 300w, https:\/\/entetedemo02.fr\/mobabois\/wp-content\/uploads\/2025\/11\/photo_collab-1024x394.webp 1024w, https:\/\/entetedemo02.fr\/mobabois\/wp-content\/uploads\/2025\/11\/photo_collab-768x296.webp 768w, https:\/\/entetedemo02.fr\/mobabois\/wp-content\/uploads\/2025\/11\/photo_collab-1536x592.webp 1536w, https:\/\/entetedemo02.fr\/mobabois\/wp-content\/uploads\/2025\/11\/photo_collab-2048x789.webp 2048w, https:\/\/entetedemo02.fr\/mobabois\/wp-content\/uploads\/2025\/11\/photo_collab-370x143.webp 370w, https:\/\/entetedemo02.fr\/mobabois\/wp-content\/uploads\/2025\/11\/photo_collab-840x324.webp 840w, https:\/\/entetedemo02.fr\/mobabois\/wp-content\/uploads\/2025\/11\/photo_collab-410x158.webp 410w, https:\/\/entetedemo02.fr\/mobabois\/wp-content\/uploads\/2025\/11\/photo_collab-600x231.webp 600w\" sizes=\"(max-width: 2500px) 100vw, 2500px\" \/>\t\t\t\t\t\t\t\t\t\t\t\t\t\t\t<\/div>\n\t\t\t\t<\/div>\n\t\t\t\t<\/div>\n\t\t\t\t\t<\/div>\n\t\t\t\t<\/div>\n\t\t<div class=\"elementor-element elementor-element-6565365 e-flex e-con-boxed sc_layouts_column_icons_position_left e-con e-parent\" data-id=\"6565365\" data-element_type=\"container\" data-settings=\"{&quot;background_background&quot;:&quot;classic&quot;}\">\n\t\t\t\t\t<div class=\"e-con-inner\">\n\t\t\t\t<div class=\"elementor-element elementor-element-13c941a sc_fly_static elementor-widget elementor-widget-heading\" data-id=\"13c941a\" data-element_type=\"widget\" data-widget_type=\"heading.default\">\n\t\t\t\t<div class=\"elementor-widget-container\">\n\t\t\t\t\t<h2 class=\"elementor-heading-title elementor-size-default\">Un savoir faire au service de votre image de marque<\/h2>\t\t\t\t<\/div>\n\t\t\t\t<\/div>\n\t\t<div class=\"elementor-element elementor-element-162e18c e-con-full e-flex sc_layouts_column_icons_position_left e-con e-child\" data-id=\"162e18c\" data-element_type=\"container\">\n\t\t\t\t<div class=\"elementor-element elementor-element-e6fc1bc elementor-widget__width-initial sc_fly_static elementor-widget elementor-widget-image\" data-id=\"e6fc1bc\" data-element_type=\"widget\" data-widget_type=\"image.default\">\n\t\t\t\t<div class=\"elementor-widget-container\">\n\t\t\t\t\t\t\t\t\t\t\t\t\t\t\t<img loading=\"lazy\" decoding=\"async\" width=\"970\" height=\"743\" src=\"https:\/\/entetedemo02.fr\/mobabois\/wp-content\/uploads\/2025\/10\/machine.png\" class=\"attachment-large size-large wp-image-34918\" alt=\"\" srcset=\"https:\/\/entetedemo02.fr\/mobabois\/wp-content\/uploads\/2025\/10\/machine.png 970w, https:\/\/entetedemo02.fr\/mobabois\/wp-content\/uploads\/2025\/10\/machine-300x230.png 300w, https:\/\/entetedemo02.fr\/mobabois\/wp-content\/uploads\/2025\/10\/machine-768x588.png 768w, https:\/\/entetedemo02.fr\/mobabois\/wp-content\/uploads\/2025\/10\/machine-370x283.png 370w, https:\/\/entetedemo02.fr\/mobabois\/wp-content\/uploads\/2025\/10\/machine-840x643.png 840w, https:\/\/entetedemo02.fr\/mobabois\/wp-content\/uploads\/2025\/10\/machine-410x314.png 410w, https:\/\/entetedemo02.fr\/mobabois\/wp-content\/uploads\/2025\/10\/machine-600x460.png 600w\" sizes=\"(max-width: 970px) 100vw, 970px\" \/>\t\t\t\t\t\t\t\t\t\t\t\t\t\t\t<\/div>\n\t\t\t\t<\/div>\n\t\t\t\t<div class=\"elementor-element elementor-element-0efcb9f elementor-widget__width-initial sc_fly_static elementor-widget elementor-widget-text-editor\" data-id=\"0efcb9f\" data-element_type=\"widget\" data-widget_type=\"text-editor.default\">\n\t\t\t\t<div class=\"elementor-widget-container\">\n\t\t\t\t\t\t\t\t\t<p>Chaque objet est fa\u00e7onn\u00e9 avec pr\u00e9cision dans notre atelier. Notre ma\u00eetrise du tournage sur bois, h\u00e9rit\u00e9e de plus de 40 ans d\u2019exp\u00e9rience, nous permet de r\u00e9aliser des petites s\u00e9ries que des volumes plus importants dans des d\u00e9lais optimis\u00e9s. Une r\u00e9activit\u00e9 et une adaptabilit\u00e9 qui nous caract\u00e9rise.<\/p><p>Personnalisation et \ufb01nitions<\/p><ul><li>Gravure ou marquage laser, impression num\u00e9rique.<\/li><li>Marquage \u00e0 chaud.<\/li><li>Vernissage mat ou brillant.<\/li><\/ul><p>Chaque projet est l\u2019occasion de cr\u00e9er un objet unique, \u00e0 l\u2019image de vos envies ou de l\u2019univers de votre marque.<\/p>\t\t\t\t\t\t\t\t<\/div>\n\t\t\t\t<\/div>\n\t\t\t\t<\/div>\n\t\t\t\t\t<\/div>\n\t\t\t\t<\/div>\n\t\t<div class=\"elementor-element elementor-element-10695e3 e-flex e-con-boxed sc_layouts_column_icons_position_left e-con e-parent\" data-id=\"10695e3\" data-element_type=\"container\" data-settings=\"{&quot;background_background&quot;:&quot;classic&quot;}\">\n\t\t\t\t\t<div class=\"e-con-inner\">\n\t\t\t\t<div class=\"elementor-element elementor-element-57ee037 sc_fly_static elementor-widget elementor-widget-heading\" data-id=\"57ee037\" data-element_type=\"widget\" data-widget_type=\"heading.default\">\n\t\t\t\t<div class=\"elementor-widget-container\">\n\t\t\t\t\t<h2 class=\"elementor-heading-title elementor-size-default\">Des objets durables et intemporels<\/h2>\t\t\t\t<\/div>\n\t\t\t\t<\/div>\n\t\t<div class=\"elementor-element elementor-element-95c8dda e-con-full e-flex sc_layouts_column_icons_position_left e-con e-child\" data-id=\"95c8dda\" data-element_type=\"container\">\n\t\t\t\t<div class=\"elementor-element elementor-element-70eb976 elementor-widget__width-initial sc_fly_static elementor-widget elementor-widget-text-editor\" data-id=\"70eb976\" data-element_type=\"widget\" data-widget_type=\"text-editor.default\">\n\t\t\t\t<div class=\"elementor-widget-container\">\n\t\t\t\t\t\t\t\t\tNos cr\u00e9ations trouvent leur place aussi bien dans les int\u00e9rieurs contemporains que dans l\u2019h\u00f4tellerie et la restauration haut de gamme. Elles se pr\u00eatent \u00e9galement aux collaborations cr\u00e9atives et aux cadeaux d\u2019entreprise personnalis\u00e9s, pour o\ufb00rir une attention \u00e9l\u00e9gante, durable et \u00e9coresponsable.\t\t\t\t\t\t\t\t<\/div>\n\t\t\t\t<\/div>\n\t\t\t\t<div class=\"elementor-element elementor-element-fadf123 elementor-widget__width-initial sc_fly_static elementor-widget elementor-widget-image\" data-id=\"fadf123\" data-element_type=\"widget\" data-widget_type=\"image.default\">\n\t\t\t\t<div class=\"elementor-widget-container\">\n\t\t\t\t\t\t\t\t\t\t\t\t\t\t\t<img loading=\"lazy\" decoding=\"async\" width=\"2500\" height=\"1323\" src=\"https:\/\/entetedemo02.fr\/mobabois\/wp-content\/uploads\/2025\/11\/coquetier.webp\" class=\"attachment-full size-full wp-image-35068\" alt=\"\" srcset=\"https:\/\/entetedemo02.fr\/mobabois\/wp-content\/uploads\/2025\/11\/coquetier.webp 2500w, https:\/\/entetedemo02.fr\/mobabois\/wp-content\/uploads\/2025\/11\/coquetier-300x159.webp 300w, https:\/\/entetedemo02.fr\/mobabois\/wp-content\/uploads\/2025\/11\/coquetier-1024x542.webp 1024w, https:\/\/entetedemo02.fr\/mobabois\/wp-content\/uploads\/2025\/11\/coquetier-768x406.webp 768w, https:\/\/entetedemo02.fr\/mobabois\/wp-content\/uploads\/2025\/11\/coquetier-1536x813.webp 1536w, https:\/\/entetedemo02.fr\/mobabois\/wp-content\/uploads\/2025\/11\/coquetier-2048x1084.webp 2048w, https:\/\/entetedemo02.fr\/mobabois\/wp-content\/uploads\/2025\/11\/coquetier-370x196.webp 370w, https:\/\/entetedemo02.fr\/mobabois\/wp-content\/uploads\/2025\/11\/coquetier-840x445.webp 840w, https:\/\/entetedemo02.fr\/mobabois\/wp-content\/uploads\/2025\/11\/coquetier-410x217.webp 410w, https:\/\/entetedemo02.fr\/mobabois\/wp-content\/uploads\/2025\/11\/coquetier-600x318.webp 600w\" sizes=\"(max-width: 2500px) 100vw, 2500px\" \/>\t\t\t\t\t\t\t\t\t\t\t\t\t\t\t<\/div>\n\t\t\t\t<\/div>\n\t\t\t\t<\/div>\n\t\t\t\t\t<\/div>\n\t\t\t\t<\/div>\n\t\t<div class=\"elementor-element elementor-element-abc3517 e-flex e-con-boxed sc_layouts_column_icons_position_left e-con e-parent\" data-id=\"abc3517\" data-element_type=\"container\" data-settings=\"{&quot;background_background&quot;:&quot;classic&quot;}\">\n\t\t\t\t\t<div class=\"e-con-inner\">\n\t\t\t\t<div class=\"elementor-element elementor-element-a8a0c27 sc_fly_static elementor-widget elementor-widget-heading\" data-id=\"a8a0c27\" data-element_type=\"widget\" data-widget_type=\"heading.default\">\n\t\t\t\t<div class=\"elementor-widget-container\">\n\t\t\t\t\t<h2 class=\"elementor-heading-title elementor-size-default\">Vous \u00eates une marque, un restaurateur, un h\u00f4tel en qu\u00eate d\u2019objets uniques ? <br>\nContactez-nous pour imaginer ensemble des cr\u00e9ations qui vous ressemblent.<\/h2>\t\t\t\t<\/div>\n\t\t\t\t<\/div>\n\t\t\t\t<div class=\"elementor-element elementor-element-85217c0 sc_fly_static elementor-widget elementor-widget-html\" data-id=\"85217c0\" data-element_type=\"widget\" data-widget_type=\"html.default\">\n\t\t\t\t<div class=\"elementor-widget-container\">\n\t\t\t\t\t<a href=\"https:\/\/entetedemo02.fr\/mobabois\/contact\/\" class=\"cta-engraved\"><span>Demandez un devis \/ Contact<\/span><\/a>\n\t\t\t\t<\/div>\n\t\t\t\t<\/div>\n\t\t\t\t\t<\/div>\n\t\t\t\t<\/div>\n\t\t\t\t<\/div>\n\t\t","protected":false},"excerpt":{"rendered":"<p>Sublimez les objets du quotidien Chez Mobabois, nous croyons que le bois sublime tous les objets. Alliant authenticit\u00e9 et modernit\u00e9, nos cr\u00e9ations transforment les objets du quotidien de mani\u00e8re \u00e9l\u00e9gante.&hellip;<\/p>\n","protected":false},"author":1,"featured_media":0,"parent":0,"menu_order":0,"comment_status":"closed","ping_status":"closed","template":"","meta":{"_acf_changed":false,"footnotes":""},"class_list":["post-34911","page","type-page","status-publish","hentry"],"acf":[],"_links":{"self":[{"href":"https:\/\/entetedemo02.fr\/mobabois\/wp-json\/wp\/v2\/pages\/34911","targetHints":{"allow":["GET"]}}],"collection":[{"href":"https:\/\/entetedemo02.fr\/mobabois\/wp-json\/wp\/v2\/pages"}],"about":[{"href":"https:\/\/entetedemo02.fr\/mobabois\/wp-json\/wp\/v2\/types\/page"}],"author":[{"embeddable":true,"href":"https:\/\/entetedemo02.fr\/mobabois\/wp-json\/wp\/v2\/users\/1"}],"replies":[{"embeddable":true,"href":"https:\/\/entetedemo02.fr\/mobabois\/wp-json\/wp\/v2\/comments?post=34911"}],"version-history":[{"count":28,"href":"https:\/\/entetedemo02.fr\/mobabois\/wp-json\/wp\/v2\/pages\/34911\/revisions"}],"predecessor-version":[{"id":35159,"href":"https:\/\/entetedemo02.fr\/mobabois\/wp-json\/wp\/v2\/pages\/34911\/revisions\/35159"}],"wp:attachment":[{"href":"https:\/\/entetedemo02.fr\/mobabois\/wp-json\/wp\/v2\/media?parent=34911"}],"curies":[{"name":"wp","href":"https:\/\/api.w.org\/{rel}","templated":true}]}}