{"id":34882,"date":"2025-10-29T16:08:36","date_gmt":"2025-10-29T15:08:36","guid":{"rendered":"https:\/\/entetedemo02.fr\/mobabois\/?page_id=34882"},"modified":"2025-12-17T08:46:32","modified_gmt":"2025-12-17T07:46:32","slug":"tetes-bois-bouchage","status":"publish","type":"page","link":"https:\/\/entetedemo02.fr\/mobabois\/tetes-bois-bouchage\/","title":{"rendered":"T\u00eates bois \u2013 bouchage"},"content":{"rendered":"\t\t<div data-elementor-type=\"wp-page\" data-elementor-id=\"34882\" class=\"elementor elementor-34882\">\n\t\t\t\t<div class=\"elementor-element elementor-element-a1fa3de e-flex e-con-boxed sc_layouts_column_icons_position_left e-con e-parent\" data-id=\"a1fa3de\" data-element_type=\"container\" data-settings=\"{&quot;background_background&quot;:&quot;classic&quot;}\">\n\t\t\t\t\t<div class=\"e-con-inner\">\n\t\t\t\t<div data-animation-type=\"char\" data-animation-stagger=\"\" class=\"elementor-element elementor-element-12aea34 animated-fast sc_fly_static elementor-widget elementor-widget-heading\" data-id=\"12aea34\" data-element_type=\"widget\" data-settings=\"{&quot;_animation&quot;:&quot;none&quot;,&quot;_animation_delay&quot;:50}\" data-widget_type=\"heading.default\">\n\t\t\t\t<div class=\"elementor-widget-container\">\n\t\t\t\t\t<h1 class=\"elementor-heading-title elementor-size-default\">Mobabois, le sp\u00e9cialiste de la t\u00eate bois<\/h1>\t\t\t\t<\/div>\n\t\t\t\t<\/div>\n\t\t\t\t<div class=\"elementor-element elementor-element-dd9ea8a elementor-widget__width-initial sc_fly_static elementor-widget elementor-widget-image\" data-id=\"dd9ea8a\" data-element_type=\"widget\" data-widget_type=\"image.default\">\n\t\t\t\t<div class=\"elementor-widget-container\">\n\t\t\t\t\t\t\t\t\t\t\t\t\t\t\t<img decoding=\"async\" src=\"https:\/\/entetedemo02.fr\/mobabois\/wp-content\/uploads\/elementor\/thumbs\/visuel_page_tete_bois-revokxgqqcha6eymgbidqwl1p3bq2y4hq1010hnhdk.webp\" title=\"visuel_page_tete_bois\" alt=\"visuel_page_tete_bois\" loading=\"lazy\" \/>\t\t\t\t\t\t\t\t\t\t\t\t\t\t\t<\/div>\n\t\t\t\t<\/div>\n\t\t\t\t<div class=\"elementor-element elementor-element-7c6b317 elementor-widget__width-initial sc_fly_static elementor-widget elementor-widget-text-editor\" data-id=\"7c6b317\" data-element_type=\"widget\" data-widget_type=\"text-editor.default\">\n\t\t\t\t<div class=\"elementor-widget-container\">\n\t\t\t\t\t\t\t\t\t<p>Nous concevons et fabriquons des t\u00eates bois en formats standards personnalisables ou enti\u00e8rement sur mesure, selon les besoins de chaque client.<\/p><p>Nous r\u00e9alisons aussi les finitions et d\u00e9corations (teintes, gravures, vernis, marquage laser, etc.) pour cr\u00e9er des pi\u00e8ces correspondantes \u00e0 l\u2019identit\u00e9 de vos produits.<\/p><p>Sur le plan esth\u00e9tique, la forme, les finitions et les d\u00e9cors de la t\u00eate bois participent pleinement \u00e0 l\u2019expression visuelle et sensorielle de la bouteille. Bien plus qu\u2019un simple accessoire, c\u2019est un \u00e9l\u00e9ment sur mesure qui valorise et distingue vos produits.<\/p><p>Nos bouchons associent la noblesse des essences locales (h\u00eatre, ch\u00eane, fr\u00eane, ou autres) \u00e0 un savoir-faire reconnu. Nous nous adressons aux professionnels de l&rsquo;agroalimentaire (spiritueux, vins, condiments et cosm\u00e9tiques).<\/p>\t\t\t\t\t\t\t\t<\/div>\n\t\t\t\t<\/div>\n\t\t\t\t\t<\/div>\n\t\t\t\t<\/div>\n\t\t<div class=\"elementor-element elementor-element-b62f017 e-flex e-con-boxed sc_layouts_column_icons_position_left e-con e-parent\" data-id=\"b62f017\" data-element_type=\"container\" data-settings=\"{&quot;background_background&quot;:&quot;classic&quot;}\">\n\t\t\t\t\t<div class=\"e-con-inner\">\n\t\t\t\t<div data-animation-type=\"char\" data-animation-stagger=\"\" class=\"elementor-element elementor-element-7cc93a6 animated-fast sc_fly_static elementor-widget elementor-widget-heading\" data-id=\"7cc93a6\" data-element_type=\"widget\" data-settings=\"{&quot;_animation&quot;:&quot;none&quot;,&quot;_animation_delay&quot;:50}\" data-widget_type=\"heading.default\">\n\t\t\t\t<div class=\"elementor-widget-container\">\n\t\t\t\t\t<h2 class=\"elementor-heading-title elementor-size-default\">Organisation et flexibilit\u00e9<\/h2>\t\t\t\t<\/div>\n\t\t\t\t<\/div>\n\t\t\t\t<div class=\"elementor-element elementor-element-419b1f1 sc_fly_static elementor-widget elementor-widget-text-editor\" data-id=\"419b1f1\" data-element_type=\"widget\" data-widget_type=\"text-editor.default\">\n\t\t\t\t<div class=\"elementor-widget-container\">\n\t\t\t\t\t\t\t\t\t<p>R\u00e9alisation de petites et moyennes s\u00e9ries.<\/p><p>Une organisation permettant :<\/p><ul><li>Des d\u00e9lais de d\u00e9veloppement optimis\u00e9s<\/li><li>Une ma\u00eetrise des budgets des outillages<\/li><\/ul>\t\t\t\t\t\t\t\t<\/div>\n\t\t\t\t<\/div>\n\t\t\t\t<div data-animation-type=\"sequental\" data-animation-stagger=\"\" class=\"elementor-element elementor-element-5279812 animation_type_sequental scheme_default blociconbois sc_fly_static elementor-invisible elementor-widget elementor-widget-trx_sc_icons\" data-id=\"5279812\" data-element_type=\"widget\" data-settings=\"{&quot;_animation&quot;:&quot;fortunio-fadeinup&quot;,&quot;_animation_delay&quot;:100}\" data-widget_type=\"trx_sc_icons.default\">\n\t\t\t\t<div class=\"elementor-widget-container\">\n\t\t\t\t\t<div \tclass=\"sc_icons scheme_default sc_icons_decoration sc_icons_size_medium sc_align_center\" ><div class=\"sc_icons_columns_wrap sc_item_columns trx_addons_columns_wrap columns_padding_bottom columns_in_single_row\" ><div class=\"trx_addons_column-1_3 trx_addons_column-1_2-tablet\"><div class=\"sc_icons_item\"><div class=\"sc_icons_icon sc_icon_type_svg sc_icon_animation\" ><svg id=\"Calque_2\" data-name=\"Calque 2\" viewBox=\"0 0 190.95 190.95\"><defs><style>      .cls-1 {        stroke-dasharray: 7.93;      }      .cls-1, .cls-2 {        fill: none;        stroke: #231f20;        stroke-linecap: round;        stroke-linejoin: round;        stroke-width: 4.96px;      }    <\/style><\/defs><g id=\"Calque_1-2\" data-name=\"Calque 1\"><g><circle class=\"cls-2\" cx=\"95.48\" cy=\"95.48\" r=\"93\"><\/circle><g><line class=\"cls-2\" x1=\"95.98\" y1=\"13.38\" x2=\"95.98\" y2=\"65.81\"><\/line><polyline class=\"cls-2\" points=\"110.27 51.52 95.98 65.81 81.69 51.52\"><\/polyline><\/g><g><line class=\"cls-2\" x1=\"13.38\" y1=\"94.98\" x2=\"65.81\" y2=\"94.98\"><\/line><polyline class=\"cls-2\" points=\"51.52 80.69 65.81 94.98 51.52 109.27\"><\/polyline><\/g><g><line class=\"cls-2\" x1=\"94.98\" y1=\"177.57\" x2=\"94.98\" y2=\"125.14\"><\/line><polyline class=\"cls-2\" points=\"80.69 139.43 94.98 125.14 109.27 139.43\"><\/polyline><\/g><g><line class=\"cls-2\" x1=\"177.57\" y1=\"95.98\" x2=\"125.14\" y2=\"95.98\"><\/line><polyline class=\"cls-2\" points=\"139.43 110.27 125.14 95.98 139.43 81.69\"><\/polyline><\/g><circle class=\"cls-1\" cx=\"95.48\" cy=\"95.48\" r=\"16.7\"><\/circle><\/g><\/g><\/svg><\/div><div class=\"sc_icons_item_details\"><h4 class=\"sc_icons_item_title\"><span>Petites s\u00e9ries<\/span><\/h4><div class=\"sc_icons_item_description\"><span>parfaites pour \u00e9ditions limit\u00e9es, <\/span><span>tests march\u00e9 ou cr\u00e9ations <\/span><span>haut de gamme.<\/span><\/div><\/div><\/div><\/div><div class=\"trx_addons_column-1_3 trx_addons_column-1_2-tablet\"><div class=\"sc_icons_item\"><div class=\"sc_icons_icon sc_icon_type_svg sc_icon_animation\" ><svg id=\"Calque_2\" data-name=\"Calque 2\" viewBox=\"0 0 209 209\"><defs><style>      .cls-1 {        fill: none;        stroke: #000;        stroke-linecap: round;        stroke-linejoin: round;        stroke-width: 4.09px;      }    <\/style><\/defs><g id=\"Calque_1-2\" data-name=\"Calque 1\"><g><g><line class=\"cls-1\" x1=\"104.5\" y1=\"60.07\" x2=\"104.5\" y2=\"16.37\"><\/line><polyline class=\"cls-1\" points=\"117.36 29.23 104.5 16.37 91.64 29.23\"><\/polyline><\/g><g><line class=\"cls-1\" x1=\"73.09\" y1=\"73.09\" x2=\"42.19\" y2=\"42.19\"><\/line><polyline class=\"cls-1\" points=\"60.39 42.19 42.19 42.19 42.19 60.39\"><\/polyline><\/g><g><line class=\"cls-1\" x1=\"60.1\" y1=\"104.5\" x2=\"16.4\" y2=\"104.5\"><\/line><polyline class=\"cls-1\" points=\"29.26 91.64 16.4 104.5 29.26 117.36\"><\/polyline><\/g><g><line class=\"cls-1\" x1=\"73.09\" y1=\"135.88\" x2=\"42.19\" y2=\"166.78\"><\/line><polyline class=\"cls-1\" points=\"42.19 148.62 42.19 166.78 60.39 166.78\"><\/polyline><\/g><g><line class=\"cls-1\" x1=\"104.5\" y1=\"148.9\" x2=\"104.5\" y2=\"192.6\"><\/line><polyline class=\"cls-1\" points=\"91.64 179.74 104.5 192.6 117.36 179.74\"><\/polyline><\/g><g><line class=\"cls-1\" x1=\"135.91\" y1=\"135.88\" x2=\"166.81\" y2=\"166.78\"><\/line><polyline class=\"cls-1\" points=\"148.62 166.78 166.81 166.78 166.81 148.62\"><\/polyline><\/g><g><line class=\"cls-1\" x1=\"148.9\" y1=\"104.5\" x2=\"192.6\" y2=\"104.5\"><\/line><polyline class=\"cls-1\" points=\"179.74 117.36 192.6 104.5 179.74 91.64\"><\/polyline><\/g><g><line class=\"cls-1\" x1=\"135.91\" y1=\"73.09\" x2=\"166.81\" y2=\"42.19\"><\/line><polyline class=\"cls-1\" points=\"166.81 60.39 166.81 42.19 148.62 42.19\"><\/polyline><\/g><circle class=\"cls-1\" cx=\"104.5\" cy=\"104.5\" r=\"102.46\"><\/circle><\/g><\/g><\/svg><\/div><div class=\"sc_icons_item_details\"><h4 class=\"sc_icons_item_title\"><span>Grandes s\u00e9ries : <\/span><\/h4><div class=\"sc_icons_item_description\"><span>capacit\u00e9 industrielle ma\u00eetris\u00e9e, <\/span><span>sans compromis sur la qualit\u00e9.<\/span><\/div><\/div><\/div><\/div><div class=\"trx_addons_column-1_3 trx_addons_column-1_2-tablet\"><div class=\"sc_icons_item\"><div class=\"sc_icons_icon sc_icon_type_svg sc_icon_animation\" ><svg id=\"Calque_2\" data-name=\"Calque 2\" viewBox=\"0 0 324.42 222.09\"><defs><style>      .cls-1 {        fill: none;        stroke: #000;        stroke-linecap: round;        stroke-linejoin: round;        stroke-width: 3.85px;      }    <\/style><\/defs><g id=\"Calque_1-2\" data-name=\"Calque 1\"><g><g><g><g><g><circle class=\"cls-1\" cx=\"226.52\" cy=\"124.19\" r=\"95.98\" transform=\"translate(-21.47 196.55) rotate(-45)\"><\/circle><circle class=\"cls-1\" cx=\"226.52\" cy=\"124.19\" r=\"81.87\" transform=\"translate(-21.47 196.55) rotate(-45)\"><\/circle><\/g><line class=\"cls-1\" x1=\"258\" y1=\"155.67\" x2=\"231.84\" y2=\"129.51\"><\/line><line class=\"cls-1\" x1=\"226.52\" y1=\"116.69\" x2=\"226.52\" y2=\"70.98\"><\/line><\/g><circle class=\"cls-1\" cx=\"226.52\" cy=\"124.19\" r=\"7.5\" transform=\"translate(-30.28 96.14) rotate(-22.5)\"><\/circle><\/g><g><rect class=\"cls-1\" x=\"211.77\" y=\"1.92\" width=\"29.49\" height=\"11.6\"><\/rect><line class=\"cls-1\" x1=\"218.63\" y1=\"28.53\" x2=\"218.63\" y2=\"13.53\"><\/line><line class=\"cls-1\" x1=\"234.4\" y1=\"28.53\" x2=\"234.4\" y2=\"13.53\"><\/line><\/g><\/g><g><g><line class=\"cls-1\" x1=\"46.36\" y1=\"147.85\" x2=\"108.03\" y2=\"147.85\"><\/line><line class=\"cls-1\" x1=\"38.98\" y1=\"79.18\" x2=\"108.03\" y2=\"79.18\"><\/line><\/g><g><line class=\"cls-1\" x1=\"1.92\" y1=\"115.79\" x2=\"76.04\" y2=\"115.79\"><\/line><line class=\"cls-1\" x1=\"20.77\" y1=\"179.84\" x2=\"76.04\" y2=\"179.84\"><\/line><\/g><\/g><\/g><\/g><\/svg><\/div><div class=\"sc_icons_item_details\"><h4 class=\"sc_icons_item_title\"><span>D\u00e9lais optimis\u00e9s : <\/span><\/h4><div class=\"sc_icons_item_description\"><span>production fran\u00e7aise, <\/span><span>circuits courts,<\/span><span>r\u00e9activit\u00e9 de l\u2019atelier<\/span><\/div><\/div><\/div><\/div><\/div><\/div><!-- \/.sc_icons -->\t\t\t\t<\/div>\n\t\t\t\t<\/div>\n\t\t\t\t\t<\/div>\n\t\t\t\t<\/div>\n\t\t<div class=\"elementor-element elementor-element-dd07f87 e-flex e-con-boxed sc_layouts_column_icons_position_left e-con e-parent\" data-id=\"dd07f87\" data-element_type=\"container\" data-settings=\"{&quot;background_background&quot;:&quot;classic&quot;}\">\n\t\t\t\t\t<div class=\"e-con-inner\">\n\t\t\t\t<div data-animation-type=\"char\" data-animation-stagger=\"\" class=\"elementor-element elementor-element-b4fc4c7 animated-fast sc_fly_static elementor-widget elementor-widget-heading\" data-id=\"b4fc4c7\" data-element_type=\"widget\" data-settings=\"{&quot;_animation&quot;:&quot;none&quot;,&quot;_animation_delay&quot;:50}\" data-widget_type=\"heading.default\">\n\t\t\t\t<div class=\"elementor-widget-container\">\n\t\t\t\t\t<h2 class=\"elementor-heading-title elementor-size-default\">La personnalisation au service de votre image de marque<\/h2>\t\t\t\t<\/div>\n\t\t\t\t<\/div>\n\t\t\t\t<div class=\"elementor-element elementor-element-ea4cd6c sc_fly_static elementor-widget elementor-widget-image\" data-id=\"ea4cd6c\" data-element_type=\"widget\" data-widget_type=\"image.default\">\n\t\t\t\t<div class=\"elementor-widget-container\">\n\t\t\t\t\t\t\t\t\t\t\t\t\t\t\t<img decoding=\"async\" src=\"https:\/\/entetedemo02.fr\/mobabois\/wp-content\/uploads\/elementor\/thumbs\/image_personnalisation-rfk1h418z4j8e6luqixawml4ciyfm9mqgeflb1de3s.webp\" title=\"image_personnalisation\" alt=\"image_personnalisation\" loading=\"lazy\" \/>\t\t\t\t\t\t\t\t\t\t\t\t\t\t\t<\/div>\n\t\t\t\t<\/div>\n\t\t\t\t<div class=\"elementor-element elementor-element-896ac8b elementor-widget__width-initial sc_fly_static elementor-widget elementor-widget-text-editor\" data-id=\"896ac8b\" data-element_type=\"widget\" data-widget_type=\"text-editor.default\">\n\t\t\t\t<div class=\"elementor-widget-container\">\n\t\t\t\t\t\t\t\t\tNous proposons un large choix de \ufb01nitions et techniques de personnalisation :<br>\nMatri\u00e7age \u2022 Vernissage \u2022 Tampographie \u2022 Marquage \u00e0 chaud \u2022 Marquage laser \u2022 Impression num\u00e9rique.\t\t\t\t\t\t\t\t<\/div>\n\t\t\t\t<\/div>\n\t\t\t\t\t<\/div>\n\t\t\t\t<\/div>\n\t\t<div class=\"elementor-element elementor-element-3a98668 e-flex e-con-boxed sc_layouts_column_icons_position_left e-con e-parent\" data-id=\"3a98668\" data-element_type=\"container\" data-settings=\"{&quot;background_background&quot;:&quot;classic&quot;}\">\n\t\t\t\t\t<div class=\"e-con-inner\">\n\t\t<div class=\"elementor-element elementor-element-a75b66b e-con-full e-flex sc_layouts_column_icons_position_left e-con e-child\" data-id=\"a75b66b\" data-element_type=\"container\">\n\t\t\t\t<div data-animation-type=\"char\" data-animation-stagger=\"\" class=\"elementor-element elementor-element-5d957c7 animated-fast sc_fly_static elementor-widget elementor-widget-heading\" data-id=\"5d957c7\" data-element_type=\"widget\" data-settings=\"{&quot;_animation&quot;:&quot;none&quot;,&quot;_animation_delay&quot;:50}\" data-widget_type=\"heading.default\">\n\t\t\t\t<div class=\"elementor-widget-container\">\n\t\t\t\t\t<h2 class=\"elementor-heading-title elementor-size-default\">Nos atouts<\/h2>\t\t\t\t<\/div>\n\t\t\t\t<\/div>\n\t\t<div class=\"elementor-element elementor-element-2134924 e-con-full e-flex sc_layouts_column_icons_position_left e-con e-child\" data-id=\"2134924\" data-element_type=\"container\">\n\t\t\t\t<div class=\"elementor-element elementor-element-2bc5f3a sc_fly_static elementor-widget elementor-widget-text-editor\" data-id=\"2bc5f3a\" data-element_type=\"widget\" data-widget_type=\"text-editor.default\">\n\t\t\t\t<div class=\"elementor-widget-container\">\n\t\t\t\t\t\t\t\t\t<ul><li>Expertise reconnue en tournage sur bois.<\/li><li>Bois local et certi\ufb01\u00e9 PEFC.<\/li><li>Production \ufb02exible : petites ou grandes s\u00e9ries.<\/li><li>Personnalisation.<\/li><li>R\u00e9activit\u00e9 et accompagnement de notre bureau d\u2019\u00e9tude de la conception \u00e0 la livraison.<\/li><\/ul>\t\t\t\t\t\t\t\t<\/div>\n\t\t\t\t<\/div>\n\t\t\t\t<\/div>\n\t\t\t\t<\/div>\n\t\t\t\t<div class=\"elementor-element elementor-element-c70392e elementor-widget__width-initial sc_fly_static elementor-widget elementor-widget-image\" data-id=\"c70392e\" data-element_type=\"widget\" data-widget_type=\"image.default\">\n\t\t\t\t<div class=\"elementor-widget-container\">\n\t\t\t\t\t\t\t\t\t\t\t\t\t\t\t<img fetchpriority=\"high\" decoding=\"async\" width=\"800\" height=\"566\" src=\"https:\/\/entetedemo02.fr\/mobabois\/wp-content\/uploads\/2025\/10\/machine.webp\" class=\"attachment-full size-full wp-image-34890\" alt=\"\" srcset=\"https:\/\/entetedemo02.fr\/mobabois\/wp-content\/uploads\/2025\/10\/machine.webp 800w, https:\/\/entetedemo02.fr\/mobabois\/wp-content\/uploads\/2025\/10\/machine-300x212.webp 300w, https:\/\/entetedemo02.fr\/mobabois\/wp-content\/uploads\/2025\/10\/machine-768x543.webp 768w, https:\/\/entetedemo02.fr\/mobabois\/wp-content\/uploads\/2025\/10\/machine-370x262.webp 370w, https:\/\/entetedemo02.fr\/mobabois\/wp-content\/uploads\/2025\/10\/machine-410x290.webp 410w, https:\/\/entetedemo02.fr\/mobabois\/wp-content\/uploads\/2025\/10\/machine-600x425.webp 600w\" sizes=\"(max-width: 800px) 100vw, 800px\" \/>\t\t\t\t\t\t\t\t\t\t\t\t\t\t\t<\/div>\n\t\t\t\t<\/div>\n\t\t\t\t\t<\/div>\n\t\t\t\t<\/div>\n\t\t<div class=\"elementor-element elementor-element-abc3517 e-flex e-con-boxed sc_layouts_column_icons_position_left e-con e-parent\" data-id=\"abc3517\" data-element_type=\"container\" data-settings=\"{&quot;background_background&quot;:&quot;classic&quot;}\">\n\t\t\t\t\t<div class=\"e-con-inner\">\n\t\t\t\t<div class=\"elementor-element elementor-element-85217c0 sc_fly_static elementor-widget elementor-widget-html\" data-id=\"85217c0\" data-element_type=\"widget\" data-widget_type=\"html.default\">\n\t\t\t\t<div class=\"elementor-widget-container\">\n\t\t\t\t\t<a href=\"https:\/\/entetedemo02.fr\/mobabois\/contact\/\" class=\"cta-engraved\"><span>Demandez un devis \/ Contact<\/span><\/a>\n\t\t\t\t<\/div>\n\t\t\t\t<\/div>\n\t\t\t\t\t<\/div>\n\t\t\t\t<\/div>\n\t\t\t\t<\/div>\n\t\t","protected":false},"excerpt":{"rendered":"<p>Mobabois, le sp\u00e9cialiste de la t\u00eate bois Nous concevons et fabriquons des t\u00eates bois en formats standards personnalisables ou enti\u00e8rement sur mesure, selon les besoins de chaque client. Nous r\u00e9alisons&hellip;<\/p>\n","protected":false},"author":1,"featured_media":0,"parent":0,"menu_order":0,"comment_status":"closed","ping_status":"closed","template":"","meta":{"_acf_changed":false,"footnotes":""},"class_list":["post-34882","page","type-page","status-publish","hentry"],"acf":[],"_links":{"self":[{"href":"https:\/\/entetedemo02.fr\/mobabois\/wp-json\/wp\/v2\/pages\/34882","targetHints":{"allow":["GET"]}}],"collection":[{"href":"https:\/\/entetedemo02.fr\/mobabois\/wp-json\/wp\/v2\/pages"}],"about":[{"href":"https:\/\/entetedemo02.fr\/mobabois\/wp-json\/wp\/v2\/types\/page"}],"author":[{"embeddable":true,"href":"https:\/\/entetedemo02.fr\/mobabois\/wp-json\/wp\/v2\/users\/1"}],"replies":[{"embeddable":true,"href":"https:\/\/entetedemo02.fr\/mobabois\/wp-json\/wp\/v2\/comments?post=34882"}],"version-history":[{"count":92,"href":"https:\/\/entetedemo02.fr\/mobabois\/wp-json\/wp\/v2\/pages\/34882\/revisions"}],"predecessor-version":[{"id":35242,"href":"https:\/\/entetedemo02.fr\/mobabois\/wp-json\/wp\/v2\/pages\/34882\/revisions\/35242"}],"wp:attachment":[{"href":"https:\/\/entetedemo02.fr\/mobabois\/wp-json\/wp\/v2\/media?parent=34882"}],"curies":[{"name":"wp","href":"https:\/\/api.w.org\/{rel}","templated":true}]}}