{"id":29493,"date":"2023-03-07T13:52:10","date_gmt":"2023-03-07T13:52:10","guid":{"rendered":"https:\/\/entetedemo02.fr\/mobabois\/?page_id=29493"},"modified":"2025-12-17T08:42:31","modified_gmt":"2025-12-17T07:42:31","slug":"sawmill","status":"publish","type":"page","link":"https:\/\/entetedemo02.fr\/mobabois\/","title":{"rendered":"Home Sawmill"},"content":{"rendered":"\t\t<div data-elementor-type=\"wp-page\" data-elementor-id=\"29493\" class=\"elementor elementor-29493\">\n\t\t\t\t\t\t<section class=\"elementor-section elementor-top-section elementor-element elementor-element-2823f17 elementor-section-boxed elementor-section-height-default elementor-section-height-default sc_fly_static\" data-id=\"2823f17\" data-element_type=\"section\">\n\t\t\t\t\t\t<div class=\"elementor-container elementor-column-gap-extended\">\n\t\t\t\t\t<div class=\"elementor-column elementor-col-100 elementor-top-column elementor-element elementor-element-5bde487 sc_content_align_inherit sc_layouts_column_icons_position_left sc_fly_static\" data-id=\"5bde487\" data-element_type=\"column\">\n\t\t\t<div class=\"elementor-widget-wrap elementor-element-populated\">\n\t\t\t\t\t\t<div class=\"elementor-element elementor-element-610ca99 sc_fly_static elementor-widget elementor-widget-slider_revolution\" data-id=\"610ca99\" data-element_type=\"widget\" data-widget_type=\"slider_revolution.default\">\n\t\t\t\t<div class=\"elementor-widget-container\">\n\t\t\t\t\t\n\t\t<div class=\"wp-block-themepunch-revslider\">\n\t\t\t<!-- START Home REVOLUTION SLIDER 6.7.36 --><p class=\"rs-p-wp-fix\"><\/p>\n\t\t\t<rs-module-wrap id=\"rev_slider_3_1_wrapper\" data-source=\"gallery\" style=\"visibility:hidden;background:transparent;padding:0;\">\n\t\t\t\t<rs-module id=\"rev_slider_3_1\" style=\"\" data-version=\"6.7.36\">\n\t\t\t\t\t<rs-slides style=\"overflow: hidden; position: absolute;\">\n\t\t\t\t\t\t<rs-slide style=\"position: absolute;\" data-key=\"rs-6\" data-title=\"Slide\" data-thumb=\"\/\/entetedemo02.fr\/mobabois\/wp-content\/uploads\/2025\/10\/panoramic-shot-beautiful-landscape-charinthia-region-slovenia-summer-1-340x280.webp\" data-anim=\"ms:1000ms;\" data-in=\"o:0;\" data-out=\"a:false;\">\n\t\t\t\t\t\t\t<img fetchpriority=\"high\" decoding=\"async\" src=\"\/\/entetedemo02.fr\/mobabois\/wp-content\/plugins\/revslider\/sr6\/assets\/assets\/dummy.png\" alt=\"\" title=\"panoramic-shot-beautiful-landscape-charinthia-region-slovenia-summer\" width=\"2500\" height=\"1084\" class=\"rev-slidebg tp-rs-img rs-lazyload\" data-lazyload=\"\/\/entetedemo02.fr\/mobabois\/wp-content\/uploads\/2025\/10\/panoramic-shot-beautiful-landscape-charinthia-region-slovenia-summer-1.webp\" data-parallax=\"off\" data-panzoom=\"d:10000;ss:100;se:110%;\" data-no-retina>\n<!--\n\t\t\t\t\t\t\t--><rs-layer\n\t\t\t\t\t\t\t\tid=\"slider-3-slide-6-layer-0\" \n\t\t\t\t\t\t\t\tclass=\"titlesavoie\"\n\t\t\t\t\t\t\t\tdata-type=\"text\"\n\t\t\t\t\t\t\t\tdata-rsp_ch=\"on\"\n\t\t\t\t\t\t\t\tdata-xy=\"x:c;y:m;\"\n\t\t\t\t\t\t\t\tdata-text=\"w:normal;s:80,119,99,94;l:80,102,84,80;a:center;\"\n\t\t\t\t\t\t\t\tdata-basealign=\"group\"\n\t\t\t\t\t\t\t\tdata-margin=\"l:-4,-3,-2,-1;\"\n\t\t\t\t\t\t\t\tdata-frame_1=\"e:power4.inOut;st:500;sp:1500;\"\n\t\t\t\t\t\t\t\tdata-frame_999=\"o:0;st:w;sR:4100;\"\n\t\t\t\t\t\t\t\tstyle=\"z-index:6;font-family:'Ephesis';\"\n\t\t\t\t\t\t\t>Implant\u00e9e en Savoie, depuis plus de 40 ans \n\t\t\t\t\t\t\t<\/rs-layer><!--\n-->\t\t\t\t\t<\/rs-slide>\n\t\t\t\t\t\t<rs-slide style=\"position: absolute;\" data-key=\"rs-14\" data-title=\"Slide\" data-thumb=\"\/\/entetedemo02.fr\/mobabois\/wp-content\/uploads\/2025\/11\/essai_home_BIS_03-340x280.webp\" data-anim=\"ms:1000ms;\" data-in=\"o:0;\" data-out=\"a:false;\">\n\t\t\t\t\t\t\t<img decoding=\"async\" src=\"\/\/entetedemo02.fr\/mobabois\/wp-content\/plugins\/revslider\/sr6\/assets\/assets\/dummy.png\" alt=\"\" title=\"essai_home_BIS_03\" width=\"2500\" height=\"1365\" class=\"rev-slidebg tp-rs-img rs-lazyload\" data-lazyload=\"\/\/entetedemo02.fr\/mobabois\/wp-content\/uploads\/2025\/11\/essai_home_BIS_03.webp\" data-parallax=\"off\" data-panzoom=\"d:10000;ss:100;se:110%;\" data-no-retina>\n<!--\n\t\t\t\t\t\t\t--><rs-layer\n\t\t\t\t\t\t\t\tid=\"slider-3-slide-14-layer-0\" \n\t\t\t\t\t\t\t\tclass=\"titlesavoie\"\n\t\t\t\t\t\t\t\tdata-type=\"text\"\n\t\t\t\t\t\t\t\tdata-rsp_ch=\"on\"\n\t\t\t\t\t\t\t\tdata-xy=\"x:c;y:m;yo:-100px,-75px,-40px,-24px;\"\n\t\t\t\t\t\t\t\tdata-text=\"w:normal;s:80,119,99,94;l:80,102,84,80;a:center;\"\n\t\t\t\t\t\t\t\tdata-basealign=\"group\"\n\t\t\t\t\t\t\t\tdata-margin=\"l:-4,-3,-2,-1;\"\n\t\t\t\t\t\t\t\tdata-frame_1=\"e:power4.inOut;st:500;sp:1500;\"\n\t\t\t\t\t\t\t\tdata-frame_999=\"o:0;st:w;sR:4100;\"\n\t\t\t\t\t\t\t\tstyle=\"z-index:6;font-family:'Ephesis';\"\n\t\t\t\t\t\t\t>Sp\u00e9cialiste de la t\u00eate bois pour bouchage \n\t\t\t\t\t\t\t<\/rs-layer><!--\n-->\t\t\t\t\t<\/rs-slide>\n\t\t\t\t\t\t<rs-slide style=\"position: absolute;\" data-key=\"rs-16\" data-title=\"Slide\" data-thumb=\"\/\/entetedemo02.fr\/mobabois\/wp-content\/uploads\/2025\/11\/essai_home_BIS-340x280.webp\" data-anim=\"ms:1000ms;\" data-in=\"o:0;\" data-out=\"a:false;\">\n\t\t\t\t\t\t\t<img decoding=\"async\" src=\"\/\/entetedemo02.fr\/mobabois\/wp-content\/plugins\/revslider\/sr6\/assets\/assets\/dummy.png\" alt=\"\" title=\"essai_home_BIS\" width=\"2500\" height=\"1365\" class=\"rev-slidebg tp-rs-img rs-lazyload\" data-lazyload=\"\/\/entetedemo02.fr\/mobabois\/wp-content\/uploads\/2025\/11\/essai_home_BIS.webp\" data-parallax=\"off\" data-panzoom=\"d:10000;ss:100;se:110%;\" data-no-retina>\n<!--\n\t\t\t\t\t\t\t--><rs-layer\n\t\t\t\t\t\t\t\tid=\"slider-3-slide-16-layer-0\" \n\t\t\t\t\t\t\t\tclass=\"titlesavoie\"\n\t\t\t\t\t\t\t\tdata-type=\"text\"\n\t\t\t\t\t\t\t\tdata-rsp_ch=\"on\"\n\t\t\t\t\t\t\t\tdata-xy=\"x:c;y:m;yo:-100px,-75px,-40px,-24px;\"\n\t\t\t\t\t\t\t\tdata-text=\"w:normal;s:80,119,99,94;l:80,102,84,80;a:center;\"\n\t\t\t\t\t\t\t\tdata-basealign=\"group\"\n\t\t\t\t\t\t\t\tdata-margin=\"l:-4,-3,-2,-1;\"\n\t\t\t\t\t\t\t\tdata-frame_1=\"e:power4.inOut;st:500;sp:1500;\"\n\t\t\t\t\t\t\t\tdata-frame_999=\"o:0;st:w;sR:4100;\"\n\t\t\t\t\t\t\t\tstyle=\"z-index:6;font-family:'Ephesis';\"\n\t\t\t\t\t\t\t>Nos objets et pi\u00e8ces sp\u00e9cifiques \n\t\t\t\t\t\t\t<\/rs-layer><!--\n-->\t\t\t\t\t<\/rs-slide>\n\t\t\t\t\t<\/rs-slides>\n\t\t\t\t\t<rs-static-layers><!--\n\t\t\t\t\t--><\/rs-static-layers>\n\t\t\t\t<\/rs-module>\n\t\t\t\t<script>\n\t\t\t\t\tsetREVStartSize({c: 'rev_slider_3_1',rl:[1240,1460,785,500],el:[930,660,680,580],gw:[1920,1440,778,480],gh:[930,660,680,580],type:'standard',justify:'',layout:'fullscreen',offsetContainer:'',offset:'',mh:\"480px\"});if (window.RS_MODULES!==undefined && window.RS_MODULES.modules!==undefined && window.RS_MODULES.modules[\"revslider31\"]!==undefined) {window.RS_MODULES.modules[\"revslider31\"].once = false;window.revapi3 = undefined;if (window.RS_MODULES.checkMinimal!==undefined) window.RS_MODULES.checkMinimal()}\n\t\t\t\t<\/script>\n\t\t\t<\/rs-module-wrap>\n\t\t\t<!-- END REVOLUTION SLIDER -->\n<\/div>\n\n\t\t\t\t\t\t<\/div>\n\t\t\t\t<\/div>\n\t\t\t\t\t<\/div>\n\t\t<\/div>\n\t\t\t\t\t<\/div>\n\t\t<\/section>\n\t\t\t\t<section class=\"elementor-section elementor-top-section elementor-element elementor-element-f27ba20 scheme_dark homesectionun elementor-section-boxed elementor-section-height-default elementor-section-height-default sc_fly_static\" data-id=\"f27ba20\" data-element_type=\"section\" data-settings=\"{&quot;background_background&quot;:&quot;classic&quot;}\">\n\t\t\t\t\t\t<div class=\"elementor-container elementor-column-gap-extended\">\n\t\t\t\t\t<div class=\"elementor-column elementor-col-100 elementor-top-column elementor-element elementor-element-d1da2e6 sc_layouts_column_align_center sc_layouts_column sc_content_align_inherit sc_layouts_column_icons_position_left sc_fly_static\" data-id=\"d1da2e6\" data-element_type=\"column\">\n\t\t\t<div class=\"elementor-widget-wrap elementor-element-populated\">\n\t\t\t\t\t\t<div class=\"elementor-element elementor-element-0274840 sc_fly_static elementor-widget elementor-widget-heading\" data-id=\"0274840\" data-element_type=\"widget\" data-widget_type=\"heading.default\">\n\t\t\t\t<div class=\"elementor-widget-container\">\n\t\t\t\t\t<h2 class=\"elementor-heading-title elementor-size-default\">Mobabois : la mise en valeur du bois <br>entre tradition et industrie<\/h2>\t\t\t\t<\/div>\n\t\t\t\t<\/div>\n\t\t\t\t<div class=\"elementor-element elementor-element-b831a6a sc_height_small sc_fly_static elementor-widget elementor-widget-spacer\" data-id=\"b831a6a\" data-element_type=\"widget\" data-widget_type=\"spacer.default\">\n\t\t\t\t<div class=\"elementor-widget-container\">\n\t\t\t\t\t\t\t<div class=\"elementor-spacer\">\n\t\t\t<div class=\"elementor-spacer-inner\"><\/div>\n\t\t<\/div>\n\t\t\t\t\t\t<\/div>\n\t\t\t\t<\/div>\n\t\t\t\t<div data-animation-type=\"sequental\" data-animation-stagger=\"\" class=\"elementor-element elementor-element-8f2025a animation_type_sequental scheme_default blocicon sc_fly_static elementor-invisible elementor-widget elementor-widget-trx_sc_icons\" data-id=\"8f2025a\" data-element_type=\"widget\" data-settings=\"{&quot;_animation&quot;:&quot;fortunio-fadeinup&quot;,&quot;_animation_delay&quot;:100}\" data-widget_type=\"trx_sc_icons.default\">\n\t\t\t\t<div class=\"elementor-widget-container\">\n\t\t\t\t\t<div \tclass=\"sc_icons scheme_default sc_icons_decoration sc_icons_size_medium sc_align_center\" ><div class=\"sc_icons_columns_wrap sc_item_columns trx_addons_columns_wrap columns_padding_bottom columns_in_single_row\" ><div class=\"trx_addons_column-1_3 trx_addons_column-1_2-tablet\"><div class=\"sc_icons_item\"><div class=\"sc_icons_icon sc_icon_type_svg sc_icon_animation\" ><svg id=\"Calque_1\" viewBox=\"0 0 238.92 237.14\"><defs><style>      .st0 {        fill: #182d4c;      }    <\/style><\/defs><path class=\"st0\" d=\"M79.55,63.72H23.64c-1.59,0-2.89,1.3-2.89,2.89v13.09c0,1.59,1.3,2.89,2.89,2.89h110.56l-54.65-18.86ZM23.82,66.79l55.29.03,36.8,12.7H23.82v-12.73Z\"><\/path><path class=\"st0\" d=\"M105.07,141.32c0,27.72,22.56,50.28,50.28,50.28s50.28-22.56,50.28-50.28-22.55-50.28-50.28-50.28-50.28,22.55-50.28,50.28ZM155.35,94.1c26.03,0,47.21,21.18,47.21,47.21s-21.18,47.21-47.21,47.21-47.21-21.18-47.21-47.21,21.18-47.21,47.21-47.21Z\"><\/path><path class=\"st0\" d=\"M155.35,183.16c23.07,0,41.84-18.77,41.84-41.85s-18.77-41.84-41.84-41.84-41.85,18.77-41.85,41.84,18.77,41.85,41.85,41.85ZM155.35,102.54c21.38,0,38.78,17.4,38.78,38.78s-17.4,38.78-38.78,38.78-38.78-17.4-38.78-38.78,17.4-38.78,38.78-38.78Z\"><\/path><path class=\"st0\" d=\"M155.35,172.71c17.31,0,31.39-14.08,31.39-31.4s-14.08-31.39-31.39-31.39-31.4,14.08-31.4,31.39,14.08,31.4,31.4,31.4ZM155.35,112.99c15.62,0,28.33,12.71,28.33,28.33s-12.71,28.33-28.33,28.33-28.33-12.71-28.33-28.33,12.71-28.33,28.33-28.33Z\"><\/path><path class=\"st0\" d=\"M155.35,163.71c12.35,0,22.39-10.05,22.39-22.4s-10.05-22.39-22.39-22.39-22.4,10.05-22.4,22.39,10.05,22.4,22.4,22.4ZM155.35,121.98c10.66,0,19.33,8.67,19.33,19.33s-8.67,19.33-19.33,19.33-19.33-8.67-19.33-19.33,8.67-19.33,19.33-19.33Z\"><\/path><path class=\"st0\" d=\"M155.35,152.8c6.33,0,11.48-5.15,11.48-11.48s-5.15-11.48-11.48-11.48-11.48,5.15-11.48,11.48,5.15,11.48,11.48,11.48ZM155.35,132.9c4.64,0,8.42,3.78,8.42,8.42s-3.78,8.42-8.42,8.42-8.42-3.78-8.42-8.42,3.78-8.42,8.42-8.42Z\"><\/path><path class=\"st0\" d=\"M155.39,79.7c-17.76-.52-32.11-10.63-47.3-21.33-11.35-8-23.05-16.24-36.41-20.31l-.87,2.94c12.88,3.93,24.37,12.02,35.48,19.85,14.91,10.5,30.31,21.36,49.01,21.91,32.86.97,58.6,26.68,58.6,58.55s-26.27,58.55-58.55,58.55-58.55-26.27-58.55-58.55c0-19.98,10-38.33,26.78-49.19l-1.64-2.59c-17.67,11.42-28.2,30.74-28.2,51.78,0,33.98,27.64,61.62,61.62,61.62s61.62-27.64,61.62-61.62-27.05-60.6-61.57-61.62Z\"><\/path><metadata><\/metadata><\/svg><\/div><div class=\"sc_icons_item_details\"><h4 class=\"sc_icons_item_title\"><span>Expertise du tournage sur bois :<\/span><\/h4><div class=\"sc_icons_item_description\"><span> plus de 40 ans d'exp\u00e9rience<\/span><\/div><\/div><\/div><\/div><div class=\"trx_addons_column-1_3 trx_addons_column-1_2-tablet\"><div class=\"sc_icons_item\"><div class=\"sc_icons_icon sc_icon_type_svg sc_icon_animation\" ><svg id=\"Calque_2\" data-name=\"Calque 2\" viewBox=\"0 0 114.59 150.27\"><defs><style>      .cls-1 {        fill: #182d4c;      }    <\/style><\/defs><g id=\"Calque_1-2\" data-name=\"Calque 1\"><g><path class=\"cls-1\" d=\"M111.75,58.05l-4.24-5.3c-4.45-5.56-12.6-6.47-18.16-2.02l-31.26,25.01s0,0,0,0,0,0,0,0l-9.18,7.35s0,0,0,0c0,0,0,0,0,0l-8.74,7s-.01,0-.02,0,0,.01-.01.01l-2.81,2.25V10.43c0-5.75-4.68-10.43-10.43-10.43H10.43C4.68,0,0,4.68,0,10.43v107.83c0,.22.06.41.15.6,0,.01,0,.03.01.05l11.97,22.63,3.72,7.04h0c.55,1.04,1.63,1.69,2.81,1.69h0c1.18,0,2.25-.65,2.8-1.69l3.66-6.91-.19.37c2.01-.4,4.23-1.35,5.88-2.67l78.94-63.15c2.69-2.16,4.39-5.23,4.77-8.66.38-3.43-.6-6.8-2.75-9.5ZM2.75,10.43c0-4.23,3.44-7.68,7.68-7.68h16.46c4.23,0,7.68,3.44,7.68,7.68v6.94H2.75v-6.94ZM2.75,20.11h31.81v5.37H2.75v-5.37ZM2.75,28.23h31.81v88.65H2.75V28.23ZM19.03,147.29c-.1.2-.28.23-.37.23s-.27-.03-.38-.23l-2.66-5.02h6.07l-2.66,5.03ZM14.17,139.52l-10.51-19.88h30l-10.51,19.88h-8.97ZM111.78,67.25c-.3,2.7-1.63,5.12-3.76,6.82l-78.94,63.15c-.73.58-1.53,1.06-2.36,1.42l10.44-19.74s0-.03.01-.05c.09-.18.15-.38.15-.6v-22.42l3.44-2.75,3.77,4.71c.27.34.67.52,1.07.52.3,0,.61-.1.86-.3.59-.47.69-1.34.21-1.93l-3.77-4.71,6.62-5.29,5.91,7.39c.27.34.67.52,1.07.52.3,0,.61-.1.86-.3.59-.47.69-1.34.21-1.93l-5.91-7.39,7.05-5.63,3.76,4.7c.27.34.67.52,1.07.52.3,0,.61-.1.86-.3.59-.47.69-1.34.21-1.93l-3.76-4.7,4.99-3.98,3.76,4.7c.27.34.67.52,1.07.52.3,0,.61-.1.86-.3.59-.47.69-1.34.21-1.93l-3.76-4.7,5.21-4.17,3.76,4.69c.27.34.67.52,1.07.52.3,0,.61-.1.86-.3.59-.47.69-1.34.21-1.93l-3.76-4.69,6.22-4.97,5.9,7.37c.27.34.67.52,1.07.52.3,0,.61-.1.86-.3.59-.47.69-1.34.21-1.93l-5.9-7.37,6.22-4.97,3.74,4.68c.27.34.67.52,1.07.52.3,0,.61-.1.86-.3.59-.47.69-1.34.21-1.93l-3.67-4.59c1.62-.98,3.43-1.49,5.24-1.49,2.99,0,5.95,1.31,7.96,3.81l4.24,5.3c1.7,2.12,2.47,4.78,2.17,7.48Z\"><\/path><path class=\"cls-1\" d=\"M18.66,33.7c-.76,0-1.38.62-1.38,1.37v68.87c0,.76.62,1.38,1.38,1.38s1.38-.62,1.38-1.38V35.08c0-.76-.62-1.37-1.38-1.37Z\"><\/path><\/g><\/g><\/svg><\/div><div class=\"sc_icons_item_details\"><h4 class=\"sc_icons_item_title\"><span>Cr\u00e9ations sur mesure et gammes standards <\/span><\/h4><div class=\"sc_icons_item_description\"><span>t\u00eates bois pour bouchons,<br>objets et pi\u00e8ces sp\u00e9cifiques<\/span><\/div><\/div><\/div><\/div><div class=\"trx_addons_column-1_3 trx_addons_column-1_2-tablet\"><div class=\"sc_icons_item\"><div class=\"sc_icons_icon sc_icon_type_svg sc_icon_animation\" ><svg id=\"Calque_1\" viewBox=\"0 0 204.09 212.6\"><defs><style>      .st0 {        fill: #182d4c;      }    <\/style><\/defs><path class=\"st0\" d=\"M190.36,109.67l-21.54-56.12c-.98-2.54-2.31-4.91-3.96-7.03-1.65-2.13-3.61-4.02-5.82-5.6-4.72-3.35-10.27-5.13-16.05-5.13s-11.34,1.77-16.06,5.13c-4.44,3.17-7.82,7.53-9.78,12.63l-8.99,23.42c-3.57-5.53-9.78-9.2-16.81-9.2-.12,0-.24,0-.36,0-1.8.03-3.58.31-5.3.81-1.86-14.81-14.57-26.16-29.69-26.16-16.5,0-29.93,13.43-29.93,29.93,0,4.77,1.14,9.47,3.32,13.7-12.07,5.83-19.79,18.06-19.79,31.55,0,19.32,15.72,35.05,35.04,35.05h17.46v24.56h-24.11c-.77,0-1.4.63-1.4,1.4s.63,1.4,1.4,1.4h53.57c.77,0,1.4-.63,1.4-1.4s-.63-1.4-1.4-1.4h-26.66v-24.56h24.11c6.74,0,12.94-2.37,17.81-6.31,5.54,4.11,12.11,6.3,19.11,6.3h15.82v24.56h-34.98c-.77,0-1.4.63-1.4,1.4s.63,1.4,1.4,1.4h36.38c.77,0,1.4-.63,1.4-1.4v-25.96h15.49c10.59,0,20.17-4.96,26.29-13.61,6.11-8.65,7.59-19.34,4.04-29.36ZM64.89,149.84v-32.28l16.52-16.68c.54-.55.54-1.44,0-1.98-.55-.54-1.43-.54-1.98,0l-14.53,14.67v-18.29c0-.77-.63-1.4-1.4-1.4s-1.4.63-1.4,1.4v36.9l-14.53-14.67c-.55-.55-1.43-.55-1.98,0-.55.54-.55,1.43,0,1.98l16.52,16.68v13.67h-17.46c-17.78,0-32.24-14.46-32.24-32.25,0-12.89,7.65-24.52,19.5-29.62.37-.16.65-.47.78-.85.12-.38.08-.8-.12-1.14-2.41-4.13-3.68-8.85-3.68-13.64,0-14.96,12.17-27.13,27.13-27.13s26.15,11.14,27.07,25.36c.03.45.27.85.65,1.09.38.24.85.28,1.27.12,1.93-.77,3.97-1.18,6.05-1.22.1,0,.21,0,.31,0,9.35,0,17.04,7.52,17.21,16.91.09,5-2,9.79-5.74,13.14-.32.29-.49.71-.46,1.15.03.43.27.83.63,1.07,7.27,4.75,11.6,12.76,11.6,21.43,0,14.11-11.48,25.59-25.59,25.59h-24.11ZM184.03,137.42c-5.58,7.9-14.33,12.43-24,12.43h-15.49v-50.12c0-.77-.63-1.4-1.4-1.4s-1.4.63-1.4,1.4v50.11h-15.82c-6.19,0-12.02-1.88-16.98-5.41,5.21-5.15,8.44-12.29,8.44-20.18,0-9.03-4.25-17.42-11.45-22.78,3.55-3.79,5.51-8.82,5.42-14.05-.05-2.53-.58-4.93-1.47-7.14l9.88-25.73c1.76-4.58,4.8-8.51,8.79-11.35,4.24-3.02,9.23-4.61,14.43-4.61s10.19,1.59,14.43,4.61c1.99,1.42,3.75,3.11,5.23,5.03,1.48,1.91,2.68,4.04,3.56,6.32l21.53,56.09c3.23,9.12,1.88,18.88-3.7,26.78Z\"><\/path><path class=\"st0\" d=\"M173.54,177.2h-19.88c-.77,0-1.4.63-1.4,1.4s.63,1.4,1.4,1.4h19.88c.77,0,1.4-.63,1.4-1.4s-.63-1.4-1.4-1.4Z\"><\/path><metadata><\/metadata><\/svg><\/div><div class=\"sc_icons_item_details\"><h4 class=\"sc_icons_item_title\"><span>Engagement durable :<\/span><\/h4><div class=\"sc_icons_item_description\"><span>Bois issu de for\u00eats fran\u00e7aises certifi\u00e9 PEFC et recyclage des sciures<\/span><\/div><\/div><\/div><\/div><\/div><\/div><!-- \/.sc_icons -->\t\t\t\t<\/div>\n\t\t\t\t<\/div>\n\t\t\t\t\t<\/div>\n\t\t<\/div>\n\t\t\t\t\t<\/div>\n\t\t<\/section>\n\t\t\t\t<section class=\"elementor-section elementor-top-section elementor-element elementor-element-6a22ea8 homesectiondeux elementor-section-boxed elementor-section-height-default elementor-section-height-default sc_fly_static\" data-id=\"6a22ea8\" data-element_type=\"section\" data-settings=\"{&quot;background_background&quot;:&quot;classic&quot;}\">\n\t\t\t\t\t\t<div class=\"elementor-container elementor-column-gap-extended\">\n\t\t\t\t\t<div class=\"elementor-column elementor-col-100 elementor-top-column elementor-element elementor-element-eff85f5 sc_content_align_inherit sc_layouts_column_icons_position_left sc_fly_static\" data-id=\"eff85f5\" data-element_type=\"column\">\n\t\t\t<div class=\"elementor-widget-wrap elementor-element-populated\">\n\t\t\t\t\t\t<div class=\"elementor-element elementor-element-2d35ac5 sc_fly_static elementor-widget elementor-widget-trx_sc_icons\" data-id=\"2d35ac5\" data-element_type=\"widget\" data-widget_type=\"trx_sc_icons.default\">\n\t\t\t\t<div class=\"elementor-widget-container\">\n\t\t\t\t\t<div \tclass=\"sc_icons sc_icons_divider3 sc_icons_size_medium sc_align_none\" ><div class=\"sc_icons_columns_wrap sc_item_columns trx_addons_columns_wrap columns_padding_bottom columns_in_single_row\" ><div class=\"trx_addons_column-1_2\"><div class=\"sc_icons_item_wrap\">\n            <div class=\"sc_icons_item sc_icons_item_linked with_more\"><div class=\"sc_icons_image\" ><img loading=\"lazy\" decoding=\"async\" src=\"\/\/entetedemo02.fr\/mobabois\/wp-content\/uploads\/2025\/12\/Gamme_bouchons_mobabois-410x230.webp\" alt=\"Icon\" width=\"2500\" height=\"1918\"><\/div><div class=\"sc_icons_item_details\"><h4 class=\"sc_icons_item_title\"><a href=\"#\">\n                                        D\u00e9couvrez nos gammes de t\u00eates bois standards et sp\u00e9cifiques                                         <\/a><\/h4><a href=\"#\" class=\"sc_icons_item_more_link\">\n                            <span class=\"link_text\">D\u00e9couvrir<\/span><span class=\"link_icon\"><\/span>\n                            <\/a><a href=\"#\"\n                            class=\"sc_icons_item_link\">\n                            <\/a><\/div><\/div>\n        <\/div><\/div><div class=\"trx_addons_column-1_2\"><div class=\"sc_icons_item_wrap\">\n            <div class=\"sc_icons_item sc_icons_item_linked with_more\"><div class=\"sc_icons_image\" ><img loading=\"lazy\" decoding=\"async\" src=\"\/\/entetedemo02.fr\/mobabois\/wp-content\/uploads\/2025\/12\/montage_objets-410x230.webp\" alt=\"Icon\" width=\"2500\" height=\"1918\"><\/div><div class=\"sc_icons_item_details\"><h4 class=\"sc_icons_item_title\"><a href=\"#\">\n                                        D\u00e9couvrez nos objets et pi\u00e8ces sp\u00e9cifiques                                        <\/a><\/h4><a href=\"#\" class=\"sc_icons_item_more_link\">\n                            <span class=\"link_text\">D\u00e9couvrir<\/span><span class=\"link_icon\"><\/span>\n                            <\/a><a href=\"#\"\n                            class=\"sc_icons_item_link\">\n                            <\/a><\/div><\/div>\n        <\/div><\/div><\/div><\/div><!-- \/.sc_icons -->\t\t\t\t<\/div>\n\t\t\t\t<\/div>\n\t\t\t\t\t<\/div>\n\t\t<\/div>\n\t\t\t\t\t<\/div>\n\t\t<\/section>\n\t\t\t\t<section class=\"elementor-section elementor-top-section elementor-element elementor-element-6111d6a elementor-section-boxed elementor-section-height-default elementor-section-height-default sc_fly_static\" data-id=\"6111d6a\" data-element_type=\"section\">\n\t\t\t\t\t\t<div class=\"elementor-container elementor-column-gap-extended\">\n\t\t\t\t\t<div class=\"elementor-column elementor-col-100 elementor-top-column elementor-element elementor-element-1aa3bba sc_content_align_inherit sc_layouts_column_icons_position_left sc_fly_static\" data-id=\"1aa3bba\" data-element_type=\"column\">\n\t\t\t<div class=\"elementor-widget-wrap elementor-element-populated\">\n\t\t\t\t\t\t\t<\/div>\n\t\t<\/div>\n\t\t\t\t\t<\/div>\n\t\t<\/section>\n\t\t\t\t<\/div>\n\t\t","protected":false},"excerpt":{"rendered":"<p>Mobabois : la mise en valeur du bois entre tradition et industrie Expertise du tournage sur bois : plus de 40 ans d&rsquo;exp\u00e9rience Cr\u00e9ations sur mesure et gammes standards t\u00eates&hellip;<\/p>\n","protected":false},"author":1,"featured_media":0,"parent":0,"menu_order":0,"comment_status":"closed","ping_status":"closed","template":"","meta":{"_acf_changed":false,"footnotes":""},"class_list":["post-29493","page","type-page","status-publish","hentry"],"acf":[],"_links":{"self":[{"href":"https:\/\/entetedemo02.fr\/mobabois\/wp-json\/wp\/v2\/pages\/29493","targetHints":{"allow":["GET"]}}],"collection":[{"href":"https:\/\/entetedemo02.fr\/mobabois\/wp-json\/wp\/v2\/pages"}],"about":[{"href":"https:\/\/entetedemo02.fr\/mobabois\/wp-json\/wp\/v2\/types\/page"}],"author":[{"embeddable":true,"href":"https:\/\/entetedemo02.fr\/mobabois\/wp-json\/wp\/v2\/users\/1"}],"replies":[{"embeddable":true,"href":"https:\/\/entetedemo02.fr\/mobabois\/wp-json\/wp\/v2\/comments?post=29493"}],"version-history":[{"count":162,"href":"https:\/\/entetedemo02.fr\/mobabois\/wp-json\/wp\/v2\/pages\/29493\/revisions"}],"predecessor-version":[{"id":35227,"href":"https:\/\/entetedemo02.fr\/mobabois\/wp-json\/wp\/v2\/pages\/29493\/revisions\/35227"}],"wp:attachment":[{"href":"https:\/\/entetedemo02.fr\/mobabois\/wp-json\/wp\/v2\/media?parent=29493"}],"curies":[{"name":"wp","href":"https:\/\/api.w.org\/{rel}","templated":true}]}}