{"id":41402,"date":"2025-09-12T11:07:42","date_gmt":"2025-09-12T09:07:42","guid":{"rendered":"https:\/\/entetedemo02.fr\/godin\/?page_id=41402"},"modified":"2025-09-29T16:44:28","modified_gmt":"2025-09-29T14:44:28","slug":"entretien-ramonage-sav-de-vos-cheminees-et-poeles","status":"publish","type":"page","link":"https:\/\/entetedemo02.fr\/godin\/entretien-ramonage-sav-de-vos-cheminees-et-poeles\/","title":{"rendered":"Entretien, Ramonage &#038; SAV de vos Chemin\u00e9es et Po\u00eales"},"content":{"rendered":"\t\t<div data-elementor-type=\"wp-page\" data-elementor-id=\"41402\" class=\"elementor elementor-41402\">\n\t\t\t\t<div class=\"elementor-element elementor-element-1bf1c48 lte-background-gray e-flex e-con-boxed e-con e-parent\" data-id=\"1bf1c48\" data-element_type=\"container\">\n\t\t\t\t\t<div class=\"e-con-inner\">\n\t\t<div class=\"elementor-element elementor-element-103cda0 e-con-full e-flex e-con e-child\" data-id=\"103cda0\" data-element_type=\"container\">\n\t\t\t\t<div class=\"elementor-element elementor-element-4cec0f4 lte-animation-speed-slow elementor-invisible elementor-widget elementor-widget-image\" data-id=\"4cec0f4\" data-element_type=\"widget\" data-settings=\"{&quot;_animation&quot;:&quot;zoomIn&quot;}\" data-widget_type=\"image.default\">\n\t\t\t\t<div class=\"elementor-widget-container\">\n\t\t\t\t\t\t\t\t\t\t\t\t\t\t\t<img fetchpriority=\"high\" decoding=\"async\" width=\"851\" height=\"798\" src=\"https:\/\/entetedemo02.fr\/godin\/wp-content\/uploads\/2025\/09\/ramonage.webp\" class=\"attachment-full size-full wp-image-41407\" alt=\"\" srcset=\"https:\/\/entetedemo02.fr\/godin\/wp-content\/uploads\/2025\/09\/ramonage.webp 851w, https:\/\/entetedemo02.fr\/godin\/wp-content\/uploads\/2025\/09\/ramonage-300x281.webp 300w, https:\/\/entetedemo02.fr\/godin\/wp-content\/uploads\/2025\/09\/ramonage-768x720.webp 768w, https:\/\/entetedemo02.fr\/godin\/wp-content\/uploads\/2025\/09\/ramonage-500x469.webp 500w, https:\/\/entetedemo02.fr\/godin\/wp-content\/uploads\/2025\/09\/ramonage-100x94.webp 100w\" sizes=\"(max-width: 851px) 100vw, 851px\" \/>\t\t\t\t\t\t\t\t\t\t\t\t\t\t\t<\/div>\n\t\t\t\t<\/div>\n\t\t\t\t<\/div>\n\t\t<div class=\"elementor-element elementor-element-ffaca8b e-con-full e-flex e-con e-child\" data-id=\"ffaca8b\" data-element_type=\"container\">\n\t\t\t\t<div class=\"elementor-element elementor-element-2d48a72 elementor-widget elementor-widget-text-editor\" data-id=\"2d48a72\" data-element_type=\"widget\" data-widget_type=\"text-editor.default\">\n\t\t\t\t<div class=\"elementor-widget-container\">\n\t\t\t\t\t\t\t\t\t<p>Chez <strong>Chemin\u00e9es Godin Guilers<\/strong>, notre mission ne s\u2019arr\u00eate pas \u00e0 l\u2019installation de votre chemin\u00e9e, po\u00eale ou insert. Pour garantir <strong>performance, s\u00e9curit\u00e9 et long\u00e9vit\u00e9<\/strong> de votre appareil, nous vous proposons un service complet :<\/p>\t\t\t\t\t\t\t\t<\/div>\n\t\t\t\t<\/div>\n\t\t\t\t<div class=\"elementor-element elementor-element-8549bf1 elementor-widget elementor-widget-n-accordion\" data-id=\"8549bf1\" data-element_type=\"widget\" data-settings=\"{&quot;default_state&quot;:&quot;all_collapsed&quot;,&quot;max_items_expended&quot;:&quot;one&quot;,&quot;n_accordion_animation_duration&quot;:{&quot;unit&quot;:&quot;ms&quot;,&quot;size&quot;:400,&quot;sizes&quot;:[]}}\" data-widget_type=\"nested-accordion.default\">\n\t\t\t\t<div class=\"elementor-widget-container\">\n\t\t\t\t\t\t\t<div class=\"e-n-accordion\" aria-label=\"Accordion. Open links with Enter or Space, close with Escape, and navigate with Arrow Keys\">\n\t\t\t\t\t\t<details id=\"e-n-accordion-item-1390\" class=\"e-n-accordion-item\" >\n\t\t\t\t<summary class=\"e-n-accordion-item-title\" data-accordion-index=\"1\" tabindex=\"0\" aria-expanded=\"false\" aria-controls=\"e-n-accordion-item-1390\" >\n\t\t\t\t\t<span class='e-n-accordion-item-title-header'><div class=\"e-n-accordion-item-title-text\"> Ramonage Professionnel <\/div><\/span>\n\t\t\t\t\t\t\t<span class='e-n-accordion-item-title-icon'>\n\t\t\t<span class='e-opened' ><i aria-hidden=\"true\" class=\"fas fa-minus\"><\/i><\/span>\n\t\t\t<span class='e-closed'><i aria-hidden=\"true\" class=\"fas fa-plus\"><\/i><\/span>\n\t\t<\/span>\n\n\t\t\t\t\t\t<\/summary>\n\t\t\t\t<div role=\"region\" aria-labelledby=\"e-n-accordion-item-1390\" class=\"elementor-element elementor-element-330467f e-con-full e-flex e-con e-child\" data-id=\"330467f\" data-element_type=\"container\">\n\t\t\t\t<div class=\"elementor-element elementor-element-3e29793 elementor-widget elementor-widget-text-editor\" data-id=\"3e29793\" data-element_type=\"widget\" data-widget_type=\"text-editor.default\">\n\t\t\t\t<div class=\"elementor-widget-container\">\n\t\t\t\t\t\t\t\t\t<p><span style=\"font-weight: 400;\">Le ramonage est indispensable pour assurer le bon fonctionnement de votre installation et r\u00e9duire les risques d\u2019incendie. Nos techniciens qualifi\u00e9s r\u00e9alisent :<\/span><\/p><ul><li style=\"font-weight: 400;\" aria-level=\"1\"><span style=\"font-weight: 400;\">Le <\/span><b>ramonage du conduit de fum\u00e9e<\/b><span style=\"font-weight: 400;\">, qu\u2019il soit tub\u00e9 ou ma\u00e7onn\u00e9.<\/span><\/li><li style=\"font-weight: 400;\" aria-level=\"1\"><span style=\"font-weight: 400;\">Le <\/span><b>nettoyage du foyer et de la vitre<\/b><span style=\"font-weight: 400;\">, pour un rendement optimal.<\/span><\/li><li style=\"font-weight: 400;\" aria-level=\"1\"><span style=\"font-weight: 400;\">La d\u00e9livrance d\u2019un <\/span><b>certificat de ramonage<\/b><span style=\"font-weight: 400;\">, n\u00e9cessaire pour votre assurance.<\/span><\/li><\/ul><p><span style=\"font-weight: 400;\">Un entretien r\u00e9gulier de votre appareil prolonge sa dur\u00e9e de vie et limite les pannes. Nous intervenons sur :<\/span><\/p><ul><li style=\"font-weight: 400;\" aria-level=\"1\"><span style=\"font-weight: 400;\">Les <\/span><b>po\u00eales \u00e0 bois et \u00e0 granul\u00e9s<\/b><span style=\"font-weight: 400;\">, inserts et foyers ferm\u00e9s.<\/span><\/li><li style=\"font-weight: 400;\" aria-level=\"1\"><span style=\"font-weight: 400;\">Le <\/span><b>contr\u00f4le des organes de s\u00e9curit\u00e9<\/b><span style=\"font-weight: 400;\"> et de la combustion.<\/span><\/li><\/ul><p><span style=\"font-weight: 400;\">Le <\/span><b>nettoyage des composants techniques<\/b><span style=\"font-weight: 400;\"> (braseros, ventilateurs, etc.).<\/span><\/p>\t\t\t\t\t\t\t\t<\/div>\n\t\t\t\t<\/div>\n\t\t\t\t<\/div>\n\t\t\t\t\t<\/details>\n\t\t\t\t\t\t<details id=\"e-n-accordion-item-1391\" class=\"e-n-accordion-item\" >\n\t\t\t\t<summary class=\"e-n-accordion-item-title\" data-accordion-index=\"2\" tabindex=\"-1\" aria-expanded=\"false\" aria-controls=\"e-n-accordion-item-1391\" >\n\t\t\t\t\t<span class='e-n-accordion-item-title-header'><div class=\"e-n-accordion-item-title-text\"> Service Apr\u00e8s-Vente <\/div><\/span>\n\t\t\t\t\t\t\t<span class='e-n-accordion-item-title-icon'>\n\t\t\t<span class='e-opened' ><i aria-hidden=\"true\" class=\"fas fa-minus\"><\/i><\/span>\n\t\t\t<span class='e-closed'><i aria-hidden=\"true\" class=\"fas fa-plus\"><\/i><\/span>\n\t\t<\/span>\n\n\t\t\t\t\t\t<\/summary>\n\t\t\t\t<div role=\"region\" aria-labelledby=\"e-n-accordion-item-1391\" class=\"elementor-element elementor-element-15782aa e-con-full e-flex e-con e-child\" data-id=\"15782aa\" data-element_type=\"container\">\n\t\t\t\t<div class=\"elementor-element elementor-element-2f15f91 elementor-widget elementor-widget-text-editor\" data-id=\"2f15f91\" data-element_type=\"widget\" data-widget_type=\"text-editor.default\">\n\t\t\t\t<div class=\"elementor-widget-container\">\n\t\t\t\t\t\t\t\t\t<p><span style=\"font-weight: 400;\">En cas de probl\u00e8me ou de panne, notre \u00e9quipe SAV vous accompagne rapidement :<\/span><\/p><ul><li style=\"font-weight: 400;\" aria-level=\"1\"><b>Diagnostic pr\u00e9cis<\/b><span style=\"font-weight: 400;\"> sur place.<\/span><\/li><li style=\"font-weight: 400;\" aria-level=\"1\"><b>R\u00e9paration<\/b><span style=\"font-weight: 400;\"> ou remplacement des pi\u00e8ces d\u00e9fectueuses.<\/span><\/li><li style=\"font-weight: 400;\" aria-level=\"1\"><span style=\"font-weight: 400;\">Conseils pour optimiser l\u2019utilisation de votre appareil.<\/span><\/li><\/ul>\t\t\t\t\t\t\t\t<\/div>\n\t\t\t\t<\/div>\n\t\t\t\t<\/div>\n\t\t\t\t\t<\/details>\n\t\t\t\t\t\t<details id=\"e-n-accordion-item-1392\" class=\"e-n-accordion-item\" >\n\t\t\t\t<summary class=\"e-n-accordion-item-title\" data-accordion-index=\"3\" tabindex=\"-1\" aria-expanded=\"false\" aria-controls=\"e-n-accordion-item-1392\" >\n\t\t\t\t\t<span class='e-n-accordion-item-title-header'><div class=\"e-n-accordion-item-title-text\"> Pourquoi nous choisir ? <\/div><\/span>\n\t\t\t\t\t\t\t<span class='e-n-accordion-item-title-icon'>\n\t\t\t<span class='e-opened' ><i aria-hidden=\"true\" class=\"fas fa-minus\"><\/i><\/span>\n\t\t\t<span class='e-closed'><i aria-hidden=\"true\" class=\"fas fa-plus\"><\/i><\/span>\n\t\t<\/span>\n\n\t\t\t\t\t\t<\/summary>\n\t\t\t\t<div role=\"region\" aria-labelledby=\"e-n-accordion-item-1392\" class=\"elementor-element elementor-element-e73cba2 e-con-full e-flex e-con e-child\" data-id=\"e73cba2\" data-element_type=\"container\">\n\t\t\t\t<div class=\"elementor-element elementor-element-3f096cf elementor-widget elementor-widget-text-editor\" data-id=\"3f096cf\" data-element_type=\"widget\" data-widget_type=\"text-editor.default\">\n\t\t\t\t<div class=\"elementor-widget-container\">\n\t\t\t\t\t\t\t\t\t<ul><li style=\"font-weight: 400;\" aria-level=\"1\"><span style=\"font-weight: 400;\">Une <\/span><b>\u00e9quipe form\u00e9e et certifi\u00e9e<\/b><span style=\"font-weight: 400;\"> pour l\u2019entretien et le ramonage.<\/span><\/li><li style=\"font-weight: 400;\" aria-level=\"1\"><span style=\"font-weight: 400;\">Des <\/span><b>interventions rapides<\/b><span style=\"font-weight: 400;\"> dans votre secteur.<\/span><\/li><\/ul><p><span style=\"font-weight: 400;\">Un <\/span><b>suivi personnalis\u00e9<\/b><span style=\"font-weight: 400;\"> pour chaque client.<\/span><\/p>\t\t\t\t\t\t\t\t<\/div>\n\t\t\t\t<\/div>\n\t\t\t\t<\/div>\n\t\t\t\t\t<\/details>\n\t\t\t\t\t<\/div>\n\t\t\t\t\t\t<\/div>\n\t\t\t\t<\/div>\n\t\t\t\t<\/div>\n\t\t\t\t\t<\/div>\n\t\t\t\t<\/div>\n\t\t<div class=\"elementor-element elementor-element-6408a35 lte-background-gray e-flex e-con-boxed e-con e-parent\" data-id=\"6408a35\" data-element_type=\"container\">\n\t\t\t\t\t<div class=\"e-con-inner\">\n\t\t\t\t<div class=\"elementor-element elementor-element-7af326f elementor-widget elementor-widget-text-editor\" data-id=\"7af326f\" data-element_type=\"widget\" data-widget_type=\"text-editor.default\">\n\t\t\t\t<div class=\"elementor-widget-container\">\n\t\t\t\t\t\t\t\t\t<p><b>Prenez rendez-vous d\u00e8s maintenant<\/b><span style=\"font-weight: 400;\"> pour votre ramonage ou entretien annuel et profitez d\u2019un appareil performant et s\u00e9curis\u00e9 toute l\u2019ann\u00e9e.<\/span><\/p>\t\t\t\t\t\t\t\t<\/div>\n\t\t\t\t<\/div>\n\t\t\t\t<div class=\"elementor-element elementor-element-344f46f elementor-widget elementor-widget-lte-cf7\" data-id=\"344f46f\" data-element_type=\"widget\" data-widget_type=\"lte-cf7.default\">\n\t\t\t\t<div class=\"elementor-widget-container\">\n\t\t\t\t\t<div class=\"lte-contact-form-7 lte-padding-yes lte-btn-black lte-full-width-no\">\n<div class=\"wpcf7 no-js\" id=\"wpcf7-f41462-o1\" lang=\"fr-FR\" dir=\"ltr\" data-wpcf7-id=\"41462\">\n<div class=\"screen-reader-response\"><p role=\"status\" aria-live=\"polite\" aria-atomic=\"true\"><\/p> <ul><\/ul><\/div>\n<form action=\"\/godin\/wp-json\/wp\/v2\/pages\/41402#wpcf7-f41462-o1\" method=\"post\" class=\"wpcf7-form init\" aria-label=\"Formulaire de contact\" novalidate=\"novalidate\" data-status=\"init\">\n<fieldset class=\"hidden-fields-container\"><input type=\"hidden\" name=\"_wpcf7\" value=\"41462\" \/><input type=\"hidden\" name=\"_wpcf7_version\" value=\"6.1.1\" \/><input type=\"hidden\" name=\"_wpcf7_locale\" value=\"fr_FR\" \/><input type=\"hidden\" name=\"_wpcf7_unit_tag\" value=\"wpcf7-f41462-o1\" \/><input type=\"hidden\" name=\"_wpcf7_container_post\" value=\"0\" \/><input type=\"hidden\" name=\"_wpcf7_posted_data_hash\" value=\"\" \/>\n<\/fieldset>\n<div class=\"row\">\n\t<div class=\"col-lg-6 col-md-12 col-xs-12\">\n\t\t<p><span class=\"wpcf7-form-control-wrap\" data-name=\"your-name\"><input size=\"40\" maxlength=\"400\" class=\"wpcf7-form-control wpcf7-text wpcf7-validates-as-required\" aria-required=\"true\" aria-invalid=\"false\" placeholder=\"Votre nom\" value=\"\" type=\"text\" name=\"your-name\" \/><\/span>\n\t\t<\/p>\n\t<\/div>\n\t<div class=\"col-lg-6 col-md-12 col-xs-12\">\n\t\t<p><span class=\"wpcf7-form-control-wrap\" data-name=\"your-surname\"><input size=\"40\" maxlength=\"400\" class=\"wpcf7-form-control wpcf7-text wpcf7-validates-as-required\" aria-required=\"true\" aria-invalid=\"false\" placeholder=\"Votre pr\u00e9nom\" value=\"\" type=\"text\" name=\"your-surname\" \/><\/span>\n\t\t<\/p>\n\t<\/div>\n\t<div class=\"col-lg-6 col-md-12 col-xs-12\">\n\t\t<p><span class=\"wpcf7-form-control-wrap\" data-name=\"your-email\"><input size=\"40\" maxlength=\"400\" class=\"wpcf7-form-control wpcf7-email wpcf7-validates-as-required wpcf7-text wpcf7-validates-as-email\" aria-required=\"true\" aria-invalid=\"false\" placeholder=\"Votre e-mail\" value=\"\" type=\"email\" name=\"your-email\" \/><\/span>\n\t\t<\/p>\n\t<\/div>\n\t<div class=\"col-lg-6 col-md-12 col-xs-12\">\n\t\t<p><span class=\"wpcf7-form-control-wrap\" data-name=\"tel-112\"><input size=\"40\" maxlength=\"400\" class=\"wpcf7-form-control wpcf7-tel wpcf7-validates-as-required wpcf7-text wpcf7-validates-as-tel\" aria-required=\"true\" aria-invalid=\"false\" placeholder=\"Votre t\u00e9l\u00e9phone\" value=\"\" type=\"tel\" name=\"tel-112\" \/><\/span>\n\t\t<\/p>\n\t<\/div>\n\t<div class=\"col-lg-6 col-md-12 col-xs-12\">\n\t\t<p><span class=\"wpcf7-form-control-wrap\" data-name=\"your-address\"><input size=\"40\" maxlength=\"400\" class=\"wpcf7-form-control wpcf7-text wpcf7-validates-as-required\" aria-required=\"true\" aria-invalid=\"false\" placeholder=\"Votre adresse\" value=\"\" type=\"text\" name=\"your-address\" \/><\/span>\n\t\t<\/p>\n\t<\/div>\n\t<div class=\"col-lg-6 col-md-12 col-xs-12\">\n\t\t<p><span class=\"wpcf7-form-control-wrap\" data-name=\"your-postal-code\"><input size=\"40\" maxlength=\"400\" class=\"wpcf7-form-control wpcf7-text wpcf7-validates-as-required\" aria-required=\"true\" aria-invalid=\"false\" placeholder=\"Code postal\" value=\"\" type=\"text\" name=\"your-postal-code\" \/><\/span>\n\t\t<\/p>\n\t<\/div>\n\t<div class=\"col-lg-12 col-md-12 col-xs-12\">\n\t\t<p>Vous \u00eates d\u00e9j\u00e0 client ? <span class=\"wpcf7-form-control-wrap\" data-name=\"client-status\"><span class=\"wpcf7-form-control wpcf7-radio\"><span class=\"wpcf7-list-item first\"><input type=\"radio\" name=\"client-status\" value=\"Oui\" checked=\"checked\" \/><span class=\"wpcf7-list-item-label\">Oui<\/span><\/span><span class=\"wpcf7-list-item last\"><input type=\"radio\" name=\"client-status\" value=\"Non\" \/><span class=\"wpcf7-list-item-label\">Non<\/span><\/span><\/span><\/span>\n\t\t<\/p>\n\t<\/div>\n\t<div class=\"col-lg-12 col-md-12 col-xs-12\">\n\t\t<p>Type d\u2019installation<br \/>\n<span class=\"wpcf7-form-control-wrap\" data-name=\"installation-type\"><span class=\"wpcf7-form-control wpcf7-checkbox wpcf7-validates-as-required\"><span class=\"wpcf7-list-item first\"><input type=\"checkbox\" name=\"installation-type[]\" value=\"Po\u00eale bois\" \/><span class=\"wpcf7-list-item-label\">Po\u00eale bois<\/span><\/span><span class=\"wpcf7-list-item\"><input type=\"checkbox\" name=\"installation-type[]\" value=\"Po\u00eale Granules\" \/><span class=\"wpcf7-list-item-label\">Po\u00eale Granules<\/span><\/span><span class=\"wpcf7-list-item\"><input type=\"checkbox\" name=\"installation-type[]\" value=\"Po\u00eales Hybride\" \/><span class=\"wpcf7-list-item-label\">Po\u00eales Hybride<\/span><\/span><span class=\"wpcf7-list-item\"><input type=\"checkbox\" name=\"installation-type[]\" value=\"Chemin\u00e9e-Insert\" \/><span class=\"wpcf7-list-item-label\">Chemin\u00e9e-Insert<\/span><\/span><span class=\"wpcf7-list-item last\"><input type=\"checkbox\" name=\"installation-type[]\" value=\"Cuisson\" \/><span class=\"wpcf7-list-item-label\">Cuisson<\/span><\/span><\/span><\/span>\n\t\t<\/p>\n\t<\/div>\n\t<div class=\"col-lg-12 col-md-12 col-xs-12\">\n\t\t<p><span class=\"wpcf7-form-control-wrap\" data-name=\"your-device-brand\"><input size=\"40\" maxlength=\"400\" class=\"wpcf7-form-control wpcf7-text\" aria-invalid=\"false\" placeholder=\"La marque de votre appareil\" value=\"\" type=\"text\" name=\"your-device-brand\" \/><\/span>\n\t\t<\/p>\n\t<\/div>\n\t<div class=\"col-lg-12 col-md-12 col-xs-12\">\n\t\t<p><span class=\"wpcf7-form-control-wrap\" data-name=\"preferred-days\"><textarea cols=\"40\" rows=\"10\" maxlength=\"2000\" class=\"wpcf7-form-control wpcf7-textarea\" aria-invalid=\"false\" placeholder=\"Le \/ Les jours les plus adapt\u00e9s pour notre intervention ?\" name=\"preferred-days\"><\/textarea><\/span>\n\t\t<\/p>\n\t<\/div>\n<\/div>\n<p><input class=\"wpcf7-form-control wpcf7-submit has-spinner\" type=\"submit\" value=\"Envoyer votre demande\" \/>\n<\/p><div class=\"wpcf7-response-output\" aria-hidden=\"true\"><\/div>\n<\/form>\n<\/div>\n<\/div>\t\t\t\t<\/div>\n\t\t\t\t<\/div>\n\t\t\t\t\t<\/div>\n\t\t\t\t<\/div>\n\t\t\t\t<\/div>\n\t\t","protected":false},"excerpt":{"rendered":"<p>Chez Chemin\u00e9es Godin Guilers, notre mission ne s\u2019arr\u00eate pas \u00e0 l\u2019installation de votre chemin\u00e9e, po\u00eale ou insert. Pour garantir performance, s\u00e9curit\u00e9 et long\u00e9vit\u00e9 de votre appareil, nous vous proposons un service complet : Ramonage Professionnel Le ramonage est indispensable pour assurer le bon fonctionnement de votre installation et r\u00e9duire les risques d\u2019incendie. Nos techniciens qualifi\u00e9s [&hellip;]<\/p>\n","protected":false},"author":1,"featured_media":0,"parent":0,"menu_order":0,"comment_status":"closed","ping_status":"closed","template":"page-templates\/full-width.php","meta":{"footnotes":""},"class_list":["post-41402","page","type-page","status-publish","hentry"],"_links":{"self":[{"href":"https:\/\/entetedemo02.fr\/godin\/wp-json\/wp\/v2\/pages\/41402","targetHints":{"allow":["GET"]}}],"collection":[{"href":"https:\/\/entetedemo02.fr\/godin\/wp-json\/wp\/v2\/pages"}],"about":[{"href":"https:\/\/entetedemo02.fr\/godin\/wp-json\/wp\/v2\/types\/page"}],"author":[{"embeddable":true,"href":"https:\/\/entetedemo02.fr\/godin\/wp-json\/wp\/v2\/users\/1"}],"replies":[{"embeddable":true,"href":"https:\/\/entetedemo02.fr\/godin\/wp-json\/wp\/v2\/comments?post=41402"}],"version-history":[{"count":16,"href":"https:\/\/entetedemo02.fr\/godin\/wp-json\/wp\/v2\/pages\/41402\/revisions"}],"predecessor-version":[{"id":41468,"href":"https:\/\/entetedemo02.fr\/godin\/wp-json\/wp\/v2\/pages\/41402\/revisions\/41468"}],"wp:attachment":[{"href":"https:\/\/entetedemo02.fr\/godin\/wp-json\/wp\/v2\/media?parent=41402"}],"curies":[{"name":"wp","href":"https:\/\/api.w.org\/{rel}","templated":true}]}}