{"id":32647,"date":"2022-07-26T10:37:46","date_gmt":"2022-07-26T10:37:46","guid":{"rendered":"https:\/\/entetedemo02.fr\/godin\/?page_id=32647"},"modified":"2025-09-29T14:44:01","modified_gmt":"2025-09-29T12:44:01","slug":"accueil","status":"publish","type":"page","link":"https:\/\/entetedemo02.fr\/godin\/","title":{"rendered":"Accueil"},"content":{"rendered":"<div id=\"wpmem_restricted_msg\"><p>Ce contenu n\u2019est accessible qu\u2019aux membres du site. Si vous \u00eates inscrit, veuillez vous connecter. Les nouveaux utilisateurs peuvent s'inscrire ci-dessous.<\/p><\/div><div id=\"wpmem_login\"><a id=\"login\"><\/a><form action=\"https:\/\/entetedemo02.fr\/godin\/poele-a-bois-ou-poele-a-granules\/\" method=\"POST\" id=\"wpmem_login_form\" class=\"form\"><input type=\"hidden\" id=\"_wpmem_login_nonce\" name=\"_wpmem_login_nonce\" value=\"446ed999b5\" \/><input type=\"hidden\" name=\"_wp_http_referer\" value=\"\/godin\/wp-json\/wp\/v2\/pages\/32647\" \/><fieldset><legend>Connexion pour les utilisateurs enregistr\u00e9s<\/legend><label for=\"log\">Identifiant ou e-mail<\/label><div class=\"div_text\"><input name=\"log\" type=\"text\" id=\"log\" value=\"\" class=\"username\" required  \/><\/div><label for=\"pwd\">Mot de passe<\/label><div class=\"div_text\"><input name=\"pwd\" type=\"password\" id=\"pwd\" class=\"password\" required  \/><\/div><input name=\"a\" type=\"hidden\" value=\"login\" \/><input name=\"redirect_to\" type=\"hidden\" value=\"https:\/\/entetedemo02.fr\/godin\/poele-a-bois-ou-poele-a-granules\/\" \/><div class=\"button_div\"><input name=\"rememberme\" type=\"checkbox\" id=\"rememberme\" value=\"forever\" \/>&nbsp;<label for=\"rememberme\">Se souvenir de moi<\/label>&nbsp;&nbsp;<input type=\"submit\" name=\"Submit\" value=\"Connexion\" class=\"buttons\" \/><\/div><div class=\"link-text\"><span class=\"link-text-forgot\">Mot de passe oubli\u00e9\u00a0?&nbsp;<a href=\"https:\/\/entetedemo02.fr\/godin\/parrainage\/?a=pwdreset\">Cliquez ici pour r\u00e9initialiser<\/a><\/span><\/div><\/fieldset><\/form><\/div><div id=\"wpmem_reg\"><a id=\"register\"><\/a><form name=\"form\" method=\"post\" action=\"https:\/\/entetedemo02.fr\/godin\/poele-a-bois-ou-poele-a-granules\/\" id=\"wpmem_register_form\" class=\"form\"><input type=\"hidden\" id=\"_wpmem_register_nonce\" name=\"_wpmem_register_nonce\" value=\"8ec22b7fb5\" \/><input type=\"hidden\" name=\"_wp_http_referer\" value=\"\/godin\/wp-json\/wp\/v2\/pages\/32647\" \/><fieldset><legend>Nouvel utilisateur\u00a0?<\/legend><label for=\"username\" class=\"text\">Pr\u00e9nom nom<span class=\"req\">*<\/span><\/label><div class=\"div_text\"><input name=\"username\" type=\"text\" id=\"username\" value=\"\" class=\"textbox\" placeholder=\"Pr\u00e9nom Nom*\" required  \/><\/div><label for=\"billing_address_1\" class=\"text\">Adresse<span class=\"req\">*<\/span><\/label><div class=\"div_text\"><input name=\"billing_address_1\" type=\"text\" id=\"billing_address_1\" value=\"\" class=\"textbox\" placeholder=\"Adresse*\" required  \/><\/div><label for=\"billing_city\" class=\"text\">Ville<span class=\"req\">*<\/span><\/label><div class=\"div_text\"><input name=\"billing_city\" type=\"text\" id=\"billing_city\" value=\"\" class=\"textbox\" placeholder=\"Ville*\" required  \/><\/div><label for=\"billing_postcode\" class=\"text\">Code postal<span class=\"req\">*<\/span><\/label><div class=\"div_text\"><input name=\"billing_postcode\" type=\"text\" id=\"billing_postcode\" value=\"\" class=\"textbox\" placeholder=\"Code postal*\" required  \/><\/div><label for=\"billing_phone\" class=\"text\">T\u00e9l\u00e9phone<span class=\"req\">*<\/span><\/label><div class=\"div_text\"><input name=\"billing_phone\" type=\"text\" id=\"billing_phone\" value=\"\" class=\"textbox\" placeholder=\"T\u00e9l\u00e9phone*\" required  \/><\/div><label for=\"user_email\" class=\"text\">Courriel<span class=\"req\">*<\/span><\/label><div class=\"div_text\"><input name=\"user_email\" type=\"email\" id=\"user_email\" value=\"\" class=\"textbox\" placeholder=\"Courriel\" required  \/><\/div><label for=\"confirm_email\" class=\"text\">Confirmez votre Email<span class=\"req\">*<\/span><\/label><div class=\"div_text\"><input name=\"confirm_email\" type=\"email\" id=\"confirm_email\" value=\"\" class=\"textbox\" placeholder=\"Confirmez votre Email*\" required  \/><\/div><label for=\"password\" class=\"text\">Mot de passe<span class=\"req\">*<\/span><\/label><div class=\"div_text\"><input name=\"password\" type=\"password\" id=\"password\" class=\"textbox\" placeholder=\"Mot de passe*\" required  \/><\/div><label for=\"confirm_password\" class=\"text\">Confirmer le mot de passe<span class=\"req\">*<\/span><\/label><div class=\"div_text\"><input name=\"confirm_password\" type=\"password\" id=\"confirm_password\" class=\"textbox\" placeholder=\"Confirmer le mot de passe*\" required  \/><\/div><div class=\"div_checkbox\"><input name=\"conditions\" type=\"checkbox\" id=\"conditions\" value=\"Conditions accept\u00e9es\" required  \/> <label for=\"conditions\"><label for=\"conditions\" class=\"checkbox\">Accepter les conditions, mes informations personnelles ne seront pas fournies \u00e0 des tiers<span class=\"req\">*<\/span><\/label><\/label><\/div><input name=\"a\" type=\"hidden\" value=\"register\" \/><input name=\"wpmem_reg_page\" type=\"hidden\" value=\"https:\/\/entetedemo02.fr\/godin\/poele-a-bois-ou-poele-a-granules\/\" \/><div class=\"button_div\"><input name=\"submit\" type=\"submit\" value=\"S\u2019inscrire\" class=\"buttons\" \/><\/div><div class=\"req-text\"><span class=\"req\">*<\/span>Champ requis<\/div><\/fieldset><\/form><\/div>","protected":false},"excerpt":{"rendered":"<p>Ce contenu n\u2019est accessible qu\u2019aux membres du site. Si vous \u00eates inscrit, veuillez vous connecter. Les nouveaux utilisateurs peuvent s&#8217;inscrire ci-dessous.Connexion pour les utilisateurs enregistr\u00e9sIdentifiant ou e-mailMot de passe&nbsp;Se souvenir de moi&nbsp;&nbsp;Mot de passe oubli\u00e9\u00a0?&nbsp;Cliquez ici pour r\u00e9initialiserNouvel utilisateur\u00a0?Pr\u00e9nom nom*Adresse*Ville*Code postal*T\u00e9l\u00e9phone*Courriel*Confirmez votre Email*Mot de passe*Confirmer le mot de passe* Accepter les conditions, mes informations personnelles [&hellip;]<\/p>\n","protected":false},"author":1,"featured_media":0,"parent":0,"menu_order":0,"comment_status":"closed","ping_status":"closed","template":"page-templates\/full-width.php","meta":{"footnotes":""},"class_list":["post-32647","page","type-page","status-publish","hentry","has-post-thumbnail"],"_links":{"self":[{"href":"https:\/\/entetedemo02.fr\/godin\/wp-json\/wp\/v2\/pages\/32647","targetHints":{"allow":["GET"]}}],"collection":[{"href":"https:\/\/entetedemo02.fr\/godin\/wp-json\/wp\/v2\/pages"}],"about":[{"href":"https:\/\/entetedemo02.fr\/godin\/wp-json\/wp\/v2\/types\/page"}],"author":[{"embeddable":true,"href":"https:\/\/entetedemo02.fr\/godin\/wp-json\/wp\/v2\/users\/1"}],"replies":[{"embeddable":true,"href":"https:\/\/entetedemo02.fr\/godin\/wp-json\/wp\/v2\/comments?post=32647"}],"version-history":[{"count":383,"href":"https:\/\/entetedemo02.fr\/godin\/wp-json\/wp\/v2\/pages\/32647\/revisions"}],"predecessor-version":[{"id":41429,"href":"https:\/\/entetedemo02.fr\/godin\/wp-json\/wp\/v2\/pages\/32647\/revisions\/41429"}],"wp:attachment":[{"href":"https:\/\/entetedemo02.fr\/godin\/wp-json\/wp\/v2\/media?parent=32647"}],"curies":[{"name":"wp","href":"https:\/\/api.w.org\/{rel}","templated":true}]}}