{"id":4469,"date":"2026-03-02T11:18:18","date_gmt":"2026-03-02T10:18:18","guid":{"rendered":"https:\/\/entetedemo02.fr\/chec\/?page_id=4469"},"modified":"2026-04-07T11:27:18","modified_gmt":"2026-04-07T09:27:18","slug":"ressources-pedagogiques-pass-las","status":"publish","type":"page","link":"https:\/\/entetedemo02.fr\/chec\/ressources-pedagogiques-pass-las\/","title":{"rendered":"Ressources p\u00e9dagogiques PASS \/ LAS"},"content":{"rendered":"\t\t<div data-elementor-type=\"wp-page\" data-elementor-id=\"4469\" class=\"elementor elementor-4469\">\n\t\t\t\t<div class=\"elementor-element elementor-element-e3e91e4 e-flex e-con-boxed e-con e-parent\" data-id=\"e3e91e4\" data-element_type=\"container\" data-settings=\"{&quot;background_background&quot;:&quot;classic&quot;}\">\n\t\t\t\t\t<div class=\"e-con-inner\">\n\t\t\t\t<div class=\"elementor-element elementor-element-483b1ee elementor-widget elementor-widget-text-editor\" data-id=\"483b1ee\" data-element_type=\"widget\" data-widget_type=\"text-editor.default\">\n\t\t\t\t\t\t\t\t\t<p>Chers \u00e9tudiants,<\/p><p>Vous trouverez ci dessous les cours d&#8217;embryologie et d&#8217;histologie r\u00e9alis\u00e9s par les enseignants du Coll\u00e8ge Universitaire et Hospitalier des Histologistes, Embryologistes et Cytog\u00e9n\u00e9ticiens.<\/p>\t\t\t\t\t\t\t\t<\/div>\n\t\t\t\t<div class=\"elementor-element elementor-element-6216c18 elementor-widget elementor-widget-heading\" data-id=\"6216c18\" data-element_type=\"widget\" data-widget_type=\"heading.default\">\n\t\t\t\t\t<h2 class=\"elementor-heading-title elementor-size-default\">ENSEIGNANTS<\/h2>\t\t\t\t<\/div>\n\t\t\t\t<div class=\"elementor-element elementor-element-1391fcd elementor-widget elementor-widget-wgl-toggle-accordion\" data-id=\"1391fcd\" data-element_type=\"widget\" data-widget_type=\"wgl-toggle-accordion.default\">\n\t\t\t\t<div class=\"elementor-widget-container\">\n\t\t\t\t\t<div class=\"wgl-accordion icon-custom\" id=\"wgl-accordion-1391fcd\" data-type=\"accordion\" data-trigger=\"\"><div class=\"wgl-accordion_panel elementor-repeater-item-9f79409\" id=\"wgl-accordion_panel-2051\"><div class=\"wgl-accordion_panel-inner\"><h4 class=\"wgl-accordion_header\"><span class=\"wgl-accordion_title\">Liste des enseignants ayant particip\u00e9 \u00e0 la r\u00e9alisation de ces documents<\/span><span class=\"wgl-accordion_icon elementor-icon\"><svg aria-hidden=\"true\" class=\"e-font-icon-svg e-fas-arrow-right\" viewBox=\"0 0 448 512\" xmlns=\"http:\/\/www.w3.org\/2000\/svg\"><path d=\"M190.5 66.9l22.2-22.2c9.4-9.4 24.6-9.4 33.9 0L441 239c9.4 9.4 9.4 24.6 0 33.9L246.6 467.3c-9.4 9.4-24.6 9.4-33.9 0l-22.2-22.2c-9.5-9.5-9.3-25 .4-34.3L311.4 296H24c-13.3 0-24-10.7-24-24v-32c0-13.3 10.7-24 24-24h287.4L190.9 101.2c-9.8-9.3-10-24.8-.4-34.3z\"><\/path><\/svg><\/span><\/h4><div class=\"wgl-accordion_content\"><ul><li>Andr\u00e9e DELAHAYE-DURIEZ (Paris)<\/li><li>Anne MC LEER (Grenoble)<\/li><li>Anne PLONQUET<\/li><li>Anne-Sophie NEYROUD (Rennes)<\/li><li>C\u00e9lia RAVEL (Rennes)<\/li><li>Claire MAUDUIT (Lyon)<\/li><li>Damien AMBROSETTI (Nice)<\/li><li>Elodie LONG MIRA (Nice)<\/li><li>Jean-philippe KLEIN (St-Etienne)<\/li><li>Laura MARY (Rennes)<\/li><li>Marc-Antoine BELAUD-ROTUREAU (Rennes)<\/li><li>Matthieu TALAGAS (Brest)<\/li><li>Philippe VAGO (Clermont)<\/li><li>Rosalie CABRY-GOUBET (Amiens)<\/li><li>Sylvain LADOIRE (Dijon)<\/li><li>Sylvie JAILLARD (Rennes)<\/li><\/ul><p><strong>Coordination<\/strong><\/p><ul><li>Anne-Sophie NEYROUD (Rennes)<\/li><li>Damien AMBROSETTI (Nice)<\/li><li>Laura MARY (Rennes)<\/li><li>Marc-Antoine BELAUD-ROTUREAU (Rennes)<\/li><\/ul><\/div><\/div><\/div><\/div>\t\t\t\t<\/div>\n\t\t\t\t<\/div>\n\t\t\t\t<div class=\"elementor-element elementor-element-9833465 elementor-widget elementor-widget-heading\" data-id=\"9833465\" data-element_type=\"widget\" data-widget_type=\"heading.default\">\n\t\t\t\t\t<h2 class=\"elementor-heading-title elementor-size-default\">EMBRYOLOGIE<\/h2>\t\t\t\t<\/div>\n\t\t\t\t<div class=\"elementor-element elementor-element-92f20cc elementor-widget elementor-widget-wgl-toggle-accordion\" data-id=\"92f20cc\" data-element_type=\"widget\" data-widget_type=\"wgl-toggle-accordion.default\">\n\t\t\t\t<div class=\"elementor-widget-container\">\n\t\t\t\t\t<div class=\"wgl-accordion icon-custom\" id=\"wgl-accordion-92f20cc\" data-type=\"accordion\" data-trigger=\"\"><div class=\"wgl-accordion_panel elementor-repeater-item-9f79409\" id=\"wgl-accordion_panel-1541\"><div class=\"wgl-accordion_panel-inner\"><h4 class=\"wgl-accordion_header\"><span class=\"wgl-accordion_title\">Introduction et rappels de biologie de la reproduction<\/span><span class=\"wgl-accordion_icon elementor-icon\"><svg aria-hidden=\"true\" class=\"e-font-icon-svg e-fas-arrow-right\" viewBox=\"0 0 448 512\" xmlns=\"http:\/\/www.w3.org\/2000\/svg\"><path d=\"M190.5 66.9l22.2-22.2c9.4-9.4 24.6-9.4 33.9 0L441 239c9.4 9.4 9.4 24.6 0 33.9L246.6 467.3c-9.4 9.4-24.6 9.4-33.9 0l-22.2-22.2c-9.5-9.5-9.3-25 .4-34.3L311.4 296H24c-13.3 0-24-10.7-24-24v-32c0-13.3 10.7-24 24-24h287.4L190.9 101.2c-9.8-9.3-10-24.8-.4-34.3z\"><\/path><\/svg><\/span><\/h4><div class=\"wgl-accordion_content\"><p><a href=\"https:\/\/unice-my.sharepoint.com\/:v:\/g\/personal\/damien_ambrosetti_unice_fr\/EUvy6GCK9ABJvoCqB0n1FAUBLhqo_SdaODvWQUZqDVrlVw?e=jrNJTg\" target=\"_blank\" rel=\"noopener\">Pr\u00e9sentation des enseignements<\/a> - Pr Philippe VAGO (Clermont) - Relectrice: Dr Rosalie CABRY-GOUBET (Amiens)<\/p><p><a href=\"https:\/\/unice-my.sharepoint.com\/:v:\/g\/personal\/damien_ambrosetti_unice_fr\/ETvev1sEiThDrzuznxgNXDQBHth8YU_BPQa2GKLaa3K-UA?e=l8pb2b\" target=\"_blank\" rel=\"noopener\">Gam\u00e9togen\u00e8se m\u00e2le<\/a> - Pr C\u00e9lia RAVEL (Rennes) - Relectrice: Dr Rosalie CABRY-GOUBET (Amiens)<\/p><p><a href=\"https:\/\/unice-my.sharepoint.com\/:v:\/g\/personal\/damien_ambrosetti_unice_fr\/EaRfz8LEVulKsg-cvGsT9BYBkUvp8-AYDx94WQ9cM6WnzA?e=VemELT\" target=\"_blank\" rel=\"noopener\">Gam\u00e9togen\u00e8se femelle<\/a> - Pr C\u00e9lia RAVEL (Rennes) - Relectrice: Dr Rosalie CABRY-GOUBET (Amiens)<\/p><p><a href=\"https:\/\/unice-my.sharepoint.com\/:v:\/g\/personal\/damien_ambrosetti_unice_fr\/ERtTAQdskGtPlGhZ93yC78IB-7p2-c4kqkvvD_Pva3rqFw?e=xUiFCz\" target=\"_blank\" rel=\"noopener\">F\u00e9condation<\/a> - Dr Anne-Sophie NEYROUD et Dr Laura MARY (Rennes) -\u00a0 Relectrice: Dr Rosalie CABRY-GOUBET (Amiens)<\/p><\/div><\/div><\/div><div class=\"wgl-accordion_panel elementor-repeater-item-4d7212a\" id=\"wgl-accordion_panel-1542\"><div class=\"wgl-accordion_panel-inner\"><h4 class=\"wgl-accordion_header\"><span class=\"wgl-accordion_title\">Embryogen\u00e8se<\/span><span class=\"wgl-accordion_icon elementor-icon\"><svg aria-hidden=\"true\" class=\"e-font-icon-svg e-fas-arrow-right\" viewBox=\"0 0 448 512\" xmlns=\"http:\/\/www.w3.org\/2000\/svg\"><path d=\"M190.5 66.9l22.2-22.2c9.4-9.4 24.6-9.4 33.9 0L441 239c9.4 9.4 9.4 24.6 0 33.9L246.6 467.3c-9.4 9.4-24.6 9.4-33.9 0l-22.2-22.2c-9.5-9.5-9.3-25 .4-34.3L311.4 296H24c-13.3 0-24-10.7-24-24v-32c0-13.3 10.7-24 24-24h287.4L190.9 101.2c-9.8-9.3-10-24.8-.4-34.3z\"><\/path><\/svg><\/span><\/h4><div class=\"wgl-accordion_content\"><p><a href=\"https:\/\/unice-my.sharepoint.com\/:v:\/g\/personal\/damien_ambrosetti_unice_fr\/EcLPDKZNU91IkAx10u3youkBjYJAhuZ1B2gQmtwERUKAvQ?e=aDiEdG\" target=\"_blank\" rel=\"noopener\">Premi\u00e8re semaine<\/a> - Pr Philippe VAGO (Clermont) - Relectrice: Dr Elodie LONG MIRA (Nice)<\/p><p><a href=\"https:\/\/unice-my.sharepoint.com\/:v:\/g\/personal\/damien_ambrosetti_unice_fr\/EcSoc9cMCcBFhOS2Bz3xVmoB3W2QJb3ZV1NeUSU4gHI5Ug?e=MEAsFX\" target=\"_blank\" rel=\"noopener\">Deuxi\u00e8me semaine<\/a> - Pr Philippe VAGO (Clermont) - Relectrice: Dr Elodie LONG MIRA (Nice)<\/p><p><a href=\"https:\/\/unice-my.sharepoint.com\/:v:\/g\/personal\/damien_ambrosetti_unice_fr\/ERrpp-Kb4ptPov22TeNbnwgBRHnjQndjDaAPpHUCRpqhzQ?e=OaoPw5\" target=\"_blank\" rel=\"noopener\">Troisi\u00e8me semaine<\/a> - Dr Rosalie CABRY-GOUBET (Amiens) - Relectrice: Dr Elodie LONG MIRA (Nice)<\/p><p><a href=\"https:\/\/unice-my.sharepoint.com\/:v:\/g\/personal\/damien_ambrosetti_unice_fr\/ESzFRWFnAw5JtlFcjeGt4oMB7-gdYnQxdIm1F6D8SL7XAg?e=JAj9AO\" target=\"_blank\" rel=\"noopener\">Quatri\u00e8me semaine<\/a> - Dr Jean-philippe Klein (St-Etienne) - Relectrice: Dr Elodie LONG MIRA (Nice)<\/p><\/div><\/div><\/div><div class=\"wgl-accordion_panel elementor-repeater-item-7598b22\" id=\"wgl-accordion_panel-1543\"><div class=\"wgl-accordion_panel-inner\"><h4 class=\"wgl-accordion_header\"><span class=\"wgl-accordion_title\">Organogen\u00e8se<\/span><span class=\"wgl-accordion_icon elementor-icon\"><svg aria-hidden=\"true\" class=\"e-font-icon-svg e-fas-arrow-right\" viewBox=\"0 0 448 512\" xmlns=\"http:\/\/www.w3.org\/2000\/svg\"><path d=\"M190.5 66.9l22.2-22.2c9.4-9.4 24.6-9.4 33.9 0L441 239c9.4 9.4 9.4 24.6 0 33.9L246.6 467.3c-9.4 9.4-24.6 9.4-33.9 0l-22.2-22.2c-9.5-9.5-9.3-25 .4-34.3L311.4 296H24c-13.3 0-24-10.7-24-24v-32c0-13.3 10.7-24 24-24h287.4L190.9 101.2c-9.8-9.3-10-24.8-.4-34.3z\"><\/path><\/svg><\/span><\/h4><div class=\"wgl-accordion_content\"><p><a href=\"https:\/\/unice-my.sharepoint.com\/:v:\/g\/personal\/damien_ambrosetti_unice_fr\/EXXBZakLDehJmAQfNg0alsMBpvQLTCxCwjnth2Y-R6JQ4A?e=6dY9U0\" target=\"_blank\" rel=\"noopener\">Epiblaste secondaire<\/a> - Dr Laura MARY et Anne-Sophie NEYROUD (Rennes) - Relectrice: Dr Sylvie Jaillard (Rennes)<\/p><p><a href=\"https:\/\/unice-my.sharepoint.com\/:v:\/g\/personal\/damien_ambrosetti_unice_fr\/EQ2fuC8PWX1Chp4yifbyjSwBvhWbX1fSovdLHoYxVdnwjA?e=n4uLNX\" target=\"_blank\" rel=\"noopener\">M\u00e9soblaste<\/a> - Dr Elodie LONG MIRA (Nice) - Relectrice: Dr Sylvie Jaillard (Rennes)<\/p><p><a href=\"https:\/\/unice-my.sharepoint.com\/:v:\/g\/personal\/damien_ambrosetti_unice_fr\/ERU-ZkY2Z4pPnKTDlUwNRtUBCL4d06g52u-KFimnPfCsJQ?e=falZ2f\" target=\"_blank\" rel=\"noopener\">Entoblaste<\/a> - Dr Elodie LONG MIRA (Nice) - Relectrice: Dr Sylvie Jaillard (Rennes)<\/p><\/div><\/div><\/div><div class=\"wgl-accordion_panel elementor-repeater-item-1821cba\" id=\"wgl-accordion_panel-1544\"><div class=\"wgl-accordion_panel-inner\"><h4 class=\"wgl-accordion_header\"><span class=\"wgl-accordion_title\">Morphogen\u00e8se<\/span><span class=\"wgl-accordion_icon elementor-icon\"><svg aria-hidden=\"true\" class=\"e-font-icon-svg e-fas-arrow-right\" viewBox=\"0 0 448 512\" xmlns=\"http:\/\/www.w3.org\/2000\/svg\"><path d=\"M190.5 66.9l22.2-22.2c9.4-9.4 24.6-9.4 33.9 0L441 239c9.4 9.4 9.4 24.6 0 33.9L246.6 467.3c-9.4 9.4-24.6 9.4-33.9 0l-22.2-22.2c-9.5-9.5-9.3-25 .4-34.3L311.4 296H24c-13.3 0-24-10.7-24-24v-32c0-13.3 10.7-24 24-24h287.4L190.9 101.2c-9.8-9.3-10-24.8-.4-34.3z\"><\/path><\/svg><\/span><\/h4><div class=\"wgl-accordion_content\"><p><a href=\"https:\/\/unice-my.sharepoint.com\/:v:\/g\/personal\/damien_ambrosetti_unice_fr\/ET2zBrFaWXZMowDRadzDU4wBQlMg5F-7VAF_NzxyFxCMWw?e=sl3Pgg\" target=\"_blank\" rel=\"noopener\">D\u00e9limitation<\/a> - Pr Philippe VAGO (Clermont) - Relectrice: Dr Sylvie Jaillard (Rennes)<\/p><p><a href=\"https:\/\/unice-my.sharepoint.com\/:v:\/g\/personal\/damien_ambrosetti_unice_fr\/EUeotuyyt2NOmDwLeXtTHYQBY-_-r1TM48AptrKPnaUo8w?e=7WSJwR\" target=\"_blank\" rel=\"noopener\">2e mois<\/a> - Drs Sylvie JAILLARD, Laura MARY et Anne-Sophie NEYROUD (Rennes) - Relecteur : Pr Philippe VAGO (Clermont)<\/p><p><a href=\"https:\/\/unice-my.sharepoint.com\/:v:\/g\/personal\/damien_ambrosetti_unice_fr\/Ee94ipOwbKFOsmxRW-vTDgkBA08JO-7vJbTEXMfmlrpu7w?e=vYK4Ec\" target=\"_blank\" rel=\"noopener\">Du 3e mois \u00e0 la d\u00e9livrance<\/a> - Drs Sylvie JAILLARD, Laura MARY et Anne-Sophie NEYROUD (Rennes) - Relecteur : Pr Philippe VAGO (Clermont)<\/p><\/div><\/div><\/div><div class=\"wgl-accordion_panel elementor-repeater-item-499e881\" id=\"wgl-accordion_panel-1545\"><div class=\"wgl-accordion_panel-inner\"><h4 class=\"wgl-accordion_header\"><span class=\"wgl-accordion_title\">Placenta et annexes<\/span><span class=\"wgl-accordion_icon elementor-icon\"><svg aria-hidden=\"true\" class=\"e-font-icon-svg e-fas-arrow-right\" viewBox=\"0 0 448 512\" xmlns=\"http:\/\/www.w3.org\/2000\/svg\"><path d=\"M190.5 66.9l22.2-22.2c9.4-9.4 24.6-9.4 33.9 0L441 239c9.4 9.4 9.4 24.6 0 33.9L246.6 467.3c-9.4 9.4-24.6 9.4-33.9 0l-22.2-22.2c-9.5-9.5-9.3-25 .4-34.3L311.4 296H24c-13.3 0-24-10.7-24-24v-32c0-13.3 10.7-24 24-24h287.4L190.9 101.2c-9.8-9.3-10-24.8-.4-34.3z\"><\/path><\/svg><\/span><\/h4><div class=\"wgl-accordion_content\"><p><a href=\"https:\/\/unice-my.sharepoint.com\/:v:\/g\/personal\/damien_ambrosetti_unice_fr\/EWYhzWWvaotPky-f5Tr6As4BZpTnWTJLzp54n6WWWIk5-A?e=9qRYJp\" target=\"_blank\" rel=\"noopener\">Placenta<\/a> <a href=\"https:\/\/unice-my.sharepoint.com\/:v:\/g\/personal\/damien_ambrosetti_unice_fr\/Eck3P_gGOnFIrVhJNoEa6e8BnwpKOT0K6t7k__9U-bAq8Q?e=TyzpPk\" target=\"_blank\" rel=\"noopener\">QCM<\/a> - Drs Sylvie JAILLARD, Laura MARY et Anne-Sophie NEYROUD (Rennes) - Relecteur : Pr Philippe VAGO (Clermont)<\/p><p>Membranes - Drs Sylvie JAILLARD, Laura MARY et Anne-Sophie NEYROUD (Rennes) - Relecteur : Pr Philippe VAGO (Clermont)<\/p><\/div><\/div><\/div><\/div>\t\t\t\t<\/div>\n\t\t\t\t<\/div>\n\t\t\t\t<div class=\"elementor-element elementor-element-4986fd4 elementor-widget elementor-widget-heading\" data-id=\"4986fd4\" data-element_type=\"widget\" data-widget_type=\"heading.default\">\n\t\t\t\t\t<h2 class=\"elementor-heading-title elementor-size-default\">HISTOLOGIE<\/h2>\t\t\t\t<\/div>\n\t\t\t\t<div class=\"elementor-element elementor-element-c9abe08 elementor-widget elementor-widget-wgl-toggle-accordion\" data-id=\"c9abe08\" data-element_type=\"widget\" data-widget_type=\"wgl-toggle-accordion.default\">\n\t\t\t\t<div class=\"elementor-widget-container\">\n\t\t\t\t\t<div class=\"wgl-accordion icon-custom\" id=\"wgl-accordion-c9abe08\" data-type=\"accordion\" data-trigger=\"\"><div class=\"wgl-accordion_panel elementor-repeater-item-9f79409\" id=\"wgl-accordion_panel-2111\"><div class=\"wgl-accordion_panel-inner\"><h4 class=\"wgl-accordion_header\"><span class=\"wgl-accordion_title\">Introduction et m\u00e9thodes d\u2019\u00e9tude<\/span><span class=\"wgl-accordion_icon elementor-icon\"><svg aria-hidden=\"true\" class=\"e-font-icon-svg e-fas-arrow-right\" viewBox=\"0 0 448 512\" xmlns=\"http:\/\/www.w3.org\/2000\/svg\"><path d=\"M190.5 66.9l22.2-22.2c9.4-9.4 24.6-9.4 33.9 0L441 239c9.4 9.4 9.4 24.6 0 33.9L246.6 467.3c-9.4 9.4-24.6 9.4-33.9 0l-22.2-22.2c-9.5-9.5-9.3-25 .4-34.3L311.4 296H24c-13.3 0-24-10.7-24-24v-32c0-13.3 10.7-24 24-24h287.4L190.9 101.2c-9.8-9.3-10-24.8-.4-34.3z\"><\/path><\/svg><\/span><\/h4><div class=\"wgl-accordion_content\"><p><a href=\"https:\/\/unice-my.sharepoint.com\/:v:\/g\/personal\/damien_ambrosetti_unice_fr\/EXRjF6NmuPZPmZ1f-fuOVlYBN7wS98SG__-WdTf1Q5zgQA?e=KvR1Qr\" target=\"_blank\" rel=\"noopener\">Introduction &amp; M\u00e9thodes d\u2019\u00e9tude<\/a>\u00a0 - Pr Andr\u00e9e Delahaye-Duriez (Paris) -\u00a0 Relecteur : Pr Sylvain LADOIRE (Dijon)<\/p><p><iframe style=\"padding: 0; margin: 0; border: 0;\" title=\"CHEC.HA1 Cours HistoEmbryo - H.A.1 Intro - CHEC.wmv\" src=\"https:\/\/pod.univ-cotedazur.fr\/video\/18953-checha1-cours-histoembryo-ha1-intro-checwmv\/?is_iframe=true\" width=\"640\" height=\"360\" allowfullscreen=\"allowfullscreen\"><\/iframe><\/p><\/div><\/div><\/div><div class=\"wgl-accordion_panel elementor-repeater-item-4d7212a\" id=\"wgl-accordion_panel-2112\"><div class=\"wgl-accordion_panel-inner\"><h4 class=\"wgl-accordion_header\"><span class=\"wgl-accordion_title\">Tissus \u00e9pith\u00e9liaux<\/span><span class=\"wgl-accordion_icon elementor-icon\"><svg aria-hidden=\"true\" class=\"e-font-icon-svg e-fas-arrow-right\" viewBox=\"0 0 448 512\" xmlns=\"http:\/\/www.w3.org\/2000\/svg\"><path d=\"M190.5 66.9l22.2-22.2c9.4-9.4 24.6-9.4 33.9 0L441 239c9.4 9.4 9.4 24.6 0 33.9L246.6 467.3c-9.4 9.4-24.6 9.4-33.9 0l-22.2-22.2c-9.5-9.5-9.3-25 .4-34.3L311.4 296H24c-13.3 0-24-10.7-24-24v-32c0-13.3 10.7-24 24-24h287.4L190.9 101.2c-9.8-9.3-10-24.8-.4-34.3z\"><\/path><\/svg><\/span><\/h4><div class=\"wgl-accordion_content\"><p><a href=\"https:\/\/unice-my.sharepoint.com\/:v:\/g\/personal\/damien_ambrosetti_unice_fr\/EdWIvfs9gyJJrA63G0Atgq0BoPS-NtTkvwrezGyuWdY7nA?e=Ok1BV1\" target=\"_blank\" rel=\"noopener\">\u00c9pith\u00e9liums de rev\u00eatement<\/a> - Dr Anne PLONQUET (Paris) - Relecteur : Pr Marc-Antoine BELAUD-ROTUREAU<\/p><p><a href=\"https:\/\/unice-my.sharepoint.com\/:v:\/g\/personal\/damien_ambrosetti_unice_fr\/EXoAYITQeORNiF4FfTBf9ksB2hMPr4nSppUWXHwdieEqMg?e=PDHebd\" target=\"_blank\" rel=\"noopener\">\u00c9pith\u00e9liums glandulaires<\/a> - Dr Rosalie CABRY-GOUBET (Amiens) -\u00a0 Relecteur : Pr Marc-Antoine BELAUD-ROTUREAU<\/p><p><iframe style=\"padding: 0; margin: 0; border: 0;\" title=\"CHEC.H.B.1 Cours HistoEmbryo - H.B.1 Epith revet - CHEC.mp4\" src=\"https:\/\/pod.univ-cotedazur.fr\/video\/18954-chechb1-cours-histoembryo-hb1-epith-revet-checmp4\/?is_iframe=true\" width=\"640\" height=\"360\" allowfullscreen=\"allowfullscreen\"><\/iframe><br \/><iframe style=\"padding: 0; margin: 0; border: 0;\" title=\"H.B.2 EP GLANDULAIRES - CHEC.mp4\" src=\"https:\/\/pod.univ-cotedazur.fr\/video\/18955-hb2-ep-glandulaires-checmp4\/?is_iframe=true\" width=\"640\" height=\"360\" allowfullscreen=\"allowfullscreen\"><\/iframe><\/p><\/div><\/div><\/div><div class=\"wgl-accordion_panel elementor-repeater-item-7598b22\" id=\"wgl-accordion_panel-2113\"><div class=\"wgl-accordion_panel-inner\"><h4 class=\"wgl-accordion_header\"><span class=\"wgl-accordion_title\">Tissus conjonctifs I<\/span><span class=\"wgl-accordion_icon elementor-icon\"><svg aria-hidden=\"true\" class=\"e-font-icon-svg e-fas-arrow-right\" viewBox=\"0 0 448 512\" xmlns=\"http:\/\/www.w3.org\/2000\/svg\"><path d=\"M190.5 66.9l22.2-22.2c9.4-9.4 24.6-9.4 33.9 0L441 239c9.4 9.4 9.4 24.6 0 33.9L246.6 467.3c-9.4 9.4-24.6 9.4-33.9 0l-22.2-22.2c-9.5-9.5-9.3-25 .4-34.3L311.4 296H24c-13.3 0-24-10.7-24-24v-32c0-13.3 10.7-24 24-24h287.4L190.9 101.2c-9.8-9.3-10-24.8-.4-34.3z\"><\/path><\/svg><\/span><\/h4><div class=\"wgl-accordion_content\"><p><a href=\"https:\/\/unice-my.sharepoint.com\/:v:\/g\/personal\/damien_ambrosetti_unice_fr\/EW-HLWAot_VLmLD-ZhQePlQBkZxWLWQLXYyH8RjYVMLZ-g?e=6DsiFJ\" target=\"_blank\" rel=\"noopener\">Tissu conjonctif l\u00e2che<\/a> - Pr Sylvain LADOIRE (Dijon) - Relecteur : Pr Marc-Antoine BELAUD-ROTUREAU<\/p><p><a href=\"https:\/\/unice-my.sharepoint.com\/:v:\/g\/personal\/damien_ambrosetti_unice_fr\/EVc_2EqcBM9GpTMsTyA67R8BSiJQZOoiGDes3za6laO97A?e=oSyBor\" target=\"_blank\" rel=\"noopener\">Tissu cartilagineux<\/a> - Pr Matthieu TALAGAS (Brest) - Relecteur : Pr Marc-Antoine BELAUD-ROTUREAU<\/p><p><iframe style=\"padding: 0; margin: 0; border: 0;\" title=\"CHEC.H.C.1 Tissus conjonctifs - CHEC.wmv\" src=\"https:\/\/pod.univ-cotedazur.fr\/video\/18958-chechc1-tissus-conjonctifs-checwmv\/?is_iframe=true\" width=\"640\" height=\"360\" allowfullscreen=\"allowfullscreen\"><\/iframe><\/p><p><iframe style=\"padding: 0; margin: 0; border: 0;\" title=\"CHEC.H.C.2 Cours HistoEmbryo - H.C.2 Tissu cartilagineux - CHEC.mp4\" src=\"https:\/\/pod.univ-cotedazur.fr\/video\/18959-chechc2-cours-histoembryo-hc2-tissu-cartilagineux-checmp4\/?is_iframe=true\" width=\"640\" height=\"360\" allowfullscreen=\"allowfullscreen\"><\/iframe><\/p><\/div><\/div><\/div><div class=\"wgl-accordion_panel elementor-repeater-item-9e3dbf8\" id=\"wgl-accordion_panel-2114\"><div class=\"wgl-accordion_panel-inner\"><h4 class=\"wgl-accordion_header\"><span class=\"wgl-accordion_title\">Tissus conjonctifs II<\/span><span class=\"wgl-accordion_icon elementor-icon\"><svg aria-hidden=\"true\" class=\"e-font-icon-svg e-fas-arrow-right\" viewBox=\"0 0 448 512\" xmlns=\"http:\/\/www.w3.org\/2000\/svg\"><path d=\"M190.5 66.9l22.2-22.2c9.4-9.4 24.6-9.4 33.9 0L441 239c9.4 9.4 9.4 24.6 0 33.9L246.6 467.3c-9.4 9.4-24.6 9.4-33.9 0l-22.2-22.2c-9.5-9.5-9.3-25 .4-34.3L311.4 296H24c-13.3 0-24-10.7-24-24v-32c0-13.3 10.7-24 24-24h287.4L190.9 101.2c-9.8-9.3-10-24.8-.4-34.3z\"><\/path><\/svg><\/span><\/h4><div class=\"wgl-accordion_content\"><p><a href=\"https:\/\/unice-my.sharepoint.com\/:v:\/g\/personal\/damien_ambrosetti_unice_fr\/Ef9ygEeSD5NAqcZSR4YxruEB1G-Mh5SqWnK9UtL85g8Xhw?e=Fe0TKC\" target=\"_blank\" rel=\"noopener\">Tissu osseux<\/a> - Pr Matthieu TALAGAS (Brest) - Relecteur : Pr Marc-Antoine BELAUD-ROTUREAU<\/p><p><a href=\"https:\/\/unice-my.sharepoint.com\/:v:\/g\/personal\/damien_ambrosetti_unice_fr\/ERfgqRg91QhPl-Gb6uZ5iEkBri25z5gFgq1RIY31wLCBHw?e=BHdXSl\" target=\"_blank\" rel=\"noopener\">Tissu circulant<\/a> - Dr Laura MARY et Anne-Sophie NEYROUD (Rennes) - Relecteur : Pr Marc-Antoine BELAUD-ROTUREAU<\/p><p><iframe style=\"padding: 0; margin: 0; border: 0;\" title=\"H.C.3 Tissu osseux - CHEC.mp4\" src=\"https:\/\/pod.univ-cotedazur.fr\/video\/18960-hc3-tissu-osseux-checmp4\/?is_iframe=true\" width=\"640\" height=\"360\" allowfullscreen=\"allowfullscreen\"><\/iframe><\/p><\/div><\/div><\/div><div class=\"wgl-accordion_panel elementor-repeater-item-1821cba\" id=\"wgl-accordion_panel-2115\"><div class=\"wgl-accordion_panel-inner\"><h4 class=\"wgl-accordion_header\"><span class=\"wgl-accordion_title\">Tissus musculaires<\/span><span class=\"wgl-accordion_icon elementor-icon\"><svg aria-hidden=\"true\" class=\"e-font-icon-svg e-fas-arrow-right\" viewBox=\"0 0 448 512\" xmlns=\"http:\/\/www.w3.org\/2000\/svg\"><path d=\"M190.5 66.9l22.2-22.2c9.4-9.4 24.6-9.4 33.9 0L441 239c9.4 9.4 9.4 24.6 0 33.9L246.6 467.3c-9.4 9.4-24.6 9.4-33.9 0l-22.2-22.2c-9.5-9.5-9.3-25 .4-34.3L311.4 296H24c-13.3 0-24-10.7-24-24v-32c0-13.3 10.7-24 24-24h287.4L190.9 101.2c-9.8-9.3-10-24.8-.4-34.3z\"><\/path><\/svg><\/span><\/h4><div class=\"wgl-accordion_content\"><p><a href=\"https:\/\/unice-my.sharepoint.com\/:v:\/g\/personal\/damien_ambrosetti_unice_fr\/ERp9P1aRJGJCnEp7_fpi_GMBTEYhoQ-DVZlg3lffQ6oW2w?e=MsJJ7e\" target=\"_blank\" rel=\"noopener\">Muscle stri\u00e9 squelettique<\/a> - Dr Claire MAUDUIT (Lyon) - Relecteur : Dr Damien AMBROSETTI (Nice)<\/p><p><a href=\"https:\/\/unice-my.sharepoint.com\/:v:\/g\/personal\/damien_ambrosetti_unice_fr\/EUFkuwdhqaRFgy-q1HA_U70BhgZY9qgRIOsXWsmWGN3g0g?e=6oreec\" target=\"_blank\" rel=\"noopener\">Muscle stri\u00e9 cardiaque<\/a> - Dr Claire MAUDUIT (Lyon) - Relecteur : Dr Damien AMBROSETTI (Nice)<\/p><p><a href=\"https:\/\/unice-my.sharepoint.com\/:v:\/g\/personal\/damien_ambrosetti_unice_fr\/EQTfMJnOUUlBlIhfOErU79gBKr7wmndUN7TWPIAxpTgnsg?e=j1ULN7\" target=\"_blank\" rel=\"noopener\">Muscle lisse<\/a> - Dr Claire MAUDUIT (Lyon) - Relecteur : Dr Damien AMBROSETTI (Nice)<\/p><\/div><\/div><\/div><div class=\"wgl-accordion_panel elementor-repeater-item-499e881\" id=\"wgl-accordion_panel-2116\"><div class=\"wgl-accordion_panel-inner\"><h4 class=\"wgl-accordion_header\"><span class=\"wgl-accordion_title\">Tissus nerveux<\/span><span class=\"wgl-accordion_icon elementor-icon\"><svg aria-hidden=\"true\" class=\"e-font-icon-svg e-fas-arrow-right\" viewBox=\"0 0 448 512\" xmlns=\"http:\/\/www.w3.org\/2000\/svg\"><path d=\"M190.5 66.9l22.2-22.2c9.4-9.4 24.6-9.4 33.9 0L441 239c9.4 9.4 9.4 24.6 0 33.9L246.6 467.3c-9.4 9.4-24.6 9.4-33.9 0l-22.2-22.2c-9.5-9.5-9.3-25 .4-34.3L311.4 296H24c-13.3 0-24-10.7-24-24v-32c0-13.3 10.7-24 24-24h287.4L190.9 101.2c-9.8-9.3-10-24.8-.4-34.3z\"><\/path><\/svg><\/span><\/h4><div class=\"wgl-accordion_content\"><p><a href=\"https:\/\/unice-my.sharepoint.com\/:v:\/g\/personal\/damien_ambrosetti_unice_fr\/EaEbtQHSdiZCmL7EwDDJe-UBm-X7vEtKI3mcFJm7tbS1Kw?e=pLJ7eD\" target=\"_blank\" rel=\"noopener\">Neurones<\/a> - Dr Anne MC LEER (Grenoble) - Relecteur : Dr Damien AMBROSETTI (Nice)<\/p><p><a href=\"https:\/\/unice-my.sharepoint.com\/:v:\/g\/personal\/damien_ambrosetti_unice_fr\/EUh6n6IhPy9KqXcqAudM-74BUp4_9kz_2pq9oArJ0j0fiw?e=oMUWsD\" target=\"_blank\" rel=\"noopener\">Cellules gliales<\/a> - Dr Damien AMBROSETTI (Nice) - Relectrice : Dr Anne MC LEER (Grenoble)<\/p><p><a href=\"https:\/\/unice-my.sharepoint.com\/:v:\/g\/personal\/damien_ambrosetti_unice_fr\/EWhFJ1hAsvtClR23PJEskacBBJLtQZa3m9ayqXRoTqQ1tQ?e=Y0qUG0\" target=\"_blank\" rel=\"noopener\">Parenchyme nerveux<\/a> - Dr Anne MC LEER (Grenoble) - Relecteur : Dr Damien AMBROSETTI (Nice)<\/p><p><a href=\"https:\/\/unice-my.sharepoint.com\/:v:\/g\/personal\/damien_ambrosetti_unice_fr\/ET0yRb9sQKlDjakz0pwWE5MBfVFGN9JHuMTBM0T-6wP1EQ?e=WRqBHj\" target=\"_blank\" rel=\"noopener\">M\u00e9ninges<\/a> - Dr Damien AMBROSETTI (Nice) - Relectrice : Dr Anne MC LEER (Grenoble)<\/p><\/div><\/div><\/div><\/div>\t\t\t\t<\/div>\n\t\t\t\t<\/div>\n\t\t\t\t\t<\/div>\n\t\t\t\t<\/div>\n\t\t\t\t<\/div>\n\t\t","protected":false},"excerpt":{"rendered":"<p>Chers \u00e9tudiants, Vous trouverez ci dessous les cours d&#8217;embryologie et d&#8217;histologie r\u00e9alis\u00e9s par les enseignants du Coll\u00e8ge Universitaire et Hospitalier des Histologistes, Embryologistes et Cytog\u00e9n\u00e9ticiens. ENSEIGNANTS Liste des enseignants ayant particip\u00e9 \u00e0 la r\u00e9alisation de ces documents Andr\u00e9e DELAHAYE-DURIEZ (Paris) Anne MC LEER (Grenoble) Anne PLONQUET Anne-Sophie NEYROUD (Rennes) C\u00e9lia RAVEL (Rennes) Claire MAUDUIT (Lyon) [&hellip;]<\/p>\n","protected":false},"author":1,"featured_media":0,"parent":0,"menu_order":0,"comment_status":"closed","ping_status":"closed","template":"","meta":{"pmpro_default_level":"","footnotes":""},"class_list":["post-4469","page","type-page","status-publish","hentry","pmpro-has-access"],"_links":{"self":[{"href":"https:\/\/entetedemo02.fr\/chec\/wp-json\/wp\/v2\/pages\/4469","targetHints":{"allow":["GET"]}}],"collection":[{"href":"https:\/\/entetedemo02.fr\/chec\/wp-json\/wp\/v2\/pages"}],"about":[{"href":"https:\/\/entetedemo02.fr\/chec\/wp-json\/wp\/v2\/types\/page"}],"author":[{"embeddable":true,"href":"https:\/\/entetedemo02.fr\/chec\/wp-json\/wp\/v2\/users\/1"}],"replies":[{"embeddable":true,"href":"https:\/\/entetedemo02.fr\/chec\/wp-json\/wp\/v2\/comments?post=4469"}],"version-history":[{"count":25,"href":"https:\/\/entetedemo02.fr\/chec\/wp-json\/wp\/v2\/pages\/4469\/revisions"}],"predecessor-version":[{"id":4666,"href":"https:\/\/entetedemo02.fr\/chec\/wp-json\/wp\/v2\/pages\/4469\/revisions\/4666"}],"wp:attachment":[{"href":"https:\/\/entetedemo02.fr\/chec\/wp-json\/wp\/v2\/media?parent=4469"}],"curies":[{"name":"wp","href":"https:\/\/api.w.org\/{rel}","templated":true}]}}