{"id":3187,"date":"2025-07-07T16:20:17","date_gmt":"2025-07-07T16:20:17","guid":{"rendered":"https:\/\/wgl-dsites.net\/vireon\/?page_id=3187"},"modified":"2026-03-03T09:52:35","modified_gmt":"2026-03-03T08:52:35","slug":"referentiels-edn-3-eme-cycles","status":"publish","type":"page","link":"https:\/\/entetedemo02.fr\/chec\/referentiels-edn-3-eme-cycles\/","title":{"rendered":"R\u00e9f\u00e9rentiels EDN + 3\u00e8me Cycle"},"content":{"rendered":"\t\t<div data-elementor-type=\"wp-page\" data-elementor-id=\"3187\" class=\"elementor elementor-3187\">\n\t\t\t\t<div class=\"elementor-element elementor-element-e3e91e4 e-flex e-con-boxed e-con e-parent\" data-id=\"e3e91e4\" data-element_type=\"container\" data-settings=\"{&quot;background_background&quot;:&quot;classic&quot;}\">\n\t\t\t\t\t<div class=\"e-con-inner\">\n\t\t\t\t<div class=\"elementor-element elementor-element-1391fcd elementor-widget elementor-widget-wgl-toggle-accordion\" data-id=\"1391fcd\" data-element_type=\"widget\" data-widget_type=\"wgl-toggle-accordion.default\">\n\t\t\t\t<div class=\"elementor-widget-container\">\n\t\t\t\t\t<div class=\"wgl-accordion icon-custom\" id=\"wgl-accordion-1391fcd\" data-type=\"toggle\" data-trigger=\"click\"><div class=\"wgl-accordion_panel elementor-repeater-item-9f79409\" id=\"wgl-accordion_panel-2051\" data-default=\"yes\"><div class=\"wgl-accordion_panel-inner\"><h4 class=\"wgl-accordion_header\"><span class=\"wgl-accordion_title\"><span class=\"wgl-accordion_title-prefix\">01<\/span>Appareils g\u00e9nitaux<\/span><span class=\"wgl-accordion_icon elementor-icon\"><svg aria-hidden=\"true\" class=\"e-font-icon-svg e-fas-arrow-right\" viewBox=\"0 0 448 512\" xmlns=\"http:\/\/www.w3.org\/2000\/svg\"><path d=\"M190.5 66.9l22.2-22.2c9.4-9.4 24.6-9.4 33.9 0L441 239c9.4 9.4 9.4 24.6 0 33.9L246.6 467.3c-9.4 9.4-24.6 9.4-33.9 0l-22.2-22.2c-9.5-9.5-9.3-25 .4-34.3L311.4 296H24c-13.3 0-24-10.7-24-24v-32c0-13.3 10.7-24 24-24h287.4L190.9 101.2c-9.8-9.3-10-24.8-.4-34.3z\"><\/path><\/svg><\/span><\/h4><div class=\"wgl-accordion_content\"><ul><li><strong>Structure histologique de l'appareil g\u00e9nital f\u00e9minin (trompe, ut\u00e9rus, vagin)<\/strong> [ <a href=\"https:\/\/entetedemo02.fr\/chec\/wp-content\/uploads\/2026\/03\/appareil_genital_feminin.pdf\" target=\"_blank\" rel=\"noopener\">R\u00e9f\u00e9rentiel ECN<\/a> ]<\/li><li><strong>Le testicule<\/strong> [ <a href=\"https:\/\/entetedemo02.fr\/chec\/wp-content\/uploads\/2026\/03\/le_testitule.pdf\" target=\"_blank\" rel=\"noopener\">R\u00e9f\u00e9rentiel ECN<\/a> - <a href=\"https:\/\/entetedemo02.fr\/chec\/wp-content\/uploads\/2026\/03\/testicule-Morphologie.pdf\" target=\"_blank\" rel=\"noopener\">R\u00e9f\u00e9rentiel 3\u00e8me Cycle<\/a> ]Organe majeur de l\u2019appareil g\u00e9nital masculin, les testicules sont situ\u00e9s normalement dans les bourses, ou scrotum. Les testicules sont rev\u00eatus par une capsule conjonctive \u00e9paisse et r\u00e9sistante de couleur blanche, l\u2019albugin\u00e9e, dont la surface est parcourue par des vaisseaux sanguins. [...]<\/li><li><strong>Les glandes g\u00e9n\u00e9tales annexes<\/strong> (homme) [ <a href=\"https:\/\/entetedemo02.fr\/chec\/wp-content\/uploads\/2026\/03\/glandes_genitales_annexes.pdf\" target=\"_blank\" rel=\"noopener\">R\u00e9f\u00e9rentiel ECN<\/a> ]Les glandes annex\u00e9es au tractus g\u00e9nital (prostate, v\u00e9sicules s\u00e9minales, glandes bulbo-ur\u00e9trales) sont androg\u00e9no-d\u00e9pendantes et s\u00e9cr\u00e8tent le liquide s\u00e9minal, participant ainsi \u00e0 la formation du sperme. [...]<\/li><li><strong>Le tractus g\u00e9nital masculin<\/strong> [ <a href=\"https:\/\/entetedemo02.fr\/chec\/wp-content\/uploads\/2026\/03\/tractus_genital_masculin.pdf\" target=\"_blank\" rel=\"noopener\">R\u00e9f\u00e9rentiel ECN<\/a> ]Elabor\u00e9s dans les tubes s\u00e9minif\u00e8res, les spermatozo\u00efdes sont achemin\u00e9s vers le m\u00e9at ur\u00e9tral par des canaux intra-testiculaires (tube droit et rete testis) et extra-testiculaires (c\u00f4ne eff\u00e9rent, \u00e9pididyme, canal d\u00e9f\u00e9rent, canal \u00e9jaculateur et ur\u00e8tre).<\/li><\/ul><\/div><\/div><\/div><div class=\"wgl-accordion_panel elementor-repeater-item-d78136e\" id=\"wgl-accordion_panel-2052\"><div class=\"wgl-accordion_panel-inner\"><h4 class=\"wgl-accordion_header\"><span class=\"wgl-accordion_title\"><span class=\"wgl-accordion_title-prefix\">02<\/span>Appareil urinaire<\/span><span class=\"wgl-accordion_icon elementor-icon\"><svg aria-hidden=\"true\" class=\"e-font-icon-svg e-fas-arrow-right\" viewBox=\"0 0 448 512\" xmlns=\"http:\/\/www.w3.org\/2000\/svg\"><path d=\"M190.5 66.9l22.2-22.2c9.4-9.4 24.6-9.4 33.9 0L441 239c9.4 9.4 9.4 24.6 0 33.9L246.6 467.3c-9.4 9.4-24.6 9.4-33.9 0l-22.2-22.2c-9.5-9.5-9.3-25 .4-34.3L311.4 296H24c-13.3 0-24-10.7-24-24v-32c0-13.3 10.7-24 24-24h287.4L190.9 101.2c-9.8-9.3-10-24.8-.4-34.3z\"><\/path><\/svg><\/span><\/h4><div class=\"wgl-accordion_content\"><ul><li><strong>L'appareil urinaire<\/strong> [ <a href=\"https:\/\/entetedemo02.fr\/chec\/wp-content\/uploads\/2026\/03\/Resume_-_appareil_urinaire.pdf\" target=\"_blank\" rel=\"noopener\">R\u00e9f\u00e9rentiel ECN<\/a> ]La fonction essentielle de l\u2019appareil urinaire est repr\u00e9sent\u00e9e par la production, le stockage et l\u2019\u00e9limination de l\u2019urine. [...]<\/li><\/ul><\/div><\/div><\/div><div class=\"wgl-accordion_panel elementor-repeater-item-0374a9e\" id=\"wgl-accordion_panel-2053\"><div class=\"wgl-accordion_panel-inner\"><h4 class=\"wgl-accordion_header\"><span class=\"wgl-accordion_title\"><span class=\"wgl-accordion_title-prefix\">03<\/span>Appareil circulatoire<\/span><span class=\"wgl-accordion_icon elementor-icon\"><svg aria-hidden=\"true\" class=\"e-font-icon-svg e-fas-arrow-right\" viewBox=\"0 0 448 512\" xmlns=\"http:\/\/www.w3.org\/2000\/svg\"><path d=\"M190.5 66.9l22.2-22.2c9.4-9.4 24.6-9.4 33.9 0L441 239c9.4 9.4 9.4 24.6 0 33.9L246.6 467.3c-9.4 9.4-24.6 9.4-33.9 0l-22.2-22.2c-9.5-9.5-9.3-25 .4-34.3L311.4 296H24c-13.3 0-24-10.7-24-24v-32c0-13.3 10.7-24 24-24h287.4L190.9 101.2c-9.8-9.3-10-24.8-.4-34.3z\"><\/path><\/svg><\/span><\/h4><div class=\"wgl-accordion_content\"><ul><li><strong>Histologie de l'appareil circulatoire<\/strong> [ <a href=\"https:\/\/entetedemo02.fr\/chec\/wp-content\/uploads\/2026\/03\/Histologie_de_lappareil_circulatoire.pdf\" target=\"_blank\" rel=\"noopener\">R\u00e9f\u00e9rentiel ECN<\/a> ]L\u2019appareil circulatoire a pour fonction l\u2019acheminement du sang et de la lymphe au sein de l\u2019organisme. Il est constitu\u00e9 du syst\u00e8me sanguin et du syst\u00e8me lymphatique.<\/li><\/ul><\/div><\/div><\/div><div class=\"wgl-accordion_panel elementor-repeater-item-341544a\" id=\"wgl-accordion_panel-2054\"><div class=\"wgl-accordion_panel-inner\"><h4 class=\"wgl-accordion_header\"><span class=\"wgl-accordion_title\"><span class=\"wgl-accordion_title-prefix\">04<\/span>Peau<\/span><span class=\"wgl-accordion_icon elementor-icon\"><svg aria-hidden=\"true\" class=\"e-font-icon-svg e-fas-arrow-right\" viewBox=\"0 0 448 512\" xmlns=\"http:\/\/www.w3.org\/2000\/svg\"><path d=\"M190.5 66.9l22.2-22.2c9.4-9.4 24.6-9.4 33.9 0L441 239c9.4 9.4 9.4 24.6 0 33.9L246.6 467.3c-9.4 9.4-24.6 9.4-33.9 0l-22.2-22.2c-9.5-9.5-9.3-25 .4-34.3L311.4 296H24c-13.3 0-24-10.7-24-24v-32c0-13.3 10.7-24 24-24h287.4L190.9 101.2c-9.8-9.3-10-24.8-.4-34.3z\"><\/path><\/svg><\/span><\/h4><div class=\"wgl-accordion_content\"><ul><li><strong>La peau<\/strong> est l'enveloppe du corps et se subdivise en 4 r\u00e9gions superpos\u00e9es Les phan\u00e8res (poils et ongles) et les glandes s\u00e9bac\u00e9es et sudoripares, constituent les annexes cutan\u00e9es. [ <a href=\"https:\/\/entetedemo02.fr\/chec\/wp-content\/uploads\/2026\/03\/histologie_peau.pdf\" target=\"_blank\" rel=\"noopener\">R\u00e9f\u00e9rentiel ECN<\/a> ]<\/li><\/ul><\/div><\/div><\/div><div class=\"wgl-accordion_panel elementor-repeater-item-d393681\" id=\"wgl-accordion_panel-2055\"><div class=\"wgl-accordion_panel-inner\"><h4 class=\"wgl-accordion_header\"><span class=\"wgl-accordion_title\"><span class=\"wgl-accordion_title-prefix\">05<\/span>Syst\u00e8me Endocrine<\/span><span class=\"wgl-accordion_icon elementor-icon\"><svg aria-hidden=\"true\" class=\"e-font-icon-svg e-fas-arrow-right\" viewBox=\"0 0 448 512\" xmlns=\"http:\/\/www.w3.org\/2000\/svg\"><path d=\"M190.5 66.9l22.2-22.2c9.4-9.4 24.6-9.4 33.9 0L441 239c9.4 9.4 9.4 24.6 0 33.9L246.6 467.3c-9.4 9.4-24.6 9.4-33.9 0l-22.2-22.2c-9.5-9.5-9.3-25 .4-34.3L311.4 296H24c-13.3 0-24-10.7-24-24v-32c0-13.3 10.7-24 24-24h287.4L190.9 101.2c-9.8-9.3-10-24.8-.4-34.3z\"><\/path><\/svg><\/span><\/h4><div class=\"wgl-accordion_content\"><ul><li><strong>Le syst\u00e8me endocrine<\/strong> est constitu\u00e9 de cellules \u00e9pith\u00e9liales qui pr\u00e9sentent toutes la propri\u00e9t\u00e9 de synth\u00e9tiser des mol\u00e9cules informatives d\u00e9vers\u00e9es dans la circulation sanguine et agissant \u00e0 distance sur des cellules cibles par l\u2019interm\u00e9diaire de r\u00e9cepteurs sp\u00e9cifiques. [ <a href=\"https:\/\/entetedemo02.fr\/chec\/wp-content\/uploads\/2026\/03\/Le_systeme_endocrine.pdf\" target=\"_blank\" rel=\"noopener\">R\u00e9f\u00e9rentiel ECN<\/a> ]<\/li><\/ul><\/div><\/div><\/div><div class=\"wgl-accordion_panel elementor-repeater-item-f717dca\" id=\"wgl-accordion_panel-2056\"><div class=\"wgl-accordion_panel-inner\"><h4 class=\"wgl-accordion_header\"><span class=\"wgl-accordion_title\"><span class=\"wgl-accordion_title-prefix\">06<\/span>Tube Digestif<\/span><span class=\"wgl-accordion_icon elementor-icon\"><svg aria-hidden=\"true\" class=\"e-font-icon-svg e-fas-arrow-right\" viewBox=\"0 0 448 512\" xmlns=\"http:\/\/www.w3.org\/2000\/svg\"><path d=\"M190.5 66.9l22.2-22.2c9.4-9.4 24.6-9.4 33.9 0L441 239c9.4 9.4 9.4 24.6 0 33.9L246.6 467.3c-9.4 9.4-24.6 9.4-33.9 0l-22.2-22.2c-9.5-9.5-9.3-25 .4-34.3L311.4 296H24c-13.3 0-24-10.7-24-24v-32c0-13.3 10.7-24 24-24h287.4L190.9 101.2c-9.8-9.3-10-24.8-.4-34.3z\"><\/path><\/svg><\/span><\/h4><div class=\"wgl-accordion_content\"><ul><li><strong>Les glandes digestives<\/strong> [ <a href=\"https:\/\/entetedemo02.fr\/chec\/wp-content\/uploads\/2026\/03\/glandes_digestives.pdf\" target=\"_blank\" rel=\"noopener\">R\u00e9f\u00e9rentiel ECN<\/a> ]Les glandes digestives sont des organes s\u00e9cr\u00e9teurs annex\u00e9s au tube digestif qui d\u00e9versent leur produit de s\u00e9cr\u00e9tion dans le tube digestif par l\u2019interm\u00e9diaire d\u2019un canal excr\u00e9teur. Elles comprennent les glandes salivaires, le foie et le pancr\u00e9as.<\/li><li><strong>Histologie du tube digestif<\/strong> [ <a href=\"https:\/\/entetedemo02.fr\/chec\/wp-content\/uploads\/2026\/03\/tube_digestif_CP-1.pdf\" target=\"_blank\" rel=\"noopener\">R\u00e9f\u00e9rentiel ECN<\/a> ]A partir de l\u2019\u0153sophage, la paroi du tube digestif comporte quatre tuniques concentriques qui sont de l\u2019int\u00e9rieur vers l\u2019ext\u00e9rieur : la muqueuse, la sous muqueuse, la musculeuse et la tunique externe (adventice ou s\u00e9reuse).<\/li><\/ul><\/div><\/div><\/div><div class=\"wgl-accordion_panel elementor-repeater-item-d1a708d\" id=\"wgl-accordion_panel-2057\"><div class=\"wgl-accordion_panel-inner\"><h4 class=\"wgl-accordion_header\"><span class=\"wgl-accordion_title\"><span class=\"wgl-accordion_title-prefix\">07<\/span>Organes des sens<\/span><span class=\"wgl-accordion_icon elementor-icon\"><svg aria-hidden=\"true\" class=\"e-font-icon-svg e-fas-arrow-right\" viewBox=\"0 0 448 512\" xmlns=\"http:\/\/www.w3.org\/2000\/svg\"><path d=\"M190.5 66.9l22.2-22.2c9.4-9.4 24.6-9.4 33.9 0L441 239c9.4 9.4 9.4 24.6 0 33.9L246.6 467.3c-9.4 9.4-24.6 9.4-33.9 0l-22.2-22.2c-9.5-9.5-9.3-25 .4-34.3L311.4 296H24c-13.3 0-24-10.7-24-24v-32c0-13.3 10.7-24 24-24h287.4L190.9 101.2c-9.8-9.3-10-24.8-.4-34.3z\"><\/path><\/svg><\/span><\/h4><div class=\"wgl-accordion_content\"><ul><li><strong>L'oeil<\/strong> [ <a href=\"https:\/\/entetedemo02.fr\/chec\/wp-content\/uploads\/2026\/03\/oeil.pdf\" target=\"_blank\" rel=\"noopener\">R\u00e9f\u00e9rentiel ECN<\/a> ]L\u2019\u0153il est l\u2019organe de la vision. Il est constitu\u00e9 de 4 milieux transparents et de 3 enveloppes opaques.<\/li><li><strong>L\u2019oreille<\/strong> [ <a href=\"https:\/\/entetedemo02.fr\/chec\/wp-content\/uploads\/2026\/03\/Oreille.pdf\" target=\"_blank\" rel=\"noopener\">R\u00e9f\u00e9rentiel ECN<\/a> ]L\u2019oreille est l\u2019organe sensoriel de l\u2019audition et de l\u2019\u00e9quilibration. Elle est constitu\u00e9e de trois parties : l\u2019oreille externe, l\u2019oreille moyenne et l\u2019oreille interne.<\/li><li><strong>La muqueuse olfactive<\/strong> [ <a href=\"https:\/\/entetedemo02.fr\/chec\/wp-content\/uploads\/2026\/03\/Muqueuse_olfactive.pdf\" target=\"_blank\" rel=\"noopener\">R\u00e9f\u00e9rentiel ECN<\/a> ]La muqueuse olfactive est situ\u00e9e au niveau du toit des fausses nasales, sous la lame cribl\u00e9e de l\u2019\u00e9thmo\u00efde. A la rhinoscopie, elle est visible car revet un aspect particulier : celui de la \u00ab t\u00e2che jaune \u00bb, le mucus qui la recouvre \u00e9tant riche en carot\u00e8ne. La muqueuse olfactive est le r\u00e9cepteur sensoriel de l\u2019olfaction.<\/li><\/ul><\/div><\/div><\/div><\/div>\t\t\t\t<\/div>\n\t\t\t\t<\/div>\n\t\t\t\t\t<\/div>\n\t\t\t\t<\/div>\n\t\t\t\t<\/div>\n\t\t","protected":false},"excerpt":{"rendered":"<p>01Appareils g\u00e9nitaux Structure histologique de l&#8217;appareil g\u00e9nital f\u00e9minin (trompe, ut\u00e9rus, vagin) [ R\u00e9f\u00e9rentiel ECN ] Le testicule [ R\u00e9f\u00e9rentiel ECN &#8211; R\u00e9f\u00e9rentiel 3\u00e8me Cycle ]Organe majeur de l\u2019appareil g\u00e9nital masculin, les testicules sont situ\u00e9s normalement dans les bourses, ou scrotum. Les testicules sont rev\u00eatus par une capsule conjonctive \u00e9paisse et r\u00e9sistante de couleur blanche, l\u2019albugin\u00e9e, [&hellip;]<\/p>\n","protected":false},"author":1,"featured_media":0,"parent":0,"menu_order":0,"comment_status":"closed","ping_status":"closed","template":"","meta":{"pmpro_default_level":"","footnotes":""},"class_list":["post-3187","page","type-page","status-publish","hentry","pmpro-has-access"],"_links":{"self":[{"href":"https:\/\/entetedemo02.fr\/chec\/wp-json\/wp\/v2\/pages\/3187","targetHints":{"allow":["GET"]}}],"collection":[{"href":"https:\/\/entetedemo02.fr\/chec\/wp-json\/wp\/v2\/pages"}],"about":[{"href":"https:\/\/entetedemo02.fr\/chec\/wp-json\/wp\/v2\/types\/page"}],"author":[{"embeddable":true,"href":"https:\/\/entetedemo02.fr\/chec\/wp-json\/wp\/v2\/users\/1"}],"replies":[{"embeddable":true,"href":"https:\/\/entetedemo02.fr\/chec\/wp-json\/wp\/v2\/comments?post=3187"}],"version-history":[{"count":23,"href":"https:\/\/entetedemo02.fr\/chec\/wp-json\/wp\/v2\/pages\/3187\/revisions"}],"predecessor-version":[{"id":4507,"href":"https:\/\/entetedemo02.fr\/chec\/wp-json\/wp\/v2\/pages\/3187\/revisions\/4507"}],"wp:attachment":[{"href":"https:\/\/entetedemo02.fr\/chec\/wp-json\/wp\/v2\/media?parent=3187"}],"curies":[{"name":"wp","href":"https:\/\/api.w.org\/{rel}","templated":true}]}}